{"id":1133,"date":"2020-03-02T11:18:37","date_gmt":"2020-03-02T11:18:37","guid":{"rendered":"https:\/\/doingtransitions.org\/?page_id=1133"},"modified":"2020-05-19T11:05:08","modified_gmt":"2020-05-19T11:05:08","slug":"marius-hilkert-m-a","status":"publish","type":"page","link":"https:\/\/doingtransitions.org\/en\/team\/marius-hilkert-m-a","title":{"rendered":"Marius Hilkert, M.A."},"content":{"rendered":"\n<div class=\"wp-block-columns has-2-columns is-layout-flex wp-container-core-columns-is-layout-9d6595d7 wp-block-columns-is-layout-flex\">\n<div class=\"wp-block-column is-layout-flow wp-block-column-is-layout-flow\">\n<figure class=\"wp-block-image size-large is-style-default\"><img decoding=\"async\" width=\"1024\" height=\"684\" data-src=\"https:\/\/doingtransitions.org\/wp-content\/uploads\/2020\/03\/Marius-4-1024x684.jpg\" alt=\"\" class=\"wp-image-1189 lazyload\" data-srcset=\"https:\/\/doingtransitions.org\/wp-content\/uploads\/2020\/03\/Marius-4-1024x684.jpg 1024w, https:\/\/doingtransitions.org\/wp-content\/uploads\/2020\/03\/Marius-4-300x200.jpg 300w, https:\/\/doingtransitions.org\/wp-content\/uploads\/2020\/03\/Marius-4-768x513.jpg 768w, https:\/\/doingtransitions.org\/wp-content\/uploads\/2020\/03\/Marius-4-1536x1025.jpg 1536w, https:\/\/doingtransitions.org\/wp-content\/uploads\/2020\/03\/Marius-4-2048x1367.jpg 2048w, https:\/\/doingtransitions.org\/wp-content\/uploads\/2020\/03\/Marius-4-600x400.jpg 600w\" data-sizes=\"(max-width: 1024px) 100vw, 1024px\" src=\"data:image\/svg+xml;base64,PHN2ZyB3aWR0aD0iMSIgaGVpZ2h0PSIxIiB4bWxucz0iaHR0cDovL3d3dy53My5vcmcvMjAwMC9zdmciPjwvc3ZnPg==\" style=\"--smush-placeholder-width: 1024px; --smush-placeholder-aspect-ratio: 1024\/684;\" \/><\/figure>\n<\/div>\n\n\n\n<div class=\"wp-block-column is-layout-flow wp-block-column-is-layout-flow\">\n<h2 class=\"wp-block-heading\">contact<\/h2>\n\n\n\n<p>Eberhard Karls Universit\u00e4t T\u00fcbingen<\/p>\n\n\n\n<p>Institut f\u00fcr Erziehungswissenschaft |Abteilung Sozialp\u00e4dagogik |<br>GRK Doing Transitions<\/p>\n\n\n\n<p>M\u00fcnzgasse 22<br>72070 T\u00fcbingen<\/p>\n\n\n\n<p>marius.hilkert(at)graduiertenkolleg.uni-tuebingen.de<\/p>\n<\/div>\n<\/div>\n\n\n\n<p><\/p>\n","protected":false},"excerpt":{"rendered":"<p>contact Eberhard Karls Universit\u00e4t T\u00fcbingen Institut f\u00fcr Erziehungswissenschaft |Abteilung Sozialp\u00e4dagogik |GRK Doing Transitions M\u00fcnzgasse 2272070 T\u00fcbingen marius.hilkert(at)graduiertenkolleg.uni-tuebingen.de<\/p>\n","protected":false},"author":18,"featured_media":0,"parent":503,"menu_order":0,"comment_status":"closed","ping_status":"closed","template":"","meta":{"_genesis_hide_title":false,"_genesis_hide_breadcrumbs":false,"_genesis_hide_singular_image":false,"_genesis_hide_footer_widgets":false,"_genesis_custom_body_class":"","_genesis_custom_post_class":"","_genesis_layout":"","footnotes":""},"wf_page_folders":[16],"class_list":["post-1133","page","type-page","status-publish","entry"],"featured_image_src":null,"featured_image_src_square":null,"_links":{"self":[{"href":"https:\/\/doingtransitions.org\/en\/wp-json\/wp\/v2\/pages\/1133","targetHints":{"allow":["GET"]}}],"collection":[{"href":"https:\/\/doingtransitions.org\/en\/wp-json\/wp\/v2\/pages"}],"about":[{"href":"https:\/\/doingtransitions.org\/en\/wp-json\/wp\/v2\/types\/page"}],"author":[{"embeddable":true,"href":"https:\/\/doingtransitions.org\/en\/wp-json\/wp\/v2\/users\/18"}],"replies":[{"embeddable":true,"href":"https:\/\/doingtransitions.org\/en\/wp-json\/wp\/v2\/comments?post=1133"}],"version-history":[{"count":2,"href":"https:\/\/doingtransitions.org\/en\/wp-json\/wp\/v2\/pages\/1133\/revisions"}],"predecessor-version":[{"id":1608,"href":"https:\/\/doingtransitions.org\/en\/wp-json\/wp\/v2\/pages\/1133\/revisions\/1608"}],"up":[{"embeddable":true,"href":"https:\/\/doingtransitions.org\/en\/wp-json\/wp\/v2\/pages\/503"}],"wp:attachment":[{"href":"https:\/\/doingtransitions.org\/en\/wp-json\/wp\/v2\/media?parent=1133"}],"wp:term":[{"taxonomy":"wf_page_folders","embeddable":true,"href":"https:\/\/doingtransitions.org\/en\/wp-json\/wp\/v2\/wf_page_folders?post=1133"}],"curies":[{"name":"wp","href":"https:\/\/api.w.org\/{rel}","templated":true}]}}