{"id":1138,"date":"2020-03-02T11:32:46","date_gmt":"2020-03-02T11:32:46","guid":{"rendered":"https:\/\/doingtransitions.org\/?page_id=1138"},"modified":"2021-02-09T11:12:30","modified_gmt":"2021-02-09T11:12:30","slug":"miaojun-she","status":"publish","type":"page","link":"https:\/\/doingtransitions.org\/en\/team\/miaojun-she","title":{"rendered":"Miaojun She, M.A."},"content":{"rendered":"\n<div class=\"wp-block-columns has-2-columns is-layout-flex wp-container-core-columns-is-layout-9d6595d7 wp-block-columns-is-layout-flex\">\n<div class=\"wp-block-column is-layout-flow wp-block-column-is-layout-flow\">\n<figure class=\"wp-block-image size-large is-style-default\"><img decoding=\"async\" width=\"1024\" height=\"684\" data-src=\"https:\/\/doingtransitions.org\/wp-content\/uploads\/2020\/04\/Miaojun-4-1024x684.jpg\" alt=\"\" class=\"wp-image-1338 lazyload\" data-srcset=\"https:\/\/doingtransitions.org\/wp-content\/uploads\/2020\/04\/Miaojun-4-1024x684.jpg 1024w, https:\/\/doingtransitions.org\/wp-content\/uploads\/2020\/04\/Miaojun-4-300x200.jpg 300w, https:\/\/doingtransitions.org\/wp-content\/uploads\/2020\/04\/Miaojun-4-768x513.jpg 768w, https:\/\/doingtransitions.org\/wp-content\/uploads\/2020\/04\/Miaojun-4-1536x1025.jpg 1536w, https:\/\/doingtransitions.org\/wp-content\/uploads\/2020\/04\/Miaojun-4-2048x1367.jpg 2048w, https:\/\/doingtransitions.org\/wp-content\/uploads\/2020\/04\/Miaojun-4-600x400.jpg 600w\" data-sizes=\"(max-width: 1024px) 100vw, 1024px\" src=\"data:image\/svg+xml;base64,PHN2ZyB3aWR0aD0iMSIgaGVpZ2h0PSIxIiB4bWxucz0iaHR0cDovL3d3dy53My5vcmcvMjAwMC9zdmciPjwvc3ZnPg==\" style=\"--smush-placeholder-width: 1024px; --smush-placeholder-aspect-ratio: 1024\/684;\" \/><\/figure>\n<\/div>\n\n\n\n<div class=\"wp-block-column is-layout-flow wp-block-column-is-layout-flow\">\n<h2 class=\"wp-block-heading\">contact<\/h2>\n\n\n\n<p>Eberhard Karls Universit\u00e4t T\u00fcbingen<\/p>\n\n\n\n<p>Institut f\u00fcr Erziehungswissenschaft |Abteilung Sozialp\u00e4dagogik |<br>GRK Doing Transitions<\/p>\n\n\n\n<p>M\u00fcnzgasse 30<br>72070 T\u00fcbingen<\/p>\n\n\n\n<p>miaojun.she(at)graduiertenkolleg.uni-tuebingen.de<\/p>\n<\/div>\n<\/div>\n\n\n\n<p>After obtaining my bachelor\u2019s degree in communication studies at Sun Yat-Sen University in the People&#8217;s Republic of China, I attended the University of G\u00f6ttingen to pursue a master\u2019s degree in social and cultural anthropology with a minor in East Asian Studies\/Modern China. I finished my master thesis about changes of family relations and the concept of adulthood in the transnational Nuer families.<\/p>\n\n\n\n<p>I work as a doctoral researcher in the collaborative DFG-funded Research Training Group \u201cDoing Transition.&nbsp;Formen der Gestaltung von \u00dcberg\u00e4ngen im Lebenslauf\u201d at Goethe University Frankfurt and Eberhard Karls University T\u00fcbingen since January 2020.&nbsp;The topic of my doctoral research is \u201cGrowing up in Diaspora. Adulthood and Transnational Familyhood of the African refugees in Germany\u201d. This project puts the focus on the transition to adulthood, the transnational life experience and changes of family relations among the East African refugees, which contributes to the research training program on the level of individual shaping of transitions in age and in social roles.<\/p>\n\n\n\n<h4 class=\"wp-block-heading\"><strong>Abstract of the research project&nbsp;<\/strong><\/h4>\n\n\n\n<p>With the global population of refugees reaching a record high again and again, the welfare of refugees becomes a central topic in the public discourse worldwide. In the last years, Germany has been the third largest recipient of new asylum claims and has devoted great efforts in providing supports for the refugees and asylum-seekers. While their need for material assistances is well recognized, less attention is paid on their need for mental security and progression. In face of the fact that nearly half of the refugee population are underage and many of them are separated from their parents or other elder relatives, the welfare of young refugees in the aspect of psychological health and transition into adulthood should gain more recognition and assistance. This research is an effort to understand the dynamics between individual biographical coherence, generational relations and forced migration experiences among the young African refugees in Germany, and thus to advance insights into the research fields of life course studies and refugee studies and to provide practical suggestions about refugee welfare in Germany.<\/p>\n\n\n\n<h4 class=\"wp-block-heading\"><strong>Publication<\/strong><\/h4>\n\n\n\n<p>She, Miaojun. &#8220;Constructing an Ethnicity: Miao in the Chinese Narratives during the Qing Era&#8221;, in: <em>The Irish Journal of Asian Studies. Volume 6: Chinese Borders: Transcultural and Historical Perspectives<\/em>. 2020 (6): 38-54.<\/p>\n","protected":false},"excerpt":{"rendered":"<p>contact Eberhard Karls Universit\u00e4t T\u00fcbingen Institut f\u00fcr Erziehungswissenschaft |Abteilung Sozialp\u00e4dagogik |GRK Doing Transitions M\u00fcnzgasse 3072070 T\u00fcbingen miaojun.she(at)graduiertenkolleg.uni-tuebingen.de After obtaining my bachelor\u2019s degree in communication studies at Sun Yat-Sen University in [&hellip;]<\/p>\n","protected":false},"author":19,"featured_media":0,"parent":503,"menu_order":0,"comment_status":"closed","ping_status":"closed","template":"","meta":{"_genesis_hide_title":false,"_genesis_hide_breadcrumbs":false,"_genesis_hide_singular_image":false,"_genesis_hide_footer_widgets":false,"_genesis_custom_body_class":"","_genesis_custom_post_class":"","_genesis_layout":"","footnotes":""},"wf_page_folders":[16],"class_list":["post-1138","page","type-page","status-publish","entry"],"featured_image_src":null,"featured_image_src_square":null,"_links":{"self":[{"href":"https:\/\/doingtransitions.org\/en\/wp-json\/wp\/v2\/pages\/1138","targetHints":{"allow":["GET"]}}],"collection":[{"href":"https:\/\/doingtransitions.org\/en\/wp-json\/wp\/v2\/pages"}],"about":[{"href":"https:\/\/doingtransitions.org\/en\/wp-json\/wp\/v2\/types\/page"}],"author":[{"embeddable":true,"href":"https:\/\/doingtransitions.org\/en\/wp-json\/wp\/v2\/users\/19"}],"replies":[{"embeddable":true,"href":"https:\/\/doingtransitions.org\/en\/wp-json\/wp\/v2\/comments?post=1138"}],"version-history":[{"count":8,"href":"https:\/\/doingtransitions.org\/en\/wp-json\/wp\/v2\/pages\/1138\/revisions"}],"predecessor-version":[{"id":1938,"href":"https:\/\/doingtransitions.org\/en\/wp-json\/wp\/v2\/pages\/1138\/revisions\/1938"}],"up":[{"embeddable":true,"href":"https:\/\/doingtransitions.org\/en\/wp-json\/wp\/v2\/pages\/503"}],"wp:attachment":[{"href":"https:\/\/doingtransitions.org\/en\/wp-json\/wp\/v2\/media?parent=1138"}],"wp:term":[{"taxonomy":"wf_page_folders","embeddable":true,"href":"https:\/\/doingtransitions.org\/en\/wp-json\/wp\/v2\/wf_page_folders?post=1138"}],"curies":[{"name":"wp","href":"https:\/\/api.w.org\/{rel}","templated":true}]}}