{"id":1147,"date":"2020-03-02T13:22:56","date_gmt":"2020-03-02T13:22:56","guid":{"rendered":"https:\/\/doingtransitions.org\/?page_id=1147"},"modified":"2024-11-11T09:51:32","modified_gmt":"2024-11-11T09:51:32","slug":"khira-sippli","status":"publish","type":"page","link":"https:\/\/doingtransitions.org\/en\/team\/khira-sippli","title":{"rendered":"Khira Sippli, M.A."},"content":{"rendered":"\n<div class=\"wp-block-columns has-2-columns is-layout-flex wp-container-core-columns-is-layout-9d6595d7 wp-block-columns-is-layout-flex\">\n<div class=\"wp-block-column is-layout-flow wp-block-column-is-layout-flow\">\n<figure class=\"wp-block-image size-large is-style-default\"><img decoding=\"async\" width=\"1024\" height=\"684\" data-src=\"https:\/\/doingtransitions.org\/wp-content\/uploads\/2020\/05\/Khira-Sippli-1024x684.jpg\" alt=\"\" class=\"wp-image-1628 lazyload\" data-srcset=\"https:\/\/doingtransitions.org\/wp-content\/uploads\/2020\/05\/Khira-Sippli-1024x684.jpg 1024w, https:\/\/doingtransitions.org\/wp-content\/uploads\/2020\/05\/Khira-Sippli-300x200.jpg 300w, https:\/\/doingtransitions.org\/wp-content\/uploads\/2020\/05\/Khira-Sippli-768x513.jpg 768w, https:\/\/doingtransitions.org\/wp-content\/uploads\/2020\/05\/Khira-Sippli-1536x1025.jpg 1536w, https:\/\/doingtransitions.org\/wp-content\/uploads\/2020\/05\/Khira-Sippli-2048x1367.jpg 2048w, https:\/\/doingtransitions.org\/wp-content\/uploads\/2020\/05\/Khira-Sippli-600x400.jpg 600w\" data-sizes=\"(max-width: 1024px) 100vw, 1024px\" src=\"data:image\/svg+xml;base64,PHN2ZyB3aWR0aD0iMSIgaGVpZ2h0PSIxIiB4bWxucz0iaHR0cDovL3d3dy53My5vcmcvMjAwMC9zdmciPjwvc3ZnPg==\" style=\"--smush-placeholder-width: 1024px; --smush-placeholder-aspect-ratio: 1024\/684;\" \/><\/figure>\n<\/div>\n\n\n\n<div class=\"wp-block-column is-layout-flow wp-block-column-is-layout-flow\">\n<h2 class=\"wp-block-heading\">contact<\/h2>\n\n\n\n<p>Eberhard Karls Universit\u00e4t T\u00fcbingen<\/p>\n\n\n\n<p>Institut f\u00fcr Erziehungswissenschaft |Abteilung Sozialp\u00e4dagogik |<br>GRK Doing Transitions<\/p>\n\n\n\n<p>M\u00fcnzgasse 22<br>72070 T\u00fcbingen<\/p>\n\n\n\n<p>0049 7071\/98 96 34<br>khira.sippli(at)uni-tuebingen.de<\/p>\n<\/div>\n<\/div>\n\n\n\n<h2 class=\"wp-block-heading\">Curriculum Vitae<\/h2>\n\n\n\n<p><strong>Khira Sippli (M.A.)<\/strong>\u00a0studied Political Science and Sociology at the Eberhard-Karls University of T\u00fcbingen and the Universit\u00e9 de Lausanne.<\/p>\n\n\n\n<p>From 2016 to 2022, she was a research associate at the Institute for Applied Economic Research (IAW) in T\u00fcbingen, working on various research projects and program evaluations in the fields of Social Code II (SGB II) and health promotion.<\/p>\n\n\n\n<p>Since January 2023, she has been a research associate at the Center for Evidence-Based Healthcare (ZEGV) at the Faculty of Medicine, TU Dresden. She \u00a0works on the G-BA Innovation Fund project &#8220;ImplementDiGA,&#8221; focusing on the implementation of digital health applications in the German healthcare system.<\/p>\n\n\n\n<h2 class=\"wp-block-heading\">Research Interests<\/h2>\n\n\n\n<p>Qualitative Methods; Evaluation; Sociology of Professions; Health Services Research, particularly Interprofessional Collaboration in Healthcare and Digital Health.<\/p>\n\n\n\n<p><strong>Doctoral Project: &#8220;Transitions of Physicians into Retirement&#8221;<\/strong><\/p>\n\n\n\n<p>The doctoral project examines how physicians in Germany decide, plan, and manage their transition into retirement, with a focus on individual experiences. To investigate this research question, individual interviews are conducted with physicians from various specialties who have either retired or plan to retire by 2024.<\/p>\n\n\n\n<h2 class=\"wp-block-heading\">Presentations<\/h2>\n\n\n\n<ul class=\"wp-block-list\">\n<li>09\/2024: &#8220;How robust is the evidence for positive healthcare effects of DiGA? Results of a systematic review of DiGA approval studies,&#8221; presentation at the German Congress on Health Services Research (DKVF), Potsdam.<\/li>\n\n\n\n<li>04\/2023: &#8220;Temporalities in physicians&#8217; retirement transitions in Germany,&#8221; presentation at the conference &#8220;Relational Perspectives on the Life Course,&#8221; Frankfurt a. M.<\/li>\n\n\n\n<li>09\/2022: Poster presentation of the doctoral project at the German Congress on Health Services Research (DKVF), Potsdam.<\/li>\n\n\n\n<li>06\/2021: Presentation of the doctoral project at the junior workshop of the Sociology of Professions section, 11.06.2021, online.<\/li>\n\n\n\n<li>09\/2020: &#8220;See you not so soon? Discrimination in German Job Centers,&#8221; presentation at the annual conference of the German Economic Association (VfS), online.<\/li>\n\n\n\n<li>02\/2020: Poster presentation of the doctoral project at the international conference &#8220;Transitions in the Life Course \u2013 Discourses, Practices, Institutions, Subjects,&#8221; T\u00fcbingen.<\/li>\n<\/ul>\n\n\n\n<p><strong>Selected Publications<\/strong><\/p>\n\n\n\n<ul class=\"wp-block-list\">\n<li>Sippli, Khira\/Schmalzried, Pia\/Rieger, Monika A.\/V\u00f6lter-Mahlknecht, Susanne (2021): Challenges arising for older workers from participating in a workplace intervention addressing work ability: a qualitative study from Germany. International Archives of Occupational and Environmental Health, January 2021. DOI: 10.1007\/s00420-020-01639-x&nbsp;<a><\/a>.<\/li>\n<\/ul>\n\n\n\n<ul class=\"wp-block-list\">\n<li>Sippli, Khira\/Rieger, Monika A.\/H\u00fcttig, Fabian (2017): GPs\u2019 and Dentists\u2019 Experiences and Expectations of Interprofessional Collaboration: Findings from a Qualitative Study in Germany.&nbsp;In: BMC Health Services Research 17:179, 2017, DOI: 10.1186\/s12913-017-2116-4&nbsp;<a><\/a><\/li>\n<\/ul>\n\n\n\n<ul class=\"wp-block-list\">\n<li>H\u00fcttig, Fabian\/Said, Fadi\/Sippli, Khira\/Preiser, Christine\/Rieger, Monika A. (2016): What do general practitioners and dentists report about their collaboration? Results from a qualitative exploration. In: Das Gesundheitswesen 6\/2016. eFirst: DOI: 10.1055\/s-0042-108645&nbsp;<a><\/a>.<\/li>\n<\/ul>\n\n\n\n<ul class=\"wp-block-list\">\n<li>H\u00fcttig, Fabian\/Said, Fadi\/Sippli, Khira (2016): The elderly patient and the cooperation of general practitioners and dentists.&nbsp;In: SZM \u2013 Journal for Geriatric Dentistry 2016, 4(1), pp. 17\u201322.<\/li>\n\n\n\n<li><\/li>\n<\/ul>\n\n\n\n<h2 class=\"wp-block-heading\">Memberships<\/h2>\n\n\n\n<ul class=\"wp-block-list\">\n<li>Sociology of Professions Section, German Sociological Association (DGS)<\/li>\n<\/ul>\n\n\n\n<p><\/p>\n","protected":false},"excerpt":{"rendered":"<p>contact Eberhard Karls Universit\u00e4t T\u00fcbingen Institut f\u00fcr Erziehungswissenschaft |Abteilung Sozialp\u00e4dagogik |GRK Doing Transitions M\u00fcnzgasse 2272070 T\u00fcbingen 0049 7071\/98 96 34khira.sippli(at)uni-tuebingen.de Curriculum Vitae Khira Sippli (M.A.)\u00a0studied Political Science and Sociology at [&hellip;]<\/p>\n","protected":false},"author":24,"featured_media":0,"parent":503,"menu_order":0,"comment_status":"closed","ping_status":"closed","template":"","meta":{"_genesis_hide_title":false,"_genesis_hide_breadcrumbs":false,"_genesis_hide_singular_image":false,"_genesis_hide_footer_widgets":false,"_genesis_custom_body_class":"","_genesis_custom_post_class":"","_genesis_layout":"","footnotes":""},"wf_page_folders":[17],"class_list":["post-1147","page","type-page","status-publish","entry"],"featured_image_src":null,"featured_image_src_square":null,"_links":{"self":[{"href":"https:\/\/doingtransitions.org\/en\/wp-json\/wp\/v2\/pages\/1147","targetHints":{"allow":["GET"]}}],"collection":[{"href":"https:\/\/doingtransitions.org\/en\/wp-json\/wp\/v2\/pages"}],"about":[{"href":"https:\/\/doingtransitions.org\/en\/wp-json\/wp\/v2\/types\/page"}],"author":[{"embeddable":true,"href":"https:\/\/doingtransitions.org\/en\/wp-json\/wp\/v2\/users\/24"}],"replies":[{"embeddable":true,"href":"https:\/\/doingtransitions.org\/en\/wp-json\/wp\/v2\/comments?post=1147"}],"version-history":[{"count":8,"href":"https:\/\/doingtransitions.org\/en\/wp-json\/wp\/v2\/pages\/1147\/revisions"}],"predecessor-version":[{"id":5840,"href":"https:\/\/doingtransitions.org\/en\/wp-json\/wp\/v2\/pages\/1147\/revisions\/5840"}],"up":[{"embeddable":true,"href":"https:\/\/doingtransitions.org\/en\/wp-json\/wp\/v2\/pages\/503"}],"wp:attachment":[{"href":"https:\/\/doingtransitions.org\/en\/wp-json\/wp\/v2\/media?parent=1147"}],"wp:term":[{"taxonomy":"wf_page_folders","embeddable":true,"href":"https:\/\/doingtransitions.org\/en\/wp-json\/wp\/v2\/wf_page_folders?post=1147"}],"curies":[{"name":"wp","href":"https:\/\/api.w.org\/{rel}","templated":true}]}}