{"id":1154,"date":"2020-03-02T13:42:29","date_gmt":"2020-03-02T13:42:29","guid":{"rendered":"https:\/\/doingtransitions.org\/?page_id=1154"},"modified":"2024-11-04T09:45:11","modified_gmt":"2024-11-04T09:45:11","slug":"helena-muller-m-sc","status":"publish","type":"page","link":"https:\/\/doingtransitions.org\/en\/team\/helena-muller-m-sc","title":{"rendered":"Dr. Helena M\u00fcller"},"content":{"rendered":"\n<div class=\"wp-block-columns has-2-columns is-layout-flex wp-container-core-columns-is-layout-9d6595d7 wp-block-columns-is-layout-flex\">\n<div class=\"wp-block-column is-layout-flow wp-block-column-is-layout-flow\">\n<figure class=\"wp-block-image size-large is-style-default\"><img decoding=\"async\" width=\"1024\" height=\"682\" data-src=\"https:\/\/doingtransitions.org\/wp-content\/uploads\/2020\/07\/Helena-M\u00fcller-1024x682.jpg\" alt=\"\" class=\"wp-image-1711 lazyload\" data-srcset=\"https:\/\/doingtransitions.org\/wp-content\/uploads\/2020\/07\/Helena-M\u00fcller-1024x682.jpg 1024w, https:\/\/doingtransitions.org\/wp-content\/uploads\/2020\/07\/Helena-M\u00fcller-300x200.jpg 300w, https:\/\/doingtransitions.org\/wp-content\/uploads\/2020\/07\/Helena-M\u00fcller-768x511.jpg 768w, https:\/\/doingtransitions.org\/wp-content\/uploads\/2020\/07\/Helena-M\u00fcller-1536x1022.jpg 1536w, https:\/\/doingtransitions.org\/wp-content\/uploads\/2020\/07\/Helena-M\u00fcller-2048x1363.jpg 2048w, https:\/\/doingtransitions.org\/wp-content\/uploads\/2020\/07\/Helena-M\u00fcller-600x400.jpg 600w\" data-sizes=\"(max-width: 1024px) 100vw, 1024px\" src=\"data:image\/svg+xml;base64,PHN2ZyB3aWR0aD0iMSIgaGVpZ2h0PSIxIiB4bWxucz0iaHR0cDovL3d3dy53My5vcmcvMjAwMC9zdmciPjwvc3ZnPg==\" style=\"--smush-placeholder-width: 1024px; --smush-placeholder-aspect-ratio: 1024\/682;\" \/><\/figure>\n<\/div>\n\n\n\n<div class=\"wp-block-column is-layout-flow wp-block-column-is-layout-flow\">\n<h2 class=\"wp-block-heading\">contact<\/h2>\n\n\n\n<p>Goethe-University Frankfurt<br>GRK Doing Transitions<\/p>\n\n\n\n<p>address:<br>IKB-building, 4<sup>th<\/sup> floor<br>Eschersheimer Landstra\u00dfe 121<br>60322 Frankfurt am Main<\/p>\n\n\n\n<p>postal address:<br>Theodor-W.-Adorno-Platz 1<br>IKB-Geb\u00e4ude, Postfach 3<br>60323 Frankfurt am Main<\/p>\n\n\n\n<p>he.mueller(at)em.uni-frankfurt.de<\/p>\n\n\n\n<p><a href=\"https:\/\/www.researchgate.net\/profile\/Helena-Mueller-8\">https:\/\/www.researchgate.net\/profile\/Helena-Mueller-8<\/a><\/p>\n<\/div>\n<\/div>\n\n\n\n<p>Helena M\u00fcller studied psychology at Heidelberg University and completed her studies with a master\u2019s degree focusing on developmental and clinical psychology. After her studies, she worked as an architectural psychologist at bb22, architects + urban planners, in Frankfurt. In her PhD project, she focuses on transitions of elderly people to multigenerational cohousing. She is intrigued with the transaction between people and their environments as well as its meaning for the individual experiencing and behavior. This approach contributes to the research training program on the level of individual shaping of transitions in housing.<\/p>\n\n\n\n<h4 class=\"wp-block-heading\"><strong>Publications<\/strong><\/h4>\n\n\n\n<p>M\u00fcller, H.\u00a0(in print). Umzug in ein gemeinschaftliches Wohnprojekt \u2013 Person-Umwelt-Beziehungen im \u00dcbergang. In S. Andresen, F. Oswald, &amp; B. Schmidt-Hertha (Hrsg.),\u00a0<em>\u00dcberg\u00e4nge in der Lebensspanne \u2013 Empirische und theoretische Perspektiven auf die Gestaltung in und zwischen den Lebensphasen<\/em>. Opladen: Barbara Budrich.<\/p>\n\n\n\n<p>Freutel-Funke, T. &amp;\u00a0M\u00fcller, H.\u00a0(2022).\u00a0How spatial sensitivity enriches understanding transitions in childhood and later life. In A. Walther, B. Stauber, &amp; R.\u00a0Settersten (Hrsg.),\u00a0<em>Doing transitions \u2013 On the emergence of transitions in the life course\u00a0<\/em>(pp.219-232).\u00a0Cham: Springer Nature.\u00a0<\/p>\n\n\n\n<p>Freutel-Funke, T.,\u00a0M\u00fcller, H., N\u00e4gler, D., Wanka, A. &amp; Oswald, F. (2022). Linking Ages \u2013 Reflexive \u00dcbergangsforschung in Kindheit und h\u00f6herem Erwachsenenalter durch Interpretationen unter anderen Vorzeichen.\u00a0<em>Zeitschrift f\u00fcr P\u00e4dagogik<\/em>,<em>\u00a068<\/em>, 98-114. DOI: 10.3262\/ZPB2201098<\/p>\n\n\n\n<p>M\u00fcller, H. (2021).\u00a0<em>Umz\u00fcge \u00e4lterer Menschen in gemeinschaftliche Mehrgenerationen-Wohnprojekte<\/em>\u00a0[Relocations of elderly people into multigenerational cohousing].\u00a0Opladen: Barbara Budrich.<\/p>\n\n\n\n<p>M\u00fcller, H.\/Oswald, F. (2020). An Intergenerational Approach to Perceived Housing,&nbsp;<em>Journal of Aging and Environment<\/em>,&nbsp;<em>34<\/em>(3), 270\u2013290.<\/p>\n\n\n\n<p>M\u00fcller, H.\/Wanka, A.\/Oswald, F. (2018). Wohnen und Wohnver\u00e4nderungen im Lebenslauf.&nbsp;[Housing and changes in housing across the lifespan.].&nbsp;In F. Kolland, R. Rohner, S. Hopf, &amp; V. Gallistl (Eds.),&nbsp;<em>Wohnmonitor Altern 2018<\/em>&nbsp;[Home monitor ageing]. Innsbruck, Wien, Bozen, Austria: Studien Verlag, 51\u201362.<\/p>\n\n\n\n<h4 class=\"wp-block-heading\"><strong>Presentations<\/strong><\/h4>\n\n\n\n<p>M\u00fcller, H. (2020).&nbsp;<em>\u2018Then we\u2019ll take it along even though we wouldn&#8217;t take it along\u2019&nbsp;<\/em>\u2013<em>&nbsp;On the role of spaces and things in transitions into multigenerational cohousing\u2019<\/em>&nbsp;\u2013 presentation at the international conference \u201aDoing Transitions in the Life Course. Discourses, Practices, Institutions, Subjects\u2018: 17<sup>&nbsp;th<\/sup>\u201319<sup>&nbsp;th<\/sup>&nbsp;February 2020, T\u00fcbingen.<\/p>\n\n\n\n<p>M\u00fcller, H. (2019).&nbsp;<em>\u2018Then we\u2019ll take it along even though we wouldn\u2019t take it along\u2019&nbsp;<\/em>\u2013<em>&nbsp;On the role of spaces and things in transitions into multigenerational cohousing\u2019<\/em>&nbsp;\u2013 presentation at the International Association of Gerontology and Geriatrics European Region (IAGG-ER) Congress: 23<sup>&nbsp;th<\/sup>\u201325<sup>&nbsp;th<\/sup>&nbsp;May 2019, Gothenburg (Sweden).<\/p>\n\n\n\n<p>M\u00fcller, H. (2019).&nbsp;<em>UMGEWOHNT&nbsp;<\/em>\u2013<em>&nbsp;Umz\u00fcge in gemeinschaftliche Mehrgenerationen-Wohnprojekte<\/em>&nbsp;[Relocations to multigenerational cohousing] \u2013 discussion of the PhD project with Prof. Dr. Frank Schulz-Nieswandt in the context of the workshop on theories of the research training group \u2018Doing Transitions\u2019: 15<sup>&nbsp;th<\/sup>\u201317<sup>&nbsp;th<\/sup>&nbsp;May 2019, Goethe-University Frankfurt\/Main.<\/p>\n\n\n\n<p>M\u00fcller, H. (2018).&nbsp;<em>Transitions to multigenerational cohousing<\/em>&nbsp;\u2013 presentation at the self-organized workshop \u201aLinking Ages\u2018 for Early Career Researchers: 23<sup>&nbsp;th<\/sup>&nbsp;&amp; 24<sup>&nbsp;th<\/sup>&nbsp;October 2018, Goethe-University Frankfurt\/Main.&nbsp;<\/p>\n\n\n\n<p>M\u00fcller, H. (2018).&nbsp;<em>Ziemlich UMGEWOHNT \u2013 Umz\u00fcge in gemeinschaftliche Mehrgenerationen-Wohnprojekte<\/em>[Relocations to multigenerational cohousing] \u2013 Poster&nbsp;presentation&nbsp;at the German Psychological Society Congress: 15<sup>&nbsp;th<\/sup>\u201320<sup>&nbsp;th<\/sup>&nbsp;September 2018, Goethe-University Frankfurt\/Main.<\/p>\n\n\n\n<p>M\u00fcller, H. (2018).&nbsp;<em>\u201aDann nehmen wir es trotzdem mit, obwohl wir es nicht mitnehmen w\u00fcrden\u2018 \u2013 Zur Rolle von R\u00e4umen und Dingen beim \u00dcbergang in ein gemeinschaftliches Mehrgenerationenwohnprojekt<\/em>\u201c [\u2018Then we&#8217;ll take it along, even though we wouldn\u2019t take it along\u2019&nbsp;\u2013&nbsp;On the role of spaces and things in the transition to multigenerational cohousing] \u2013 presentation at the Gerontology and Geriatrics Congress: 6<sup>th<\/sup>\u20138<sup>th<\/sup>&nbsp;September 2018, K\u00f6ln University.<\/p>\n\n\n\n<p>M\u00fcller, H. (2018).&nbsp;<em>Doing Transitions. Eine sozialkonstruktivistische Betrachtung von Entscheidungen an \u00dcberg\u00e4ngen im Lebenslauf<\/em>&nbsp;[Doing Transitions.&nbsp;A social constructivist view on decisions at transitions in the life course] \u2013 presentation at the workshop \u201aLebensentscheidungen\u2018 [Decisions in life]: 2<sup>th<\/sup>&nbsp;&amp; 3<sup>th<\/sup>&nbsp;March 2018, M\u00fcnster University (together with Noreen Eberle and Dr. Anna Wanka).<\/p>\n\n\n\n<h4 class=\"wp-block-heading\"><strong>Teaching<\/strong><\/h4>\n\n\n\n<p>Contribution \u201eWohnen im Lebensverlauf\u201c [\u2018Housing in the life course\u2019] in the seminar \u201eLebenslauf, Generation, Biographie oder Entwicklung? Theoretische Perspektiven auf den Lebensverlauf\u201c [\u2018Life course, generation, biography or development?&nbsp;Theoretical perspectives on the life course\u2019] (Dr.<sup>&nbsp;<\/sup>Anna Wanka, summer term 2018).<\/p>\n\n\n\n<p>Contribution \u201e\u00dcberg\u00e4nge in ein gemeinschaftliches Wohnprojekt\u201c [\u2018Transitions to cohousing\u2018] in the seminar \u201eZu \u00dcberg\u00e4ngen forschen \u2013 Perspektiven und Methoden zur Erforschung von \u00dcberg\u00e4ngen im Lebenslauf\u201c [\u2018Researching transitions \u2013 Perspectived and methods for researching transitions in the life course\u2019] (Dr.<sup>&nbsp;<\/sup>Anna Wanka, winter term 2018\/19).<\/p>\n\n\n\n<h4 class=\"wp-block-heading\"><strong>Memberships<\/strong><\/h4>\n\n\n\n<ul class=\"wp-block-list\">\n<li>Frankfurter Forum f\u00fcr Interdisziplin\u00e4re Alternswissenschaften (FFIA)<\/li>\n\n\n\n<li>Deutsche Gesellschaft f\u00fcr Gerontologie und Geriatrie (DGGG)<\/li>\n<\/ul>\n","protected":false},"excerpt":{"rendered":"<p>contact Goethe-University FrankfurtGRK Doing Transitions address:IKB-building, 4th floorEschersheimer Landstra\u00dfe 12160322 Frankfurt am Main postal address:Theodor-W.-Adorno-Platz 1IKB-Geb\u00e4ude, Postfach 360323 Frankfurt am Main he.mueller(at)em.uni-frankfurt.de https:\/\/www.researchgate.net\/profile\/Helena-Mueller-8 Helena M\u00fcller studied psychology at Heidelberg University [&hellip;]<\/p>\n","protected":false},"author":4,"featured_media":0,"parent":503,"menu_order":0,"comment_status":"closed","ping_status":"closed","template":"","meta":{"_genesis_hide_title":false,"_genesis_hide_breadcrumbs":false,"_genesis_hide_singular_image":false,"_genesis_hide_footer_widgets":false,"_genesis_custom_body_class":"","_genesis_custom_post_class":"","_genesis_layout":"","footnotes":""},"wf_page_folders":[21],"class_list":["post-1154","page","type-page","status-publish","entry"],"featured_image_src":null,"featured_image_src_square":null,"_links":{"self":[{"href":"https:\/\/doingtransitions.org\/en\/wp-json\/wp\/v2\/pages\/1154","targetHints":{"allow":["GET"]}}],"collection":[{"href":"https:\/\/doingtransitions.org\/en\/wp-json\/wp\/v2\/pages"}],"about":[{"href":"https:\/\/doingtransitions.org\/en\/wp-json\/wp\/v2\/types\/page"}],"author":[{"embeddable":true,"href":"https:\/\/doingtransitions.org\/en\/wp-json\/wp\/v2\/users\/4"}],"replies":[{"embeddable":true,"href":"https:\/\/doingtransitions.org\/en\/wp-json\/wp\/v2\/comments?post=1154"}],"version-history":[{"count":5,"href":"https:\/\/doingtransitions.org\/en\/wp-json\/wp\/v2\/pages\/1154\/revisions"}],"predecessor-version":[{"id":5750,"href":"https:\/\/doingtransitions.org\/en\/wp-json\/wp\/v2\/pages\/1154\/revisions\/5750"}],"up":[{"embeddable":true,"href":"https:\/\/doingtransitions.org\/en\/wp-json\/wp\/v2\/pages\/503"}],"wp:attachment":[{"href":"https:\/\/doingtransitions.org\/en\/wp-json\/wp\/v2\/media?parent=1154"}],"wp:term":[{"taxonomy":"wf_page_folders","embeddable":true,"href":"https:\/\/doingtransitions.org\/en\/wp-json\/wp\/v2\/wf_page_folders?post=1154"}],"curies":[{"name":"wp","href":"https:\/\/api.w.org\/{rel}","templated":true}]}}