{"id":1156,"date":"2020-03-02T13:44:57","date_gmt":"2020-03-02T13:44:57","guid":{"rendered":"https:\/\/doingtransitions.org\/?page_id=1156"},"modified":"2024-09-11T09:49:59","modified_gmt":"2024-09-11T09:49:59","slug":"deborah-nagler-m-a","status":"publish","type":"page","link":"https:\/\/doingtransitions.org\/en\/team\/deborah-nagler-m-a","title":{"rendered":"Dr.in Deborah N\u00e4gler"},"content":{"rendered":"\n<div class=\"wp-block-columns has-2-columns is-layout-flex wp-container-core-columns-is-layout-9d6595d7 wp-block-columns-is-layout-flex\">\n<div class=\"wp-block-column is-layout-flow wp-block-column-is-layout-flow\">\n<figure class=\"wp-block-image size-large is-style-default\"><img decoding=\"async\" width=\"900\" height=\"589\" data-src=\"https:\/\/doingtransitions.org\/wp-content\/uploads\/2019\/10\/Deborah-900x589.jpg\" alt=\"\" class=\"wp-image-344 lazyload\" data-srcset=\"https:\/\/doingtransitions.org\/wp-content\/uploads\/2019\/10\/Deborah-900x589.jpg 900w, https:\/\/doingtransitions.org\/wp-content\/uploads\/2019\/10\/Deborah-900x589-300x196.jpg 300w, https:\/\/doingtransitions.org\/wp-content\/uploads\/2019\/10\/Deborah-900x589-768x503.jpg 768w\" data-sizes=\"(max-width: 900px) 100vw, 900px\" src=\"data:image\/svg+xml;base64,PHN2ZyB3aWR0aD0iMSIgaGVpZ2h0PSIxIiB4bWxucz0iaHR0cDovL3d3dy53My5vcmcvMjAwMC9zdmciPjwvc3ZnPg==\" style=\"--smush-placeholder-width: 900px; --smush-placeholder-aspect-ratio: 900\/589;\" \/><\/figure>\n<\/div>\n\n\n\n<div class=\"wp-block-column is-layout-flow wp-block-column-is-layout-flow\">\n<h2 class=\"wp-block-heading\">contact<\/h2>\n\n\n\n<p>Eberhard Karls Universit\u00e4t T\u00fcbingen<\/p>\n\n\n\n<p>Institut f\u00fcr Erziehungswissenschaft |Abteilung Sozialp\u00e4dagogik |<br>GRK Doing Transitions<\/p>\n\n\n\n<p>M\u00fcnzgasse 22<br>72070 T\u00fcbingen<\/p>\n\n\n\n<p>+49 (0)7071 29-76732<br>deborah.naegler(at)graduiertenkolleg.uni-tuebingen.de<\/p>\n<\/div>\n<\/div>\n\n\n\n<p><\/p>\n","protected":false},"excerpt":{"rendered":"<p>contact Eberhard Karls Universit\u00e4t T\u00fcbingen Institut f\u00fcr Erziehungswissenschaft |Abteilung Sozialp\u00e4dagogik |GRK Doing Transitions M\u00fcnzgasse 2272070 T\u00fcbingen +49 (0)7071 29-76732deborah.naegler(at)graduiertenkolleg.uni-tuebingen.de<\/p>\n","protected":false},"author":4,"featured_media":0,"parent":503,"menu_order":0,"comment_status":"closed","ping_status":"closed","template":"","meta":{"_genesis_hide_title":false,"_genesis_hide_breadcrumbs":false,"_genesis_hide_singular_image":false,"_genesis_hide_footer_widgets":false,"_genesis_custom_body_class":"","_genesis_custom_post_class":"","_genesis_layout":"","footnotes":""},"wf_page_folders":[21],"class_list":["post-1156","page","type-page","status-publish","entry"],"featured_image_src":null,"featured_image_src_square":null,"_links":{"self":[{"href":"https:\/\/doingtransitions.org\/en\/wp-json\/wp\/v2\/pages\/1156","targetHints":{"allow":["GET"]}}],"collection":[{"href":"https:\/\/doingtransitions.org\/en\/wp-json\/wp\/v2\/pages"}],"about":[{"href":"https:\/\/doingtransitions.org\/en\/wp-json\/wp\/v2\/types\/page"}],"author":[{"embeddable":true,"href":"https:\/\/doingtransitions.org\/en\/wp-json\/wp\/v2\/users\/4"}],"replies":[{"embeddable":true,"href":"https:\/\/doingtransitions.org\/en\/wp-json\/wp\/v2\/comments?post=1156"}],"version-history":[{"count":3,"href":"https:\/\/doingtransitions.org\/en\/wp-json\/wp\/v2\/pages\/1156\/revisions"}],"predecessor-version":[{"id":5383,"href":"https:\/\/doingtransitions.org\/en\/wp-json\/wp\/v2\/pages\/1156\/revisions\/5383"}],"up":[{"embeddable":true,"href":"https:\/\/doingtransitions.org\/en\/wp-json\/wp\/v2\/pages\/503"}],"wp:attachment":[{"href":"https:\/\/doingtransitions.org\/en\/wp-json\/wp\/v2\/media?parent=1156"}],"wp:term":[{"taxonomy":"wf_page_folders","embeddable":true,"href":"https:\/\/doingtransitions.org\/en\/wp-json\/wp\/v2\/wf_page_folders?post=1156"}],"curies":[{"name":"wp","href":"https:\/\/api.w.org\/{rel}","templated":true}]}}