{"id":1828,"date":"2020-11-11T08:08:20","date_gmt":"2020-11-11T08:08:20","guid":{"rendered":"https:\/\/doingtransitions.org\/?page_id=1828"},"modified":"2024-09-11T10:11:46","modified_gmt":"2024-09-11T10:11:46","slug":"michael-bernhard-m-a","status":"publish","type":"page","link":"https:\/\/doingtransitions.org\/en\/team\/michael-bernhard-m-a","title":{"rendered":"Dr. Michael Bernhard"},"content":{"rendered":"\n<div class=\"wp-block-columns has-2-columns is-layout-flex wp-container-core-columns-is-layout-9d6595d7 wp-block-columns-is-layout-flex\">\n<div class=\"wp-block-column is-layout-flow wp-block-column-is-layout-flow\">\n<figure class=\"wp-block-image size-large is-style-default\"><img decoding=\"async\" width=\"558\" height=\"571\" data-src=\"https:\/\/doingtransitions.org\/wp-content\/uploads\/2021\/01\/Michael-Bernhard-GraKo-1-1.jpg\" alt=\"\" class=\"wp-image-1933 lazyload\" data-srcset=\"https:\/\/doingtransitions.org\/wp-content\/uploads\/2021\/01\/Michael-Bernhard-GraKo-1-1.jpg 558w, https:\/\/doingtransitions.org\/wp-content\/uploads\/2021\/01\/Michael-Bernhard-GraKo-1-1-293x300.jpg 293w\" data-sizes=\"(max-width: 558px) 100vw, 558px\" src=\"data:image\/svg+xml;base64,PHN2ZyB3aWR0aD0iMSIgaGVpZ2h0PSIxIiB4bWxucz0iaHR0cDovL3d3dy53My5vcmcvMjAwMC9zdmciPjwvc3ZnPg==\" style=\"--smush-placeholder-width: 558px; --smush-placeholder-aspect-ratio: 558\/571;\" \/><\/figure>\n<\/div>\n\n\n\n<div class=\"wp-block-column is-layout-flow wp-block-column-is-layout-flow\">\n<h2 class=\"wp-block-heading\">contact<\/h2>\n\n\n\n<p>Goethe University Frankfurt<br>GRK Doing Transitions<\/p>\n\n\n\n<p>address:<br>Institute for Social Pedagogy and Adult Education\n<br>Department of Adult and Further Education\n<br>Campus Westend, PEG 4.G171\n<br>Theodor-W.-Adorno-Platz 6\n<br>60323 Frankfurt am Main<\/p>\n\n\n\n<p>m.bernhard(at)em.uni-frankfurt.de<\/p>\n\n\n\n<p><a href=\"https:\/\/www.uni-frankfurt.de\/55829570\/Michael_Bernhard\">Homepage of Michael Bernhard at Goethe University.<\/a><\/p>\n<\/div>\n<\/div>\n\n\n\n<p>Michael Bernhard studied Education, Psychology and Philosophy at Hagen University until 2011. In his Master thesis \u201cBridge Training Programs as a means to occupational integration of immigrants in Ontario,\u201d he researched the institutional-educational support of transitions of adult migrants into the Canadian labour market. Following his move to Canada in 2002, he assumed a leadership role in an organization for adult education and counselling with a focus on immigrant supports. In his work with Wilfrid Laurier University and the University of Waterloo, he developed Community Service-Learning courses and guided the practical training of social work students. After a period in the leadership teamof a French-American enterprise, Michael is currently working as Lecturer and Research Associate with the Department of Adult and Further Education at Goethe University Frankfurt. As part of the Cooperative Research Training Group \u201cDoing Transitions\u201d he is once again researching migration trajectories. Through his doctoral research, he explores how transitions during adult migration are shaped, coped with and used as opportunities for learning and transformation.<\/p>\n\n\n\n<p><strong>Learning and transformation processes during transitions of adult migrants in Canada<\/strong><\/p>\n\n\n\n<p>Migration\u2014as the crossing of socially constructed boundaries\u2014is characterized by differentiations and categorizations that are produced in its process. Transitions through migration are mediated within discursive and institutional power structures and shaped through social practices (e. g. addressing as migrant, refugee, expat), as well as the revaluation of cultural capital.<\/p>\n\n\n\n<p>In the discourse of classical immigration countries such as Canada, and increasingly also in Germany, the immigration of highly skilled migrants has been considered a competitive advantage and seen as desirable. This political intention, however, is contrasted by a social reality in which we find ample evidence for structural discrimination and exclusion of migrants in the educational sector and labour market. While institutional-educational supports of the migration process aim to address those disadvantages, there remain ambivalences and tensions to be recognized.<\/p>\n\n\n\n<p>The focus of this research project are the individual learning and transformation processes that take place against the backdrop of this societal discourse and the institutional mediation, inclusion and exclusion: Which learning and transformation processes do highly skilled adult migrants undergo in the context of institutional regulations within the Canadian migration society? To which degree do individual coping mechanisms pre-structure future transitions? How are the discursive and institutional labelling of individuals as migrants and expectations of stability and change reflected in the biographies of internationally mobile adults?<\/p>\n\n\n\n<p>To answer these questions, this research project follows a Grounded Theory framework and employs the Documentary Method for data analysis. Data weregathered through narrative interviews. Theoretical reference points consist of practice theory, as well as pragmatist, transformative and biographical perspectives on learning.. Taking a \u201cDoing Transitions\u201d and \u201cDoing Migration\u201d perspective, the topical and methodological framework aims to generate deeper insights into migration processes, the construction of successful migration pathways, as well as social practices of inclusion and exclusion.<\/p>\n\n\n\n<p><\/p>\n\n\n\n<h2 class=\"wp-block-heading\">Publications and conference presentations<\/h2>\n\n\n\n<p>Hof, C. &amp; Bernhard, M. (2022).&nbsp;<a href=\"https:\/\/www.beltz.de\/fachmedien\/erziehungswissenschaft\/zeitschriften\/zeitschrift_fuer_paedagogik\/artikel\/48458-uebergaenge-als-anlass-fuer-lernprozesse.html\">\u00dcberg\u00e4nge als Anlass f\u00fcr Lernprozesse<\/a>.&nbsp;Zeitschrift f\u00fcr P\u00e4dagogik Beiheft (1), 181\u2013194. (peer reviewed)<\/p>\n\n\n\n<p>Encountering a new rulebook: Migrant engagement with the \u201cCanadian experience\u201d discourse. Paper presentation at the ESREA conference on \u2018Encountering the other: biographies, spaces and relationships in adult education\u2019, March 2022.&nbsp;<\/p>\n\n\n\n<p>The messy crossings of career and national boundaries in adulthood. Paper presentation at the annual congress of the German Society for Education (DGfE), March 2022.<\/p>\n\n\n\n<p>Experience and transitions: A relational perspective on migration in adulthood. Paper presentation with the Canadian Association for the Study of Adult Education (CASAE) at the Congress of the Humanities and Social Sciences. Conference theme: &#8216;Transitions&#8217;, May 2022<\/p>\n\n\n\n<p>Learning by doing transitions and adult migration. Paper presentation at the 12th International Researching Work &amp; Learning Conference (RWL12) at the University of Toronto (OISE), themed &#8216;Work, Learning &amp; Social Change&#8217;, July 2022.<\/p>\n","protected":false},"excerpt":{"rendered":"<p>contact Goethe University FrankfurtGRK Doing Transitions address:Institute for Social Pedagogy and Adult Education Department of Adult and Further Education Campus Westend, PEG 4.G171 Theodor-W.-Adorno-Platz 6 60323 Frankfurt am Main m.bernhard(at)em.uni-frankfurt.de [&hellip;]<\/p>\n","protected":false},"author":23,"featured_media":0,"parent":503,"menu_order":0,"comment_status":"closed","ping_status":"closed","template":"","meta":{"_genesis_hide_title":false,"_genesis_hide_breadcrumbs":false,"_genesis_hide_singular_image":false,"_genesis_hide_footer_widgets":false,"_genesis_custom_body_class":"","_genesis_custom_post_class":"","_genesis_layout":"","footnotes":""},"wf_page_folders":[17],"class_list":["post-1828","page","type-page","status-publish","entry"],"featured_image_src":null,"featured_image_src_square":null,"_links":{"self":[{"href":"https:\/\/doingtransitions.org\/en\/wp-json\/wp\/v2\/pages\/1828","targetHints":{"allow":["GET"]}}],"collection":[{"href":"https:\/\/doingtransitions.org\/en\/wp-json\/wp\/v2\/pages"}],"about":[{"href":"https:\/\/doingtransitions.org\/en\/wp-json\/wp\/v2\/types\/page"}],"author":[{"embeddable":true,"href":"https:\/\/doingtransitions.org\/en\/wp-json\/wp\/v2\/users\/23"}],"replies":[{"embeddable":true,"href":"https:\/\/doingtransitions.org\/en\/wp-json\/wp\/v2\/comments?post=1828"}],"version-history":[{"count":10,"href":"https:\/\/doingtransitions.org\/en\/wp-json\/wp\/v2\/pages\/1828\/revisions"}],"predecessor-version":[{"id":5395,"href":"https:\/\/doingtransitions.org\/en\/wp-json\/wp\/v2\/pages\/1828\/revisions\/5395"}],"up":[{"embeddable":true,"href":"https:\/\/doingtransitions.org\/en\/wp-json\/wp\/v2\/pages\/503"}],"wp:attachment":[{"href":"https:\/\/doingtransitions.org\/en\/wp-json\/wp\/v2\/media?parent=1828"}],"wp:term":[{"taxonomy":"wf_page_folders","embeddable":true,"href":"https:\/\/doingtransitions.org\/en\/wp-json\/wp\/v2\/wf_page_folders?post=1828"}],"curies":[{"name":"wp","href":"https:\/\/api.w.org\/{rel}","templated":true}]}}