{"id":2343,"date":"2021-06-15T13:00:26","date_gmt":"2021-06-15T13:00:26","guid":{"rendered":"https:\/\/doingtransitions.org\/?page_id=2343"},"modified":"2021-06-15T16:25:26","modified_gmt":"2021-06-15T16:25:26","slug":"jun-prof-in-ursula-offenberger","status":"publish","type":"page","link":"https:\/\/doingtransitions.org\/en\/team\/jun-prof-in-ursula-offenberger","title":{"rendered":"Jun.-Prof.in  Ursula Offenberger"},"content":{"rendered":"\n<div class=\"wp-block-columns has-2-columns is-layout-flex wp-container-core-columns-is-layout-9d6595d7 wp-block-columns-is-layout-flex\">\n<div class=\"wp-block-column is-layout-flow wp-block-column-is-layout-flow\">\n<figure class=\"wp-block-image size-medium is-style-default\"><img decoding=\"async\" width=\"300\" height=\"300\" data-src=\"https:\/\/doingtransitions.org\/wp-content\/uploads\/2021\/06\/U-Offenberger-300x300.jpg\" alt=\"\" class=\"wp-image-2333 lazyload\" data-srcset=\"https:\/\/doingtransitions.org\/wp-content\/uploads\/2021\/06\/U-Offenberger-300x300.jpg 300w, https:\/\/doingtransitions.org\/wp-content\/uploads\/2021\/06\/U-Offenberger-150x150.jpg 150w, https:\/\/doingtransitions.org\/wp-content\/uploads\/2021\/06\/U-Offenberger.jpg 324w\" data-sizes=\"(max-width: 300px) 100vw, 300px\" src=\"data:image\/svg+xml;base64,PHN2ZyB3aWR0aD0iMSIgaGVpZ2h0PSIxIiB4bWxucz0iaHR0cDovL3d3dy53My5vcmcvMjAwMC9zdmciPjwvc3ZnPg==\" style=\"--smush-placeholder-width: 300px; --smush-placeholder-aspect-ratio: 300\/300;\" \/><\/figure>\n<\/div>\n\n\n\n<div class=\"wp-block-column is-layout-flow wp-block-column-is-layout-flow\">\n<h2 class=\"wp-block-heading\">contact<\/h2>\n\n\n\n<p>Eberhard Karls University T\u00fcbingen<br>Faculty of Economics and Social Science, Teaching in methods of Empirical Social Science Research<\/p>\n\n\n\n<p>Hau\u00dferstrasse 11&nbsp;<br>72076 T\u00fcbingen&nbsp;<\/p>\n\n\n\n<p>+49 (0)7071-2977513<br>ursula.offenberger(at)uni-tuebingen.de<\/p>\n\n\n\n<p><a href=\"https:\/\/uni-tuebingen.de\/en\/faculties\/faculty-of-economics-and-social-sciences\/subjects\/department-of-social-sciences\/methods-center\/institute\/departments\/qualitative-methods-and-interpretative-social-research\/\" target=\"_blank\" rel=\"noreferrer noopener\">Homepage of the Department Qualitative Methods and Interpretative Social Research<\/a><\/p>\n<\/div>\n<\/div>\n\n\n\n<p>Dr. Ursula Offenberger works as assistant professor at the Methods Centre of the Faculty of Economics and Social Sciences at the Eberhard Karls University of T\u00fcbingen. She heads the Qualitative Methods and Interpretative Social Research Unit.&nbsp;<\/p>\n\n\n\n<p>In her research, she deals with gender relations and asks how they are stabilised and how they change. In doing so, she takes a look at various social structures, such as organisations, professions, family living conditions, religion and technical infrastructures. Theoretical references include the sociology of knowledge, organisation studies, science and technology studies and pragmatist-interactionist approaches. In this way, transitions (such as historical shifts in the relationship between profession and gender) come into view as processual, actively produced and situated phenomena. Methodologically, the focus of the work is on qualitative methods, especially in the field of grounded theory and situational analysis.&nbsp;<\/p>\n","protected":false},"excerpt":{"rendered":"<p>contact Eberhard Karls University T\u00fcbingenFaculty of Economics and Social Science, Teaching in methods of Empirical Social Science Research Hau\u00dferstrasse 11&nbsp;72076 T\u00fcbingen&nbsp; +49 (0)7071-2977513ursula.offenberger(at)uni-tuebingen.de Homepage of the Department Qualitative Methods and [&hellip;]<\/p>\n","protected":false},"author":4,"featured_media":0,"parent":503,"menu_order":0,"comment_status":"closed","ping_status":"closed","template":"","meta":{"_genesis_hide_title":false,"_genesis_hide_breadcrumbs":false,"_genesis_hide_singular_image":false,"_genesis_hide_footer_widgets":false,"_genesis_custom_body_class":"","_genesis_custom_post_class":"","_genesis_layout":"","footnotes":""},"wf_page_folders":[14],"class_list":["post-2343","page","type-page","status-publish","entry"],"featured_image_src":null,"featured_image_src_square":null,"_links":{"self":[{"href":"https:\/\/doingtransitions.org\/en\/wp-json\/wp\/v2\/pages\/2343","targetHints":{"allow":["GET"]}}],"collection":[{"href":"https:\/\/doingtransitions.org\/en\/wp-json\/wp\/v2\/pages"}],"about":[{"href":"https:\/\/doingtransitions.org\/en\/wp-json\/wp\/v2\/types\/page"}],"author":[{"embeddable":true,"href":"https:\/\/doingtransitions.org\/en\/wp-json\/wp\/v2\/users\/4"}],"replies":[{"embeddable":true,"href":"https:\/\/doingtransitions.org\/en\/wp-json\/wp\/v2\/comments?post=2343"}],"version-history":[{"count":2,"href":"https:\/\/doingtransitions.org\/en\/wp-json\/wp\/v2\/pages\/2343\/revisions"}],"predecessor-version":[{"id":2407,"href":"https:\/\/doingtransitions.org\/en\/wp-json\/wp\/v2\/pages\/2343\/revisions\/2407"}],"up":[{"embeddable":true,"href":"https:\/\/doingtransitions.org\/en\/wp-json\/wp\/v2\/pages\/503"}],"wp:attachment":[{"href":"https:\/\/doingtransitions.org\/en\/wp-json\/wp\/v2\/media?parent=2343"}],"wp:term":[{"taxonomy":"wf_page_folders","embeddable":true,"href":"https:\/\/doingtransitions.org\/en\/wp-json\/wp\/v2\/wf_page_folders?post=2343"}],"curies":[{"name":"wp","href":"https:\/\/api.w.org\/{rel}","templated":true}]}}