{"id":2354,"date":"2021-06-15T13:46:39","date_gmt":"2021-06-15T13:46:39","guid":{"rendered":"https:\/\/doingtransitions.org\/?page_id=2354"},"modified":"2021-06-15T13:46:42","modified_gmt":"2021-06-15T13:46:42","slug":"prof-dr-markus-rieger-ladich","status":"publish","type":"page","link":"https:\/\/doingtransitions.org\/en\/team\/prof-dr-markus-rieger-ladich","title":{"rendered":"Prof. Dr. Markus Rieger-Ladich"},"content":{"rendered":"\n<div class=\"wp-block-columns has-2-columns is-layout-flex wp-container-core-columns-is-layout-9d6595d7 wp-block-columns-is-layout-flex\">\n<div class=\"wp-block-column is-layout-flow wp-block-column-is-layout-flow\">\n<figure class=\"wp-block-image size-large is-style-default\"><img decoding=\"async\" width=\"900\" height=\"621\" data-src=\"https:\/\/dev.doingtransitions.org\/wp-content\/uploads\/2019\/10\/MRL-900x621.jpg\" alt=\"\" class=\"wp-image-395 lazyload\" data-srcset=\"https:\/\/doingtransitions.org\/wp-content\/uploads\/2019\/10\/MRL-900x621.jpg 900w, https:\/\/doingtransitions.org\/wp-content\/uploads\/2019\/10\/MRL-900x621-300x207.jpg 300w, https:\/\/doingtransitions.org\/wp-content\/uploads\/2019\/10\/MRL-900x621-768x530.jpg 768w\" data-sizes=\"(max-width: 900px) 100vw, 900px\" src=\"data:image\/svg+xml;base64,PHN2ZyB3aWR0aD0iMSIgaGVpZ2h0PSIxIiB4bWxucz0iaHR0cDovL3d3dy53My5vcmcvMjAwMC9zdmciPjwvc3ZnPg==\" style=\"--smush-placeholder-width: 900px; --smush-placeholder-aspect-ratio: 900\/621;\" \/><\/figure>\n<\/div>\n\n\n\n<div class=\"wp-block-column is-layout-flow wp-block-column-is-layout-flow\">\n<h2 class=\"wp-block-heading\">contact<\/h2>\n\n\n\n<p>Eberhard Karls University T\u00fcbingen<br>Institute for Education Science, Department Foundations for Education<\/p>\n\n\n\n<p>M\u00fcnzgasse 26, Raum 204<br>72070 T\u00fcbingen<\/p>\n\n\n\n<p>+49 (0)7071 29-75435<br>markus.rieger-ladich(at)uni-tuebingen.de<\/p>\n\n\n\n<p><a href=\"https:\/\/uni-tuebingen.de\/en\/faculties\/faculty-of-economics-and-social-sciences\/subjects\/department-of-social-sciences\/education-sciences\/units\/foundations-of-education\/team-foundations-of-education\/prof-dr-markus-rieger-ladich\/\" target=\"_blank\" rel=\"noreferrer noopener\">Homepage of Markus Rieger-Ladich at Eberhard Karls University<\/a><\/p>\n<\/div>\n<\/div>\n","protected":false},"excerpt":{"rendered":"<p>contact Eberhard Karls University T\u00fcbingenInstitute for Education Science, Department Foundations for Education M\u00fcnzgasse 26, Raum 20472070 T\u00fcbingen +49 (0)7071 29-75435markus.rieger-ladich(at)uni-tuebingen.de Homepage of Markus Rieger-Ladich at Eberhard Karls University<\/p>\n","protected":false},"author":4,"featured_media":0,"parent":503,"menu_order":0,"comment_status":"closed","ping_status":"closed","template":"","meta":{"_genesis_hide_title":false,"_genesis_hide_breadcrumbs":false,"_genesis_hide_singular_image":false,"_genesis_hide_footer_widgets":false,"_genesis_custom_body_class":"","_genesis_custom_post_class":"","_genesis_layout":"","footnotes":""},"wf_page_folders":[14],"class_list":["post-2354","page","type-page","status-publish","entry"],"featured_image_src":null,"featured_image_src_square":null,"_links":{"self":[{"href":"https:\/\/doingtransitions.org\/en\/wp-json\/wp\/v2\/pages\/2354","targetHints":{"allow":["GET"]}}],"collection":[{"href":"https:\/\/doingtransitions.org\/en\/wp-json\/wp\/v2\/pages"}],"about":[{"href":"https:\/\/doingtransitions.org\/en\/wp-json\/wp\/v2\/types\/page"}],"author":[{"embeddable":true,"href":"https:\/\/doingtransitions.org\/en\/wp-json\/wp\/v2\/users\/4"}],"replies":[{"embeddable":true,"href":"https:\/\/doingtransitions.org\/en\/wp-json\/wp\/v2\/comments?post=2354"}],"version-history":[{"count":1,"href":"https:\/\/doingtransitions.org\/en\/wp-json\/wp\/v2\/pages\/2354\/revisions"}],"predecessor-version":[{"id":2355,"href":"https:\/\/doingtransitions.org\/en\/wp-json\/wp\/v2\/pages\/2354\/revisions\/2355"}],"up":[{"embeddable":true,"href":"https:\/\/doingtransitions.org\/en\/wp-json\/wp\/v2\/pages\/503"}],"wp:attachment":[{"href":"https:\/\/doingtransitions.org\/en\/wp-json\/wp\/v2\/media?parent=2354"}],"wp:term":[{"taxonomy":"wf_page_folders","embeddable":true,"href":"https:\/\/doingtransitions.org\/en\/wp-json\/wp\/v2\/wf_page_folders?post=2354"}],"curies":[{"name":"wp","href":"https:\/\/api.w.org\/{rel}","templated":true}]}}