{"id":2360,"date":"2021-06-15T13:53:44","date_gmt":"2021-06-15T13:53:44","guid":{"rendered":"https:\/\/doingtransitions.org\/?page_id=2360"},"modified":"2021-06-15T13:53:46","modified_gmt":"2021-06-15T13:53:46","slug":"prof-in-dr-barbara-stauber","status":"publish","type":"page","link":"https:\/\/doingtransitions.org\/en\/team\/prof-in-dr-barbara-stauber","title":{"rendered":"Prof.in Dr. Barbara Stauber"},"content":{"rendered":"\n<div class=\"wp-block-columns has-2-columns is-layout-flex wp-container-core-columns-is-layout-9d6595d7 wp-block-columns-is-layout-flex\">\n<div class=\"wp-block-column is-layout-flow wp-block-column-is-layout-flow\">\n<figure class=\"wp-block-image size-large is-style-default\"><img decoding=\"async\" width=\"900\" height=\"768\" data-src=\"https:\/\/dev.doingtransitions.org\/wp-content\/uploads\/2019\/10\/BS-900x768.jpg\" alt=\"\" class=\"wp-image-401 lazyload\" data-srcset=\"https:\/\/doingtransitions.org\/wp-content\/uploads\/2019\/10\/BS-900x768.jpg 900w, https:\/\/doingtransitions.org\/wp-content\/uploads\/2019\/10\/BS-900x768-300x256.jpg 300w, https:\/\/doingtransitions.org\/wp-content\/uploads\/2019\/10\/BS-900x768-768x655.jpg 768w\" data-sizes=\"(max-width: 900px) 100vw, 900px\" src=\"data:image\/svg+xml;base64,PHN2ZyB3aWR0aD0iMSIgaGVpZ2h0PSIxIiB4bWxucz0iaHR0cDovL3d3dy53My5vcmcvMjAwMC9zdmciPjwvc3ZnPg==\" style=\"--smush-placeholder-width: 900px; --smush-placeholder-aspect-ratio: 900\/768;\" \/><\/figure>\n<\/div>\n\n\n\n<div class=\"wp-block-column is-layout-flow wp-block-column-is-layout-flow\">\n<h2 class=\"wp-block-heading\">contact<\/h2>\n\n\n\n<p>Eberhard Karls University T\u00fcbingen<br>Institute for Education Sciences, Department of Social Sciences<\/p>\n\n\n\n<p>M\u00fcnzgasse 26, room 215<br>72070 T\u00fcbingen<\/p>\n\n\n\n<p>+49 (0)7071 29-78316<br>barbara.stauber(at)uni-tuebingen.de<\/p>\n\n\n\n<p><a href=\"https:\/\/uni-tuebingen.de\/en\/faculties\/faculty-of-economics-and-social-sciences\/subjects\/department-of-social-sciences\/education-sciences\/units\/social-pedagogy\/staff\/prof-dr-barbara-stauber-1\/\" target=\"_blank\" rel=\"noreferrer noopener\">Homepage of Barbara Stauber at Eberhard Karls University<\/a><\/p>\n<\/div>\n<\/div>\n","protected":false},"excerpt":{"rendered":"<p>contact Eberhard Karls University T\u00fcbingenInstitute for Education Sciences, Department of Social Sciences M\u00fcnzgasse 26, room 21572070 T\u00fcbingen +49 (0)7071 29-78316barbara.stauber(at)uni-tuebingen.de Homepage of Barbara Stauber at Eberhard Karls University<\/p>\n","protected":false},"author":4,"featured_media":0,"parent":503,"menu_order":0,"comment_status":"closed","ping_status":"closed","template":"","meta":{"_genesis_hide_title":false,"_genesis_hide_breadcrumbs":false,"_genesis_hide_singular_image":false,"_genesis_hide_footer_widgets":false,"_genesis_custom_body_class":"","_genesis_custom_post_class":"","_genesis_layout":"","footnotes":""},"wf_page_folders":[14],"class_list":["post-2360","page","type-page","status-publish","entry"],"featured_image_src":null,"featured_image_src_square":null,"_links":{"self":[{"href":"https:\/\/doingtransitions.org\/en\/wp-json\/wp\/v2\/pages\/2360","targetHints":{"allow":["GET"]}}],"collection":[{"href":"https:\/\/doingtransitions.org\/en\/wp-json\/wp\/v2\/pages"}],"about":[{"href":"https:\/\/doingtransitions.org\/en\/wp-json\/wp\/v2\/types\/page"}],"author":[{"embeddable":true,"href":"https:\/\/doingtransitions.org\/en\/wp-json\/wp\/v2\/users\/4"}],"replies":[{"embeddable":true,"href":"https:\/\/doingtransitions.org\/en\/wp-json\/wp\/v2\/comments?post=2360"}],"version-history":[{"count":1,"href":"https:\/\/doingtransitions.org\/en\/wp-json\/wp\/v2\/pages\/2360\/revisions"}],"predecessor-version":[{"id":2361,"href":"https:\/\/doingtransitions.org\/en\/wp-json\/wp\/v2\/pages\/2360\/revisions\/2361"}],"up":[{"embeddable":true,"href":"https:\/\/doingtransitions.org\/en\/wp-json\/wp\/v2\/pages\/503"}],"wp:attachment":[{"href":"https:\/\/doingtransitions.org\/en\/wp-json\/wp\/v2\/media?parent=2360"}],"wp:term":[{"taxonomy":"wf_page_folders","embeddable":true,"href":"https:\/\/doingtransitions.org\/en\/wp-json\/wp\/v2\/wf_page_folders?post=2360"}],"curies":[{"name":"wp","href":"https:\/\/api.w.org\/{rel}","templated":true}]}}