{"id":2369,"date":"2021-06-15T14:06:05","date_gmt":"2021-06-15T14:06:05","guid":{"rendered":"https:\/\/doingtransitions.org\/?page_id=2369"},"modified":"2021-06-15T14:06:06","modified_gmt":"2021-06-15T14:06:06","slug":"prof-in-dr-petra-bauer","status":"publish","type":"page","link":"https:\/\/doingtransitions.org\/en\/team\/prof-in-dr-petra-bauer","title":{"rendered":"Prof.in Dr. Petra Bauer"},"content":{"rendered":"\n<div class=\"wp-block-columns has-2-columns is-layout-flex wp-container-core-columns-is-layout-9d6595d7 wp-block-columns-is-layout-flex\">\n<div class=\"wp-block-column is-layout-flow wp-block-column-is-layout-flow\">\n<figure class=\"wp-block-image size-large is-style-default\"><img decoding=\"async\" width=\"900\" height=\"601\" data-src=\"https:\/\/dev.doingtransitions.org\/wp-content\/uploads\/2019\/10\/PB-900x601.jpg\" alt=\"\" class=\"wp-image-334 lazyload\" data-srcset=\"https:\/\/doingtransitions.org\/wp-content\/uploads\/2019\/10\/PB-900x601.jpg 900w, https:\/\/doingtransitions.org\/wp-content\/uploads\/2019\/10\/PB-900x601-300x200.jpg 300w, https:\/\/doingtransitions.org\/wp-content\/uploads\/2019\/10\/PB-900x601-768x513.jpg 768w, https:\/\/doingtransitions.org\/wp-content\/uploads\/2019\/10\/PB-900x601-600x400.jpg 600w\" data-sizes=\"(max-width: 900px) 100vw, 900px\" src=\"data:image\/svg+xml;base64,PHN2ZyB3aWR0aD0iMSIgaGVpZ2h0PSIxIiB4bWxucz0iaHR0cDovL3d3dy53My5vcmcvMjAwMC9zdmciPjwvc3ZnPg==\" style=\"--smush-placeholder-width: 900px; --smush-placeholder-aspect-ratio: 900\/601;\" \/><\/figure>\n<\/div>\n\n\n\n<div class=\"wp-block-column is-layout-flow wp-block-column-is-layout-flow\">\n<h2 class=\"wp-block-heading\"><strong>contact<\/strong><\/h2>\n\n\n\n<p>Eberhard Karls University T\u00fcbingen<br>Institute for Education Sciences, Department of Social Pedagogy<\/p>\n\n\n\n<p>M\u00fcnzgasse 26, room 310<br>72070 T\u00fcbingen<\/p>\n\n\n\n<p>+49 (0)7071 29-76757<br>petra.bauer(at)uni-tuebingen.de<\/p>\n\n\n\n<p><a href=\"https:\/\/uni-tuebingen.de\/en\/faculties\/faculty-of-economics-and-social-sciences\/subjects\/department-of-social-sciences\/education-sciences\/units\/social-pedagogy\/staff\/prof-dr-petra-bauer-1\/\" target=\"_blank\" rel=\"noreferrer noopener\">Homepage of Petra Bauer at Eberhard Karls University<\/a><\/p>\n<\/div>\n<\/div>\n","protected":false},"excerpt":{"rendered":"<p>contact Eberhard Karls University T\u00fcbingenInstitute for Education Sciences, Department of Social Pedagogy M\u00fcnzgasse 26, room 31072070 T\u00fcbingen +49 (0)7071 29-76757petra.bauer(at)uni-tuebingen.de Homepage of Petra Bauer at Eberhard Karls University<\/p>\n","protected":false},"author":4,"featured_media":0,"parent":503,"menu_order":0,"comment_status":"closed","ping_status":"closed","template":"","meta":{"_genesis_hide_title":false,"_genesis_hide_breadcrumbs":false,"_genesis_hide_singular_image":false,"_genesis_hide_footer_widgets":false,"_genesis_custom_body_class":"","_genesis_custom_post_class":"","_genesis_layout":"","footnotes":""},"wf_page_folders":[14],"class_list":["post-2369","page","type-page","status-publish","entry"],"featured_image_src":null,"featured_image_src_square":null,"_links":{"self":[{"href":"https:\/\/doingtransitions.org\/en\/wp-json\/wp\/v2\/pages\/2369","targetHints":{"allow":["GET"]}}],"collection":[{"href":"https:\/\/doingtransitions.org\/en\/wp-json\/wp\/v2\/pages"}],"about":[{"href":"https:\/\/doingtransitions.org\/en\/wp-json\/wp\/v2\/types\/page"}],"author":[{"embeddable":true,"href":"https:\/\/doingtransitions.org\/en\/wp-json\/wp\/v2\/users\/4"}],"replies":[{"embeddable":true,"href":"https:\/\/doingtransitions.org\/en\/wp-json\/wp\/v2\/comments?post=2369"}],"version-history":[{"count":1,"href":"https:\/\/doingtransitions.org\/en\/wp-json\/wp\/v2\/pages\/2369\/revisions"}],"predecessor-version":[{"id":2370,"href":"https:\/\/doingtransitions.org\/en\/wp-json\/wp\/v2\/pages\/2369\/revisions\/2370"}],"up":[{"embeddable":true,"href":"https:\/\/doingtransitions.org\/en\/wp-json\/wp\/v2\/pages\/503"}],"wp:attachment":[{"href":"https:\/\/doingtransitions.org\/en\/wp-json\/wp\/v2\/media?parent=2369"}],"wp:term":[{"taxonomy":"wf_page_folders","embeddable":true,"href":"https:\/\/doingtransitions.org\/en\/wp-json\/wp\/v2\/wf_page_folders?post=2369"}],"curies":[{"name":"wp","href":"https:\/\/api.w.org\/{rel}","templated":true}]}}