{"id":2375,"date":"2021-06-15T14:41:51","date_gmt":"2021-06-15T14:41:51","guid":{"rendered":"https:\/\/doingtransitions.org\/?page_id=2375"},"modified":"2021-06-15T14:41:52","modified_gmt":"2021-06-15T14:41:52","slug":"prof-dr-bernhard-schmidt-hertha","status":"publish","type":"page","link":"https:\/\/doingtransitions.org\/en\/team\/prof-dr-bernhard-schmidt-hertha","title":{"rendered":"Prof. Dr. Bernhard Schmidt-Hertha"},"content":{"rendered":"\n<div class=\"wp-block-columns has-2-columns is-layout-flex wp-container-core-columns-is-layout-9d6595d7 wp-block-columns-is-layout-flex\">\n<div class=\"wp-block-column is-layout-flow wp-block-column-is-layout-flow\">\n<figure class=\"wp-block-image size-large is-style-default\"><img decoding=\"async\" width=\"900\" height=\"601\" data-src=\"https:\/\/dev.doingtransitions.org\/wp-content\/uploads\/2019\/10\/BSH-900x601.jpg\" alt=\"\" class=\"wp-image-389 lazyload\" data-srcset=\"https:\/\/doingtransitions.org\/wp-content\/uploads\/2019\/10\/BSH-900x601.jpg 900w, https:\/\/doingtransitions.org\/wp-content\/uploads\/2019\/10\/BSH-900x601-300x200.jpg 300w, https:\/\/doingtransitions.org\/wp-content\/uploads\/2019\/10\/BSH-900x601-768x513.jpg 768w, https:\/\/doingtransitions.org\/wp-content\/uploads\/2019\/10\/BSH-900x601-600x400.jpg 600w\" data-sizes=\"(max-width: 900px) 100vw, 900px\" src=\"data:image\/svg+xml;base64,PHN2ZyB3aWR0aD0iMSIgaGVpZ2h0PSIxIiB4bWxucz0iaHR0cDovL3d3dy53My5vcmcvMjAwMC9zdmciPjwvc3ZnPg==\" style=\"--smush-placeholder-width: 900px; --smush-placeholder-aspect-ratio: 900\/601;\" \/><\/figure>\n<\/div>\n\n\n\n<div class=\"wp-block-column is-layout-flow wp-block-column-is-layout-flow\">\n<h2 class=\"wp-block-heading\">contact<\/h2>\n\n\n\n<p>Ludwig-Maximilians-Universit\u00e4t M\u00fcnchen<br>Fakult\u00e4t f\u00fcr Psychologie und P\u00e4dagogik, Allgemeine P\u00e4dagogik und Bildungsforschung<\/p>\n\n\n\n<p>bernhard.schmidt-hertha(at)uni-tuebingen.de<\/p>\n\n\n\n<p><a href=\"https:\/\/www.edu.lmu.de\/apb\/personen\/professoren\/schmidt\/index.html\" target=\"_blank\" rel=\"noreferrer noopener\">Homepage von Bernhard Schmidt-Hertha an der Ludwig-Maximilians-Universit\u00e4t<\/a><\/p>\n<\/div>\n<\/div>\n","protected":false},"excerpt":{"rendered":"<p>contact Ludwig-Maximilians-Universit\u00e4t M\u00fcnchenFakult\u00e4t f\u00fcr Psychologie und P\u00e4dagogik, Allgemeine P\u00e4dagogik und Bildungsforschung bernhard.schmidt-hertha(at)uni-tuebingen.de Homepage von Bernhard Schmidt-Hertha an der Ludwig-Maximilians-Universit\u00e4t<\/p>\n","protected":false},"author":4,"featured_media":0,"parent":503,"menu_order":0,"comment_status":"closed","ping_status":"closed","template":"","meta":{"_genesis_hide_title":false,"_genesis_hide_breadcrumbs":false,"_genesis_hide_singular_image":false,"_genesis_hide_footer_widgets":false,"_genesis_custom_body_class":"","_genesis_custom_post_class":"","_genesis_layout":"","footnotes":""},"wf_page_folders":[30],"class_list":["post-2375","page","type-page","status-publish","entry"],"featured_image_src":null,"featured_image_src_square":null,"_links":{"self":[{"href":"https:\/\/doingtransitions.org\/en\/wp-json\/wp\/v2\/pages\/2375","targetHints":{"allow":["GET"]}}],"collection":[{"href":"https:\/\/doingtransitions.org\/en\/wp-json\/wp\/v2\/pages"}],"about":[{"href":"https:\/\/doingtransitions.org\/en\/wp-json\/wp\/v2\/types\/page"}],"author":[{"embeddable":true,"href":"https:\/\/doingtransitions.org\/en\/wp-json\/wp\/v2\/users\/4"}],"replies":[{"embeddable":true,"href":"https:\/\/doingtransitions.org\/en\/wp-json\/wp\/v2\/comments?post=2375"}],"version-history":[{"count":2,"href":"https:\/\/doingtransitions.org\/en\/wp-json\/wp\/v2\/pages\/2375\/revisions"}],"predecessor-version":[{"id":2379,"href":"https:\/\/doingtransitions.org\/en\/wp-json\/wp\/v2\/pages\/2375\/revisions\/2379"}],"up":[{"embeddable":true,"href":"https:\/\/doingtransitions.org\/en\/wp-json\/wp\/v2\/pages\/503"}],"wp:attachment":[{"href":"https:\/\/doingtransitions.org\/en\/wp-json\/wp\/v2\/media?parent=2375"}],"wp:term":[{"taxonomy":"wf_page_folders","embeddable":true,"href":"https:\/\/doingtransitions.org\/en\/wp-json\/wp\/v2\/wf_page_folders?post=2375"}],"curies":[{"name":"wp","href":"https:\/\/api.w.org\/{rel}","templated":true}]}}