{"id":3875,"date":"2023-03-20T08:54:14","date_gmt":"2023-03-20T08:54:14","guid":{"rendered":"https:\/\/doingtransitions.org\/jonas-richter"},"modified":"2023-06-19T11:43:56","modified_gmt":"2023-06-19T11:43:56","slug":"jonas-richter","status":"publish","type":"page","link":"https:\/\/doingtransitions.org\/en\/jonas-richter","title":{"rendered":"Jonas Richter, M.A."},"content":{"rendered":"\n<div class=\"wp-block-group\"><div class=\"wp-block-group__inner-container is-layout-flow wp-block-group-is-layout-flow\"><\/div><\/div>\n\n\n\n<div class=\"wp-block-columns has-2-columns is-layout-flex wp-container-core-columns-is-layout-9d6595d7 wp-block-columns-is-layout-flex\">\n<div class=\"wp-block-column is-layout-flow wp-block-column-is-layout-flow\">\n<figure class=\"wp-block-image size-large is-style-default\"><img decoding=\"async\" width=\"1024\" height=\"714\" data-src=\"https:\/\/doingtransitions.org\/wp-content\/uploads\/2023\/03\/DSC_1680-1024x714.jpg\" alt=\"\" class=\"wp-image-3945 lazyload\" data-srcset=\"https:\/\/doingtransitions.org\/wp-content\/uploads\/2023\/03\/DSC_1680-1024x714.jpg 1024w, https:\/\/doingtransitions.org\/wp-content\/uploads\/2023\/03\/DSC_1680-300x209.jpg 300w, https:\/\/doingtransitions.org\/wp-content\/uploads\/2023\/03\/DSC_1680-768x535.jpg 768w, https:\/\/doingtransitions.org\/wp-content\/uploads\/2023\/03\/DSC_1680-1536x1071.jpg 1536w, https:\/\/doingtransitions.org\/wp-content\/uploads\/2023\/03\/DSC_1680-2048x1428.jpg 2048w\" data-sizes=\"(max-width: 1024px) 100vw, 1024px\" src=\"data:image\/svg+xml;base64,PHN2ZyB3aWR0aD0iMSIgaGVpZ2h0PSIxIiB4bWxucz0iaHR0cDovL3d3dy53My5vcmcvMjAwMC9zdmciPjwvc3ZnPg==\" style=\"--smush-placeholder-width: 1024px; --smush-placeholder-aspect-ratio: 1024\/714;\" \/><\/figure>\n<\/div>\n\n\n\n<div class=\"wp-block-column is-layout-flow wp-block-column-is-layout-flow\">\n<h2 class=\"wp-block-heading\">contact<\/h2>\n\n\n\n<p>Goethe-University Frankfurt<br>GRK Doing Transitions<\/p>\n\n\n\n<p>address:<br>IKB-building, 4<sup>th<\/sup> floor<br>Eschersheimer Landstra\u00dfe 121<br>60322 Frankfurt am Main<\/p>\n\n\n\n<p>postal address:<br>Theodor-W.-Adorno-Platz 1<br>IKB-Geb\u00e4ude, Postfach 3<br>60323 Frankfurt am Main<\/p>\n\n\n\n<p>j.richter(at)em.uni-frankfurt.de<br><a rel=\"noreferrer noopener\" href=\"https:\/\/www.researchgate.net\/profile\/Jonas-Richter\" target=\"_blank\">Profil auf ResearchGate<\/a>&nbsp;\/ <code><img decoding=\"async\" data-src=\"https:\/\/orcid.org\/sites\/default\/files\/images\/orcid_16x16.png\" alt=\"ORCID iD icon\" src=\"data:image\/svg+xml;base64,PHN2ZyB3aWR0aD0iMSIgaGVpZ2h0PSIxIiB4bWxucz0iaHR0cDovL3d3dy53My5vcmcvMjAwMC9zdmciPjwvc3ZnPg==\" class=\"lazyload\"><\/code><a rel=\"noreferrer noopener\" href=\"https:\/\/orcid.org\/0009-0000-3126-9430\" target=\"_blank\">ORCID-ID<\/a><\/p>\n<\/div>\n<\/div>\n\n\n\n<p><\/p>\n\n\n\n<h2 class=\"wp-block-heading\">Publications<\/h2>\n\n\n\n<p>Richter, J. (2018):&nbsp;<a rel=\"noreferrer noopener\" href=\"https:\/\/www.socialnet.de\/rezensionen\/24569.php\" target=\"_blank\">Rezension vom 22.10.2018 zu: Martina Klausner, J\u00f6rg Niew\u00f6hner (Hrsg.): Psychiatrie im Kiez. Alltagspraxis in den Institutionen der gemeindepsychiatrischen Versorgung.<\/a>&nbsp;Panama Verlag (Berlin) 2012. ISBN 978-3-938714-22-5. Reihe: Berliner Bl\u00e4tter \u2013 Sonderheft 58. In: socialnet Rezensionen<\/p>\n\n\n\n<h2 class=\"wp-block-heading\">Talks<\/h2>\n\n\n\n<p>Bisdorf, H., Holzberg, L., Richter, J. (2019) Mentalisierungsf\u00f6rderung von Kindern psychisch kranker Eltern durch psychodramatisches Spiel \u2013 Vortrag im Rahmen des Seminars \u201eGesundheit und Krankheit Differenz, Anerkennung und Teilhabe. Mentalisierungsf\u00f6rdernde Interventionen in der Sozialen Arbeit und psychosozialen Beratung\u201c von Prof. Dr. Holger Kirsch an der Ev. Hochschule Darmstadt.<\/p>\n\n\n\n<h2 class=\"wp-block-heading\">Teaching<\/h2>\n\n\n\n<p>Mengilli Y., Richter, J. (2023). Beitrag im Seminar: Reflexivit\u00e4t in Handlungsfeldern der Jugendhilfe zum Thema Systemische Ans\u00e4tze und Systemische Beratung. EW-BA 11\/12. Geothe-Universit\u00e4t Frankfurt. SoSe 23.<\/p>\n\n\n\n<p>Anhorn, R., Engelhardt, I., Richter, J., Schimpf, E., Salmen, E., von Langsdorff, N. (2022). Beitrag in der Ringvorlesung: Einf\u00fchrung in Gegenstand, Geschichte, Theorien und Methoden Sozialer Arbeit: Systemtheorie und Systemische Ans\u00e4tze. Evangelische Hochschule Darmstadt. WiSe 22\/23.<\/p>\n\n\n\n<p>Anhorn, R., Engelhardt, I., Richter, J., Schimpf, E., Salmen, E., von Langsdorff, N. (2021). Beitrag in der Ringvorlesung: Einf\u00fchrung in Gegenstand, Geschichte, Theorien und Methoden Sozialer Arbeit: Systemtheorie und Systemische Ans\u00e4tze. Evangelische Hochschule Darmstadt. WiSe 21\/22.<\/p>\n\n\n\n<p>Richter, J. (2021). Seminar: Theorien und sozialwissenschaftliche Grundlegungen und ihre Relevanz f\u00fcr Theorieentwicklung und Handlungskonzepte \u2013 Beratung und Case Management am Beispiel Sozialpsychiatrie. Evangelische Hochschule Darmstadt. SoSe 21.<\/p>\n\n\n\n<p>Richter, J. (2020). Seminar: Theorien und sozialwissenschaftliche Grundlegungen und ihre Relevanz f\u00fcr Theorieentwicklung und Handlungskonzepte \u2013 Systemische Ans\u00e4tze in der Sozialen Arbeit. Evangelische Hochschule Darmstadt. WiSe 20\/21.<\/p>\n\n\n\n<p>Anhorn, R., Engelhardt, I., Richter, J., Schimpf, E., Salmen, E., von Langsdorff, N. (2020). Beitrag in der Ringvorlesung: Einf\u00fchrung in Gegenstand, Geschichte, Theorien und Methoden Sozialer Arbeit: Systemtheorie und Systemische Ans\u00e4tze. Evangelische Hochschule Darmstadt. WiSe 20\/21.<\/p>\n\n\n\n<h2 class=\"wp-block-heading\">Memberships and Certificates<\/h2>\n\n\n\n<p>Clinical Social Worker (ECCSW, European Centre for Clinical Social Work)<\/p>\n\n\n\n<p>Systemischer Therapeut und Familientherapeut (DGSF, Deutsche Gesellschaft f\u00fcr Systemische Therapie, Beratung und Familientherapie \/ Zertifizierung wird beantragt)<\/p>\n\n\n\n<p>Deutsche Gesellschaft f\u00fcr Erziehungswissenschaft (Komission Sozialp\u00e4dagogik, Sektion Organisationsp\u00e4dagogik \/ Mitgliedschaft beantragt)<\/p>\n","protected":false},"excerpt":{"rendered":"<p>contact Goethe-University FrankfurtGRK Doing Transitions address:IKB-building, 4th floorEschersheimer Landstra\u00dfe 12160322 Frankfurt am Main postal address:Theodor-W.-Adorno-Platz 1IKB-Geb\u00e4ude, Postfach 360323 Frankfurt am Main j.richter(at)em.uni-frankfurt.deProfil auf ResearchGate&nbsp;\/ ORCID-ID Publications Richter, J. (2018):&nbsp;Rezension vom [&hellip;]<\/p>\n","protected":false},"author":28,"featured_media":0,"parent":0,"menu_order":0,"comment_status":"closed","ping_status":"closed","template":"","meta":{"_genesis_hide_title":false,"_genesis_hide_breadcrumbs":false,"_genesis_hide_singular_image":false,"_genesis_hide_footer_widgets":false,"_genesis_custom_body_class":"","_genesis_custom_post_class":"","_genesis_layout":"","footnotes":""},"wf_page_folders":[16],"class_list":["post-3875","page","type-page","status-publish","entry"],"featured_image_src":null,"featured_image_src_square":null,"_links":{"self":[{"href":"https:\/\/doingtransitions.org\/en\/wp-json\/wp\/v2\/pages\/3875","targetHints":{"allow":["GET"]}}],"collection":[{"href":"https:\/\/doingtransitions.org\/en\/wp-json\/wp\/v2\/pages"}],"about":[{"href":"https:\/\/doingtransitions.org\/en\/wp-json\/wp\/v2\/types\/page"}],"author":[{"embeddable":true,"href":"https:\/\/doingtransitions.org\/en\/wp-json\/wp\/v2\/users\/28"}],"replies":[{"embeddable":true,"href":"https:\/\/doingtransitions.org\/en\/wp-json\/wp\/v2\/comments?post=3875"}],"version-history":[{"count":5,"href":"https:\/\/doingtransitions.org\/en\/wp-json\/wp\/v2\/pages\/3875\/revisions"}],"predecessor-version":[{"id":4599,"href":"https:\/\/doingtransitions.org\/en\/wp-json\/wp\/v2\/pages\/3875\/revisions\/4599"}],"wp:attachment":[{"href":"https:\/\/doingtransitions.org\/en\/wp-json\/wp\/v2\/media?parent=3875"}],"wp:term":[{"taxonomy":"wf_page_folders","embeddable":true,"href":"https:\/\/doingtransitions.org\/en\/wp-json\/wp\/v2\/wf_page_folders?post=3875"}],"curies":[{"name":"wp","href":"https:\/\/api.w.org\/{rel}","templated":true}]}}