{"id":3876,"date":"2023-03-20T08:54:29","date_gmt":"2023-03-20T08:54:29","guid":{"rendered":"https:\/\/doingtransitions.org\/katharina-pontius"},"modified":"2025-10-21T12:04:47","modified_gmt":"2025-10-21T12:04:47","slug":"katharina-pontius","status":"publish","type":"page","link":"https:\/\/doingtransitions.org\/en\/katharina-pontius","title":{"rendered":"Katharina Pontius, M.A."},"content":{"rendered":"\n<div class=\"wp-block-columns has-2-columns is-layout-flex wp-container-core-columns-is-layout-9d6595d7 wp-block-columns-is-layout-flex\">\n<div class=\"wp-block-column is-layout-flow wp-block-column-is-layout-flow\">\n<figure class=\"wp-block-image size-large is-style-default\"><img decoding=\"async\" width=\"1024\" height=\"684\" data-src=\"https:\/\/doingtransitions.org\/wp-content\/uploads\/2023\/03\/DSC_1309-1024x684.jpg\" alt=\"\" class=\"wp-image-4143 lazyload\" data-srcset=\"https:\/\/doingtransitions.org\/wp-content\/uploads\/2023\/03\/DSC_1309-1024x684.jpg 1024w, https:\/\/doingtransitions.org\/wp-content\/uploads\/2023\/03\/DSC_1309-300x200.jpg 300w, https:\/\/doingtransitions.org\/wp-content\/uploads\/2023\/03\/DSC_1309-768x513.jpg 768w, https:\/\/doingtransitions.org\/wp-content\/uploads\/2023\/03\/DSC_1309-1536x1025.jpg 1536w, https:\/\/doingtransitions.org\/wp-content\/uploads\/2023\/03\/DSC_1309-2048x1367.jpg 2048w, https:\/\/doingtransitions.org\/wp-content\/uploads\/2023\/03\/DSC_1309-600x400.jpg 600w\" data-sizes=\"(max-width: 1024px) 100vw, 1024px\" src=\"data:image\/svg+xml;base64,PHN2ZyB3aWR0aD0iMSIgaGVpZ2h0PSIxIiB4bWxucz0iaHR0cDovL3d3dy53My5vcmcvMjAwMC9zdmciPjwvc3ZnPg==\" style=\"--smush-placeholder-width: 1024px; --smush-placeholder-aspect-ratio: 1024\/684;\" \/><\/figure>\n<\/div>\n\n\n\n<div class=\"wp-block-column is-layout-flow wp-block-column-is-layout-flow\">\n<h2 class=\"wp-block-heading\">contact<\/h2>\n\n\n\n<p>Eberhard Karls University T\u00fcbingen<br>Graduiertenkolleg Doing Transitions<\/p>\n\n\n\n<p>Institute of Education<br>Department of Social Paedagogy<br>M\u00fcnzgasse 30<br>72070 T\u00fcbingen<\/p>\n\n\n\n<p>katharina.pontius[at]uni-tuebingen.de<\/p>\n<\/div>\n<\/div>\n\n\n\n<p>Katharina Pontius studied &#8220;Social Work and Childhood Education (B.A.)&#8221; at htw saar and &#8220;Research and Development in Social Pedagogy\/Social Work (M.A.)&#8221; at the University of T\u00fcbingen. After graduating, she worked as a lecturer and study coordinator at the Faculty of Social Sciences at htw saar from 2019 to 2022. In her dissertation project, she focuses on family transitions caused by changing care needs of older family members.<\/p>\n\n\n\n<h2 class=\"wp-block-heading\">Dissertation project<\/h2>\n\n\n\n<p>When family is discussed in public or professional contexts, the focus is usually on parents with young children (Jurczyk\/Thiessen 2020). Later phases of family life receive far less attention (Bauer\/Gr\u00f6ning 2007). Yet, as early as the 1990s, the idea of \u2018multi-local multigenerational family (multilokale Mehrgenerationenfamilie)\u2019 (Bertram 2001) stressed that family relationships extend beyond specific life stages or shared households.<\/p>\n\n\n\n<p>Current care statistics show that intergenerational caregiving practices intensify in many families, particularly in later life. In Germany, 85% of those officially recognized as needing care currently live in private households (Statistisches Bundesamt, 2024). 93% of people who provide informal care are family members (Kantar 2019). However, this does not mean that caregiving is always provided by family members.<\/p>\n\n\n\n<p>Regardless of whether, and to what extent, care work is taken on within families, changing care needs in later life evoke normative expectations that call on family members to position themselves. The practices and often implicit processes of negotiation associated with this are conceptualized in the present dissertation project as \u2018transitions\u2019.<\/p>\n\n\n\n<p>In order to address the question of how care processes are embedded in family contexts, the empirical approach of this dissertation project draws on family interviews, family genograms, and network maps. In the family interviews, both family history and everyday care practices become the subject of joint negotiation among those present, while the genogram captures the structural shape of the family across four to six generations. Network maps, in turn, include non-familial actors in the care process.<\/p>\n\n\n\n<p>Data collection and analysis thus rest on different methodological approaches. The analysis of interviews using the documentary method (Bohnsack 2021) is situated in a praxeological and sociological-knowledge perspective, while the genogram work (Hildenbrand 2018) is oriented toward phenomenological and structural-theoretical premises. It is precisely this triangulation of perspectives that makes it possible to see the different facets of what \u2018family\u2019 means in specific cases. Taking into account different temporalities further enable the reconstruction of caring family practices in later life, with their ambivalences between continuity and change.\u201d<\/p>\n\n\n\n<h2 class=\"wp-block-heading\">Presentations<\/h2>\n\n\n\n<p>Pontius, Katharina (2024): Familie in der zweiten Lebensh\u00e4lfte. Familiale Orientierungen im Kontext von Care und h\u00e4uslicher Pflege. Presentation at the conference of Network for Educational Family Research \u201eTheorien der Familie. Theorien zur Familie\u201c. June 07. \u2013 08., Osnabr\u00fcck.<\/p>\n\n\n\n<p>Pontius, Katharina (2023): Family transitions and Care. Presentation at the Working Group of Interdisciplinary Aging Studies at Goethe University Frankfurt am Main. December 11, Frankfurt am Main.<\/p>\n\n\n\n<p>Pontius, Katharina (2023): Yes, <em>we<\/em> care? Family transitions into care for older people \u2013 Poster presentation at the International Conference \u201cDoing Transitions. Relational perspectives on the life course\u201d. May 10. \u2013 12., Frankfurt am Main.<\/p>\n\n\n\n<h2 class=\"wp-block-heading\">Teaching<\/h2>\n\n\n\n<p>Pontius, Katharina (2020 \u2013 2023): Introduction to the fields of social work and childhood education. Exercise, Bachelor Social Work and Childhood Education, htw saar, winter semester.<\/p>\n\n\n\n<p>Pontius, Katharina (2020 \u2013 2023): Introduction to Social Work and Childhood Education. Proseminar, Bachelor Social Work and Childhood Education, htw saar, winter semester.<\/p>\n\n\n\n<p>Pontius, Katharina (2020 \u2013 2023): Socialization and education across the life course. Proseminar, Bachelor Social Work and Childhood Education, htw saar, winter semester.<\/p>\n\n\n\n<p>Pontius, Katharina (2020 \u2013 2022): Working fields of social work and childhood education. Social work with older people. Seminar, Bachelor Social Work and Childhood Education, htw saar, summer semester.<\/p>\n\n\n\n<p>Pontius, Katharina (2020 \u2013 2022): Diagnostic approaches and case analysis. Proseminar, Bachelor Social Work and Childhood Education, htw saar, summer semester.<\/p>\n\n\n\n<p>Pontius, Katharina (2020 \u2013 2022): Theories and concepts of social work and childhood education. Proseminar, Bachelor Social Work and Childhood Education, htw saar, summer semester.<\/p>\n\n\n\n<p>Pontius, Katharina (2021): Care work and social inequalities. Seminar, Bachelor Social Work and Childhood Education, htw saar, winter semester.<\/p>\n\n\n\n<p>Pontius, Katharina (2020): Care as social practice. Optional seminar, Bachelor of Social Work and Childhood Education, htw saar, summer semester.<\/p>\n","protected":false},"excerpt":{"rendered":"<p>contact Eberhard Karls University T\u00fcbingenGraduiertenkolleg Doing Transitions Institute of EducationDepartment of Social PaedagogyM\u00fcnzgasse 3072070 T\u00fcbingen katharina.pontius[at]uni-tuebingen.de Katharina Pontius studied &#8220;Social Work and Childhood Education (B.A.)&#8221; at htw saar and &#8220;Research [&hellip;]<\/p>\n","protected":false},"author":36,"featured_media":0,"parent":0,"menu_order":0,"comment_status":"closed","ping_status":"closed","template":"","meta":{"_genesis_hide_title":false,"_genesis_hide_breadcrumbs":false,"_genesis_hide_singular_image":false,"_genesis_hide_footer_widgets":false,"_genesis_custom_body_class":"","_genesis_custom_post_class":"","_genesis_layout":"","footnotes":""},"wf_page_folders":[16],"class_list":["post-3876","page","type-page","status-publish","entry"],"featured_image_src":null,"featured_image_src_square":null,"_links":{"self":[{"href":"https:\/\/doingtransitions.org\/en\/wp-json\/wp\/v2\/pages\/3876","targetHints":{"allow":["GET"]}}],"collection":[{"href":"https:\/\/doingtransitions.org\/en\/wp-json\/wp\/v2\/pages"}],"about":[{"href":"https:\/\/doingtransitions.org\/en\/wp-json\/wp\/v2\/types\/page"}],"author":[{"embeddable":true,"href":"https:\/\/doingtransitions.org\/en\/wp-json\/wp\/v2\/users\/36"}],"replies":[{"embeddable":true,"href":"https:\/\/doingtransitions.org\/en\/wp-json\/wp\/v2\/comments?post=3876"}],"version-history":[{"count":6,"href":"https:\/\/doingtransitions.org\/en\/wp-json\/wp\/v2\/pages\/3876\/revisions"}],"predecessor-version":[{"id":6431,"href":"https:\/\/doingtransitions.org\/en\/wp-json\/wp\/v2\/pages\/3876\/revisions\/6431"}],"wp:attachment":[{"href":"https:\/\/doingtransitions.org\/en\/wp-json\/wp\/v2\/media?parent=3876"}],"wp:term":[{"taxonomy":"wf_page_folders","embeddable":true,"href":"https:\/\/doingtransitions.org\/en\/wp-json\/wp\/v2\/wf_page_folders?post=3876"}],"curies":[{"name":"wp","href":"https:\/\/api.w.org\/{rel}","templated":true}]}}