{"id":3877,"date":"2023-03-20T08:54:40","date_gmt":"2023-03-20T08:54:40","guid":{"rendered":"https:\/\/doingtransitions.org\/kritika-gosain"},"modified":"2025-06-04T11:05:24","modified_gmt":"2025-06-04T11:05:24","slug":"kritika-gosain","status":"publish","type":"page","link":"https:\/\/doingtransitions.org\/en\/kritika-gosain","title":{"rendered":"Kritika Gosain, M.A."},"content":{"rendered":"\n<div class=\"wp-block-group\"><div class=\"wp-block-group__inner-container is-layout-flow wp-block-group-is-layout-flow\"><\/div><\/div>\n\n\n\n<div class=\"wp-block-columns has-2-columns is-layout-flex wp-container-core-columns-is-layout-9d6595d7 wp-block-columns-is-layout-flex\">\n<div class=\"wp-block-column is-layout-flow wp-block-column-is-layout-flow\">\n<figure class=\"wp-block-image size-large is-style-default\"><img decoding=\"async\" width=\"1024\" height=\"684\" data-src=\"https:\/\/doingtransitions.org\/wp-content\/uploads\/2023\/03\/Foto-Kritika-Gosain-Foto-by-Natalia-Zumaran-1024x684.jpg\" alt=\"\" class=\"wp-image-4107 lazyload\" data-srcset=\"https:\/\/doingtransitions.org\/wp-content\/uploads\/2023\/03\/Foto-Kritika-Gosain-Foto-by-Natalia-Zumaran-1024x684.jpg 1024w, https:\/\/doingtransitions.org\/wp-content\/uploads\/2023\/03\/Foto-Kritika-Gosain-Foto-by-Natalia-Zumaran-300x200.jpg 300w, https:\/\/doingtransitions.org\/wp-content\/uploads\/2023\/03\/Foto-Kritika-Gosain-Foto-by-Natalia-Zumaran-768x513.jpg 768w, https:\/\/doingtransitions.org\/wp-content\/uploads\/2023\/03\/Foto-Kritika-Gosain-Foto-by-Natalia-Zumaran-1536x1025.jpg 1536w, https:\/\/doingtransitions.org\/wp-content\/uploads\/2023\/03\/Foto-Kritika-Gosain-Foto-by-Natalia-Zumaran-2048x1367.jpg 2048w, https:\/\/doingtransitions.org\/wp-content\/uploads\/2023\/03\/Foto-Kritika-Gosain-Foto-by-Natalia-Zumaran-600x400.jpg 600w\" data-sizes=\"(max-width: 1024px) 100vw, 1024px\" src=\"data:image\/svg+xml;base64,PHN2ZyB3aWR0aD0iMSIgaGVpZ2h0PSIxIiB4bWxucz0iaHR0cDovL3d3dy53My5vcmcvMjAwMC9zdmciPjwvc3ZnPg==\" style=\"--smush-placeholder-width: 1024px; --smush-placeholder-aspect-ratio: 1024\/684;\" \/><\/figure>\n<\/div>\n\n\n\n<div class=\"wp-block-column is-layout-flow wp-block-column-is-layout-flow\">\n<h2 class=\"wp-block-heading\">contact<\/h2>\n\n\n\n<p>Eberhard Karls University T\u00fcbingen<br>Graduiertenkolleg Doing Transitions<\/p>\n\n\n\n<p>Institute of Education<br>Department of Social Paedagogy<br>M\u00fcnzgasse 30<br>72070 T\u00fcbingen<\/p>\n\n\n\n<p><a href=\"mailto:kritika.gosain@uni-tuebingen.de\">kritika.gosain[at]uni-tuebingen.de<\/a><\/p>\n<\/div>\n<\/div>\n\n\n\n<h2 class=\"wp-block-heading\">Doctoral Research<\/h2>\n\n\n\n<p>Kritika Gosain is working on a doctoral research project titled <em>\u201cUterus Removal as Transition \u2013 Forced Hysterectomies among Sugarcane Workers in Maharashtra\u201d<\/em>, which adopts a life course perspective to examine the intersections of labour exploitation, gender-based violence, and health impacts. Her study explores how female labourers, particularly those from marginalized communities, are subjected to invasive procedures such as hysterectomies in order to meet the exploitative demands of the labour market. These surgeries often result in early menopause, accelerating the aging process and causing lasting health repercussions.<\/p>\n\n\n\n<p>By employing sociological frameworks such as Intersectionality (Crenshaw, 1989), Super-exploitation (Marini, 1973), and the Migration Development Regime (Agarwala, 2022), the research highlights how caste, class, and gender intersect to deepen the exploitation of these women. Intersectionality is used to unpack the layered vulnerabilities they face, while the concept of Super-exploitation underscores the extreme labour conditions that pressure women into undergoing these procedures for continued employment. The Migration Development Regime situates the phenomenon within broader labour migration and development policies that exacerbate systemic inequalities.<\/p>\n\n\n\n<p>Ultimately, Gosain\u2019s study identifies forced hysterectomies as a form of gender-based violence, shaped by structural injustices embedded in the labour economy.<\/p>\n\n\n\n<h2 class=\"wp-block-heading\">Conference Presentations<\/h2>\n\n\n\n<p><strong>2024<\/strong><\/p>\n\n\n\n<ul class=\"wp-block-list\">\n<li>Paper Presentation: \u2018Age, Pain and Vulnerability: Exploring the relation of age and painful experiences through the method of \u201cage blinding\u201d, Tension and Transformation, European Sociological Association (Porto, 27<sup>th<\/sup>-30<sup>th<\/sup> August 2024)<\/li>\n\n\n\n<li>Paper Presentation: \u2018Intersecting Inequalities in Aging- A Comprehensive study of migrant female sugarcane workers in Maharashtra\u2019 at Intersectional Solidarities: Building Communities of Hope, Justice, and Joy, American Sociological Association (Montreal, 9<sup>th<\/sup>-13<sup>th<\/sup> August, 2024)<\/li>\n\n\n\n<li>Paper Presentation: \u2018Modern-Day Slavery or Not? A case study of forced hysterectomies in female sugarcane workers of Maharashtra\u2019 at Conference of The International Political Economy of Labour Migration, University of Duisburg-Essen, Germany. (Essen, 18<sup>th<\/sup>-20<sup>th<\/sup> July, 2024)<\/li>\n\n\n\n<li>Paper Presentation: \u2018Understanding Modern day Slavery-A case study of female sugarcane workers in Beed, Maharashtra\u2019 at Annual Conference: Crisis, Continuity and Change, British Sociological Association. (3<sup>rd<\/sup> \u2013 5<sup>th<\/sup> April, 2024)<\/li>\n<\/ul>\n\n\n\n<p><strong>2023<\/strong><\/p>\n\n\n\n<ul class=\"wp-block-list\">\n<li>Poster Presentation: \u2018Uterus Removal as a Transition\u2019 In Relational Perspectives on Life Course, International Conference at Goethe University Frankfurt\/Main.<em><\/em><\/li>\n<\/ul>\n\n\n\n<p><strong>2022<\/strong><\/p>\n\n\n\n<ul class=\"wp-block-list\">\n<li>Participated in the Digital National Conference on Sustainable Innovation for Rural Integration hosted by Jawaharlal Nehru University, New Delhi.<\/li>\n<\/ul>\n\n\n\n<p><strong>2021<\/strong><\/p>\n\n\n\n<ul class=\"wp-block-list\">\n<li>Paper Presentation: \u2018Women\u2019s health issues in in farming: A matter of concern or denial? Hysterectomy among female sugarcane farmers in Beed\u2019 In Economic Empowerment of tiny agricultural sectors in India at NABARD.<\/li>\n<\/ul>\n\n\n\n<p><strong>2017<\/strong><\/p>\n\n\n\n<ul class=\"wp-block-list\">\n<li>Participated in the International Conference on Sustainable and Renewable Energy Development and Design (2017), Royal University of Bhutan, Bhutan fellowship includes intensive communication, writing, social and behaviour change communication training; practical assignments; and mentoring by SBCC professionals<strong>.<\/strong><\/li>\n<\/ul>\n\n\n\n<p><strong>Grants<\/strong><\/p>\n\n\n\n<ul class=\"wp-block-list\">\n<li><strong>Visitors Grant<\/strong>, awarded by The Swiss Centre of Expertise in Life Course Research (LIVES), 2025.<\/li>\n<\/ul>\n","protected":false},"excerpt":{"rendered":"<p>contact Eberhard Karls University T\u00fcbingenGraduiertenkolleg Doing Transitions Institute of EducationDepartment of Social PaedagogyM\u00fcnzgasse 3072070 T\u00fcbingen kritika.gosain[at]uni-tuebingen.de Doctoral Research Kritika Gosain is working on a doctoral research project titled \u201cUterus Removal [&hellip;]<\/p>\n","protected":false},"author":1,"featured_media":0,"parent":0,"menu_order":0,"comment_status":"closed","ping_status":"closed","template":"","meta":{"_genesis_hide_title":false,"_genesis_hide_breadcrumbs":false,"_genesis_hide_singular_image":false,"_genesis_hide_footer_widgets":false,"_genesis_custom_body_class":"","_genesis_custom_post_class":"","_genesis_layout":"","footnotes":""},"wf_page_folders":[16],"class_list":["post-3877","page","type-page","status-publish","entry"],"featured_image_src":null,"featured_image_src_square":null,"_links":{"self":[{"href":"https:\/\/doingtransitions.org\/en\/wp-json\/wp\/v2\/pages\/3877","targetHints":{"allow":["GET"]}}],"collection":[{"href":"https:\/\/doingtransitions.org\/en\/wp-json\/wp\/v2\/pages"}],"about":[{"href":"https:\/\/doingtransitions.org\/en\/wp-json\/wp\/v2\/types\/page"}],"author":[{"embeddable":true,"href":"https:\/\/doingtransitions.org\/en\/wp-json\/wp\/v2\/users\/1"}],"replies":[{"embeddable":true,"href":"https:\/\/doingtransitions.org\/en\/wp-json\/wp\/v2\/comments?post=3877"}],"version-history":[{"count":4,"href":"https:\/\/doingtransitions.org\/en\/wp-json\/wp\/v2\/pages\/3877\/revisions"}],"predecessor-version":[{"id":6047,"href":"https:\/\/doingtransitions.org\/en\/wp-json\/wp\/v2\/pages\/3877\/revisions\/6047"}],"wp:attachment":[{"href":"https:\/\/doingtransitions.org\/en\/wp-json\/wp\/v2\/media?parent=3877"}],"wp:term":[{"taxonomy":"wf_page_folders","embeddable":true,"href":"https:\/\/doingtransitions.org\/en\/wp-json\/wp\/v2\/wf_page_folders?post=3877"}],"curies":[{"name":"wp","href":"https:\/\/api.w.org\/{rel}","templated":true}]}}