{"id":3885,"date":"2023-03-20T08:58:53","date_gmt":"2023-03-20T08:58:53","guid":{"rendered":"https:\/\/doingtransitions.org\/stella-schaefer"},"modified":"2024-04-23T14:21:48","modified_gmt":"2024-04-23T14:21:48","slug":"stella-schaefer","status":"publish","type":"page","link":"https:\/\/doingtransitions.org\/en\/stella-schaefer","title":{"rendered":"Stella Sch\u00e4fer, M.A."},"content":{"rendered":"\n<div class=\"wp-block-group\"><div class=\"wp-block-group__inner-container is-layout-flow wp-block-group-is-layout-flow\"><\/div><\/div>\n\n\n\n<div class=\"wp-block-columns has-2-columns is-layout-flex wp-container-core-columns-is-layout-9d6595d7 wp-block-columns-is-layout-flex\">\n<div class=\"wp-block-column is-layout-flow wp-block-column-is-layout-flow\">\n<figure class=\"wp-block-image size-large is-style-default\"><img decoding=\"async\" width=\"1024\" height=\"684\" data-src=\"https:\/\/doingtransitions.org\/wp-content\/uploads\/2023\/03\/Foto_Stella-Schaefer-Foto-by-Natalia-Zumaran-1024x684.jpg\" alt=\"\" class=\"wp-image-3935 lazyload\" data-srcset=\"https:\/\/doingtransitions.org\/wp-content\/uploads\/2023\/03\/Foto_Stella-Schaefer-Foto-by-Natalia-Zumaran-1024x684.jpg 1024w, https:\/\/doingtransitions.org\/wp-content\/uploads\/2023\/03\/Foto_Stella-Schaefer-Foto-by-Natalia-Zumaran-300x200.jpg 300w, https:\/\/doingtransitions.org\/wp-content\/uploads\/2023\/03\/Foto_Stella-Schaefer-Foto-by-Natalia-Zumaran-768x513.jpg 768w, https:\/\/doingtransitions.org\/wp-content\/uploads\/2023\/03\/Foto_Stella-Schaefer-Foto-by-Natalia-Zumaran-1536x1025.jpg 1536w, https:\/\/doingtransitions.org\/wp-content\/uploads\/2023\/03\/Foto_Stella-Schaefer-Foto-by-Natalia-Zumaran-2048x1367.jpg 2048w, https:\/\/doingtransitions.org\/wp-content\/uploads\/2023\/03\/Foto_Stella-Schaefer-Foto-by-Natalia-Zumaran-600x400.jpg 600w\" data-sizes=\"(max-width: 1024px) 100vw, 1024px\" src=\"data:image\/svg+xml;base64,PHN2ZyB3aWR0aD0iMSIgaGVpZ2h0PSIxIiB4bWxucz0iaHR0cDovL3d3dy53My5vcmcvMjAwMC9zdmciPjwvc3ZnPg==\" style=\"--smush-placeholder-width: 1024px; --smush-placeholder-aspect-ratio: 1024\/684;\" \/><\/figure>\n<\/div>\n\n\n\n<div class=\"wp-block-column is-layout-flow wp-block-column-is-layout-flow\">\n<h2 class=\"wp-block-heading\">contact<\/h2>\n\n\n\n<p>Goethe-University Frankfurt<br>GRK Doing Transitions<\/p>\n\n\n\n<p>address:<br>IKB-building, 4<sup>th<\/sup> floor<br>Eschersheimer Landstra\u00dfe 121<br>60322 Frankfurt am Main<\/p>\n\n\n\n<p>postal address:<br>Theodor-W.-Adorno-Platz 1<br>IKB-Geb\u00e4ude, Postfach 3<br>60323 Frankfurt am Main<\/p>\n\n\n\n<p>stella.schaefer(at)stud.uni-frankfurt.de<\/p>\n<\/div>\n<\/div>\n\n\n\n<h2 class=\"wp-block-heading\">Vita<\/h2>\n\n\n\n<p>Stella Sch\u00e4fer is a sociologist and is doing her doctorate within the framework of the DFG Research Training Group \u201cDoing Transitions. Forms of Shaping Transitions in the Life Course\u201d. Previously, she studied human geography, sociology, political science and gender studies in Erlangen-Nuremberg, Mankato Minnesota, Frankfurt am Main as well as in Mexico City and graduated with a Master of Human Geography (M.A.).<br>During her studies she completed the certificate program Women\u2019s and Gender Studies of the Cornelia Goethe Center. From 2018 to 2021, she was involved in a total of three research projects on gendered violence and women\u2019s shelters at the Department of Social Work and Health at Frankfurt University of Applied Sciences. Since 2022, she has been a doctoral candidate at the Institute of Sociology at Goethe University. Stella Sch\u00e4fer\u2019s research focuses on violence in gender relations, intersectionality and transition research.<\/p>\n\n\n\n<h2 class=\"wp-block-heading\">Phd project<\/h2>\n\n\n\n<p><strong>Paths of women affected by violence &#8211; an intersectional analysis of gender-based violence<\/strong><\/p>\n\n\n\n<p>The dissertation project deals with transitions in the life course of women* affected by violence. The focus is on the shaping of transitions of women* affected by violence within the structure of violence in domestic territories and social power relations. The concept of domestic violence emphasizes the spatial aspect of private space. Since for many women* affected by violence not only private households are space in the experience of violence. The project extends the perspective of domestic territories as spaces with a sense of intimacy and control.<br>By means of an intersectional perspectivization through map-based, problem-centered interviews, the question will be explored how subjectivation processes take shape in the transition of addressing violence and what opportunities and hurdles women* affected by violence encounter. It is planned to conduct 10 interviews with women* affected by violence.<br>The aim of the work is to draw theoretical conclusions on the connections between social structures and domestic violence.<\/p>\n\n\n\n<h2 class=\"wp-block-heading\">Curriculum vitae<\/h2>\n\n\n\n<figure class=\"wp-block-table\"><table><tbody><tr><td><strong>since 2\/2023<\/strong><\/td><td>Associate member Doing Transitions<\/td><\/tr><tr><td><strong>10\/2022-2\/2023<\/strong><\/td><td>Cornelia Goethe Colloquium Theorizing Gender(ed) Violence. On the topicality of gender-based violence<\/td><\/tr><tr><td><strong>since 9\/2022<\/strong><\/td><td>PhD student at the Institute for Sociology at Goethe University<\/td><\/tr><tr><td><strong>8\/2021 &#8211; 9\/2022<\/strong><\/td><td>Maternity leave &amp; parental leave<\/td><\/tr><tr><td><strong>04\/2021 \u2013 07\/2021<\/strong><\/td><td>Lecturer, Seminar \u201cViolence in Gender Relations\u201d, Frankfurt University of Applied Sciences<\/td><\/tr><tr><td><strong>5\/2020 \u2013 3\/2021<\/strong><\/td><td>Research assistant in the project \u201cFrom a gender-specific to an intersectional concept of violence \u2013 quality assurance of teaching in the Bachelor Social Work and Master Social Work\u201d, Frankfurt University of Applied Sciences<\/td><\/tr><tr><td><strong>4\/2020 \u2013 3\/2021<\/strong><\/td><td>Research assistant in the research project \u201cWomen\u2019s shelters and the implementation of the Istanbul Convention \u2013 challenges in Hessen\u201d, Frankfurt University of Applied Sciences<\/td><\/tr><tr><td><strong>8\/2018 \u2013 3\/2020<\/strong><\/td><td>Research assistant in the research project \u201cThe living situation of women affected by violence with and without psychiatric experience in women\u2019s shelters \u2013 an intersectional view\u201d, Frankfurt University of Applied Sciences Frankfurt<\/td><\/tr><tr><td><strong>10\/2014 \u2013 02\/2018<\/strong><\/td><td>Studies of human geography (M.A.) and gender studies (certificate program) at Goethe University Frankfurt a. M. and Universidad Nacional Aut\u00f3noma de M\u00e9xico<\/td><\/tr><tr><td><strong>10\/2007 \u2013 08\/2014<\/strong><\/td><td>Studies of Cultural Geography, Sociology and Political Science (B.A.) at Friedrich-Alexander-University Erlangen-Nuremberg and Minnesota State University<\/td><\/tr><\/tbody><\/table><\/figure>\n\n\n\n<h2 class=\"wp-block-heading\">Publications<\/h2>\n\n\n\n<p>Keitzel, S.; Klaus, L.; Sch\u00e4fer, S. (2024): Emotional Mapping. Everyday Spaces and Emotions of Vulnerability. In: VisQual Methodbox, URL: https:\/\/visqual.leibniz-ifl-projekte.de\/methodbox\/2023\/12\/19\/emotional-mapping\/<\/p>\n\n\n\n<p>Isselstein, Eva; Klaus, Luise; Kordes, Jan; Manek, Julia; Sch\u00e4fer, Stella (2022): Countermapping durch Storymaps: Werkzeug einer dekolonial-feministischen Betrachtung von Femi(ni)ziden in Deutschland. In: Dammann, Finn &amp; Michel, Boris: Handbuch Kritisches Kartieren. Transcript. Bielefeld.<\/p>\n\n\n\n<p>Droege-Kempf, Hilke; Feld, Doris; Sch\u00e4fer, Stella (2021): Das Autonome Frauenhaus als feministischer Ort. In Betz, Johanna; Keitzel, Svenja; Schardt, J\u00fcrgen; Schipper, Sebastian; Schmitt Pac\u00edfico, Sara &amp; Wiegand, Felix: Stadt f\u00fcr Alle?! \u2013 Stadtentwicklung und soziale K\u00e4mpfe in der Global City Frankfurt am Main. Transcript. Bielefeld.<\/p>\n\n\n\n<p>Sch\u00e4fer, Stella (2019): Geschlecht und Sexualit\u00e4t in der Sexuellen Gewalt. \u00dcberlegungen im Anschluss an den Beitrag von Marco Roock. In: Freie Assoziation 22(2) S.91-95.<\/p>\n\n\n\n<p>Manek, Julia; Sch\u00e4fer, Stella; Klaus, Luise; Isselstein, Eva; Marchese, Giulia; Bauer, Joanna; Kordes, Jan (2019): Zur Sichtbarmachung von Femi(ni)ziden. Ein Bericht \u00fcber feministisches Countermapping. In: Feministisches Geo-Rund-Mail 80. S. 19-39.<\/p>\n\n\n\n<p>Sch\u00e4fer, Stella &amp; Hecker, Hannah (2018): Vergeschlechtlichte Resozialisierungen. Mutter-Kind-Heime im Strafvollzug. In: Forum Recht 04. S. 124-128.<\/p>\n\n\n\n<h2 class=\"wp-block-heading\">Lectures ans Conferences <\/h2>\n\n\n\n<p>Symposium Intersectional Perspectives on Violence &amp; Gender, Frankfurt University of Applied Sciences, Frankfurt a.M., 28.6.2021<\/p>\n\n\n\n<p>Symposium The life situation of women affected by violence with and without psychiatric experience &#8211; an intersectional view, Frankfurt University of Applied Sciences, Frankfurt a.M., 15.10.2020<\/p>\n\n\n\n<h2 class=\"wp-block-heading\">Teaching<\/h2>\n\n\n\n<p><strong>04\/2024 \u2013 07\/2024 <\/strong>Seminar Geschlechtsbezogene Gewalt: Gegenw\u00e4rtige Theoretisierung und ihre Kontroversen, Goethe Universit\u00e4t Frankfurt a.M.<\/p>\n\n\n\n<p><strong>04\/2020 \u2013 07\/2021 <\/strong>Seminar Gewalt im Geschlechterverh\u00e4ltnis, Frankfurt University of Applied Sciences<\/p>\n\n\n\n<h2 class=\"wp-block-heading\">Memberships<\/h2>\n\n\n\n<p><a href=\"https:\/\/soziologie.de\/\">Deutsche Gesellschaft f\u00fcr Soziologie<\/a>&nbsp;(DGS)<\/p>\n\n\n\n<p><a href=\"http:\/\/www.engv.org\/\">European Network on Gender and Violence<\/a>&nbsp;(ENGV)<\/p>\n","protected":false},"excerpt":{"rendered":"<p>contact Goethe-University FrankfurtGRK Doing Transitions address:IKB-building, 4th floorEschersheimer Landstra\u00dfe 12160322 Frankfurt am Main postal address:Theodor-W.-Adorno-Platz 1IKB-Geb\u00e4ude, Postfach 360323 Frankfurt am Main stella.schaefer(at)stud.uni-frankfurt.de Vita Stella Sch\u00e4fer is a sociologist and is [&hellip;]<\/p>\n","protected":false},"author":34,"featured_media":0,"parent":0,"menu_order":0,"comment_status":"closed","ping_status":"closed","template":"","meta":{"_genesis_hide_title":false,"_genesis_hide_breadcrumbs":false,"_genesis_hide_singular_image":false,"_genesis_hide_footer_widgets":false,"_genesis_custom_body_class":"","_genesis_custom_post_class":"","_genesis_layout":"","footnotes":""},"wf_page_folders":[16],"class_list":["post-3885","page","type-page","status-publish","entry"],"featured_image_src":null,"featured_image_src_square":null,"_links":{"self":[{"href":"https:\/\/doingtransitions.org\/en\/wp-json\/wp\/v2\/pages\/3885","targetHints":{"allow":["GET"]}}],"collection":[{"href":"https:\/\/doingtransitions.org\/en\/wp-json\/wp\/v2\/pages"}],"about":[{"href":"https:\/\/doingtransitions.org\/en\/wp-json\/wp\/v2\/types\/page"}],"author":[{"embeddable":true,"href":"https:\/\/doingtransitions.org\/en\/wp-json\/wp\/v2\/users\/34"}],"replies":[{"embeddable":true,"href":"https:\/\/doingtransitions.org\/en\/wp-json\/wp\/v2\/comments?post=3885"}],"version-history":[{"count":6,"href":"https:\/\/doingtransitions.org\/en\/wp-json\/wp\/v2\/pages\/3885\/revisions"}],"predecessor-version":[{"id":5175,"href":"https:\/\/doingtransitions.org\/en\/wp-json\/wp\/v2\/pages\/3885\/revisions\/5175"}],"wp:attachment":[{"href":"https:\/\/doingtransitions.org\/en\/wp-json\/wp\/v2\/media?parent=3885"}],"wp:term":[{"taxonomy":"wf_page_folders","embeddable":true,"href":"https:\/\/doingtransitions.org\/en\/wp-json\/wp\/v2\/wf_page_folders?post=3885"}],"curies":[{"name":"wp","href":"https:\/\/api.w.org\/{rel}","templated":true}]}}