{"id":4576,"date":"2023-06-19T10:52:35","date_gmt":"2023-06-19T10:52:35","guid":{"rendered":"https:\/\/doingtransitions.org\/karla-wazinski-m-a"},"modified":"2023-06-19T11:35:11","modified_gmt":"2023-06-19T11:35:11","slug":"karla-wazinski-m-a","status":"publish","type":"page","link":"https:\/\/doingtransitions.org\/en\/karla-wazinski-m-a","title":{"rendered":"Karla Wazinski, M.A."},"content":{"rendered":"\n<div class=\"wp-block-group\"><div class=\"wp-block-group__inner-container is-layout-flow wp-block-group-is-layout-flow\"><\/div><\/div>\n\n\n\n<div class=\"wp-block-columns has-2-columns is-layout-flex wp-container-core-columns-is-layout-9d6595d7 wp-block-columns-is-layout-flex\">\n<div class=\"wp-block-column is-layout-flow wp-block-column-is-layout-flow\">\n<figure class=\"wp-block-image size-large is-style-default\"><img decoding=\"async\" width=\"1024\" height=\"684\" data-src=\"https:\/\/doingtransitions.org\/wp-content\/uploads\/2023\/03\/Foto-Karla-Wazinski-Foto-by-Natalia-Zumaran-1024x684.jpg\" alt=\"\" class=\"wp-image-3930 lazyload\" data-srcset=\"https:\/\/doingtransitions.org\/wp-content\/uploads\/2023\/03\/Foto-Karla-Wazinski-Foto-by-Natalia-Zumaran-1024x684.jpg 1024w, https:\/\/doingtransitions.org\/wp-content\/uploads\/2023\/03\/Foto-Karla-Wazinski-Foto-by-Natalia-Zumaran-300x200.jpg 300w, https:\/\/doingtransitions.org\/wp-content\/uploads\/2023\/03\/Foto-Karla-Wazinski-Foto-by-Natalia-Zumaran-768x513.jpg 768w, https:\/\/doingtransitions.org\/wp-content\/uploads\/2023\/03\/Foto-Karla-Wazinski-Foto-by-Natalia-Zumaran-1536x1025.jpg 1536w, https:\/\/doingtransitions.org\/wp-content\/uploads\/2023\/03\/Foto-Karla-Wazinski-Foto-by-Natalia-Zumaran-2048x1367.jpg 2048w, https:\/\/doingtransitions.org\/wp-content\/uploads\/2023\/03\/Foto-Karla-Wazinski-Foto-by-Natalia-Zumaran-600x400.jpg 600w\" data-sizes=\"(max-width: 1024px) 100vw, 1024px\" src=\"data:image\/svg+xml;base64,PHN2ZyB3aWR0aD0iMSIgaGVpZ2h0PSIxIiB4bWxucz0iaHR0cDovL3d3dy53My5vcmcvMjAwMC9zdmciPjwvc3ZnPg==\" style=\"--smush-placeholder-width: 1024px; --smush-placeholder-aspect-ratio: 1024\/684;\" \/><\/figure>\n<\/div>\n\n\n\n<div class=\"wp-block-column is-layout-flow wp-block-column-is-layout-flow\">\n<h2 class=\"wp-block-heading\">contact<\/h2>\n\n\n\n<p>Goethe-University Frankfurt <br>GRK Doing Transitions<\/p>\n\n\n\n<p>address:<br>IKB-building, 4<sup>th<\/sup> floor, Raum 4220 <br>Eschersheimer Landstra\u00dfe 121 <br>60322 Frankfurt am Main<\/p>\n\n\n\n<p>postal address: <br>Theodor-W.-Adorno-Platz 1 <br>IKB-Geb\u00e4ude, Postfach 3 <br>60323 Frankfurt am Main<\/p>\n\n\n\n<p>wazinski[at]em.uni-frankfurt.de<\/p>\n<\/div>\n<\/div>\n\n\n\n<h2 class=\"wp-block-heading\">Publications<\/h2>\n\n\n\n<p>Wazinski, K., Wanka, A., Kyl\u00e9n, M., Slaug, B., &amp; Schmidt, S. M. (2023). Mapping Transitions in the Life Course\u2014An Exploration of Process Ontological Potentials and Limits of Situational Analysis.&nbsp;<em>Forum Qualitative Sozialforschung Forum: Qualitative Social Research<\/em>,&nbsp;<em>24<\/em>(2). <a href=\"https:\/\/doi.org\/10.17169\/fqs-24.2.4088\">https:\/\/doi.org\/10.17169\/fqs-24.2.4088<\/a><\/p>\n\n\n\n<p>Wazinski, K., Knopf, L., Wanka, A. &amp; Hess, M. (2022). Invisible caregivers: The \u2018hidden lives\u2019 of German university students with care responsibilities. <em>Zeitschrift f\u00fcr Hochschulentwicklung, 17<\/em>(4), 217-233.&nbsp; DOI: 10.3217\/zfhe-17-04\/11<\/p>\n\n\n\n<p>Eriksson, E., Wazinski, K., Wanka, A., Kyl\u00e9n, M., Oswald, F., Slaug, B., Iwarsson. S. &amp; Schmidt, S.M. (2022). <a href=\"https:\/\/www.mdpi.com\/1660-4601\/19\/20\/13314\">Perceived Housing in Relation to Retirement and Relocation: A Qualitative Interview Study among Older Adults<em>.<\/em><\/a><em> International Journal of Environmental Research and Public Health, 19<\/em>(20), 13314. https:\/\/doi.org\/10.3390\/ijerph192013314<\/p>\n\n\n\n<p>Knopf, L., Wazinski, K., Wanka, A. &amp; Hess, M. (2022). <a href=\"https:\/\/www.beltz.de\/fachmedien\/soziologie\/produkte\/details\/48934-caring-societies-sorgende-gesellschaften.html\">Hochschulen als Teil von Caring Societies \u2013 Herausforderungen und Unterst\u00fctzung von Studierenden mit Pflegeaufgaben.<\/a> In U. Knobloch, H. Theobald, C. Dengler, A. Kleinert, C. Gnadt, H. Lehner (Hrsg.), <em>Caring Societies &#8211; Sorgende Gesellschaften. Neue Abh\u00e4ngigkeiten oder mehr Gerechtigkeit?<\/em> (S.85-96). Weinheim.<\/p>\n\n\n\n<p>Knopf, L., Wazinski, K., Wanka, A. &amp; Hess, M. (2022). <a href=\"https:\/\/www.tandfonline.com\/doi\/full\/10.1080\/0309877X.2021.2008332\">Caregiving students: A systematic literature review of an under-researched group. <\/a><em>Journal of Further and Higher Education, 46<\/em>(6),822-835. https:\/\/doi.org\/10.1080\/0309877X.2021.2008332<\/p>\n\n\n\n<p>Knopf, L., Wazinski, K., Wanka, A. &amp; Hess, M. (2021): Vereinbarkeit von Studium und Pflege \u2013 ein wenig beachtetes Forschungsfeld in Wissenschaft und Praxis. <em>Zwischent\u00f6ne 2<\/em>\/2021.<\/p>\n\n\n\n<p>Wazinski, K., Wanka, A., Schmidt, S. M. &amp; Kyl\u00e9n, M.. Linked Transitions in Later Life \u2013 Retiring as Transitional Assemblage in the COVID-19 Pandemic. <em>Journal of Intergenerational Relations<\/em>. (im Erscheinen)<\/p>\n\n\n\n<h2 class=\"wp-block-heading\">Talks<\/h2>\n\n\n\n<p>Wazinski, K. (2022): &#8220;Yoyo&#8221; Transitions in the life course &#8211; Moving out, moving back in and moving out again of an adult child from the parental home from the parents&#8217; perspective. Autorin eines Vortrags auf der Konferenz \u201cIntergenerational Inequalities and the Contemporary Family Setup\u201d, Universit\u00e4t Bremen, 21. November.<\/p>\n\n\n\n<p>Wazinski, K., Eriksson, E., Wanka, A. (2022): Reasoning about Life Transitions in Relation to Perceived Housing. In-Depth Data from Germany and Sweden on \u201cLinked Transitions\u201d and \u201cLinked Lives\u201d. Autorin eines Vortrags auf Nordic Congress of Gerontology in Odense, D\u00e4nemark, 8. Juni<\/p>\n\n\n\n<p>Bauder, T., Brinkmann, S., Leser, C., Silkenbeumer, M., Terstegen, S. &amp; Wazinski, K. (2022): Szenarien der Nachnutzung qualitativer Daten \u2014 methodisch-methodologische Implikationen, M\u00f6glichkeiten und Grenzbestimmungen. Chair des Forschungsforums auf dem 28. DGfE-Kongress, Universit\u00e4t Bremen [online]<\/p>\n\n\n\n<p>Wanka, A., Wazinski, K., Oswald, F. (2021): Reasoning About Life Transitions in Relation to Perceived Housing: In- Depth Data From Germany. Ko-Autorin f\u00fcr Vortrag auf dem Kongress der Gerontological Society of America (GSA), 13. November [online]<\/p>\n\n\n\n<p>Wazinski, K.; Knopf, L. (2021): Pflegende Studierende: Problemlagen und Unterst\u00fctzungsm\u00f6glichkeiten f\u00fcr Studierende mit Pflegeverpflichtungen. Vortrag im Workshop \u201eBildungsgerechtigkeit in alternden Gesellschaften. Aufbau einer Unterst\u00fctzungsstruktur f\u00fcr Studierende mit Pflegeverpflichtungen an der Universit\u00e4t Stuttgart, 6. Dezember [online]<\/p>\n\n\n\n<h2 class=\"wp-block-heading\">Teaching<\/h2>\n\n\n\n<p>\u201eWohnen, Gesundheit und Wohlbefinden im Alter\u201c, Blockseminar im Bachelorstudiengang Soziale Arbeit, SS 2022\/WS 2022\/23, Evangelische Hochschule Ludwigsburg<\/p>\n\n\n\n<p>Wazinski, K. (2021): Pflegende Studierende: Problemlagen und Unterst\u00fctzungsm\u00f6glichkeiten f\u00fcr Studierende mit Pflegeverpflichtungen. Gastvortrag im Seminar \u201ePraxisforschung \u2013 Systematische Literaturanalyse\u201c des Bachelorstudiengangs Soziale Arbeit, Hochschule Niederrhein, 2. Dezember [online]<\/p>\n\n\n\n<h2 class=\"wp-block-heading\">Memberships<\/h2>\n\n\n\n<p>International Sociological Association (ISA)<\/p>\n\n\n\n<p>Deutsche Gesellschaft f\u00fcr Erziehungswissenschaft (DGfE)<\/p>\n\n\n\n<h2 class=\"wp-block-heading\">DFG-Emmy-Noether Gruppe<\/h2>\n\n\n\n<p><a href=\"https:\/\/www.uni-frankfurt.de\/128982655\/Emmy_Noether_Gruppe\">https:\/\/www.uni-frankfurt.de\/128982655\/Emmy_Noether_Gruppe<\/a><\/p>\n","protected":false},"excerpt":{"rendered":"<p>contact Goethe-University Frankfurt GRK Doing Transitions address:IKB-building, 4th floor, Raum 4220 Eschersheimer Landstra\u00dfe 121 60322 Frankfurt am Main postal address: Theodor-W.-Adorno-Platz 1 IKB-Geb\u00e4ude, Postfach 3 60323 Frankfurt am Main wazinski[at]em.uni-frankfurt.de [&hellip;]<\/p>\n","protected":false},"author":35,"featured_media":0,"parent":0,"menu_order":0,"comment_status":"closed","ping_status":"closed","template":"","meta":{"_genesis_hide_title":false,"_genesis_hide_breadcrumbs":false,"_genesis_hide_singular_image":false,"_genesis_hide_footer_widgets":false,"_genesis_custom_body_class":"","_genesis_custom_post_class":"","_genesis_layout":"","footnotes":""},"wf_page_folders":[16],"class_list":["post-4576","page","type-page","status-publish","entry"],"featured_image_src":null,"featured_image_src_square":null,"_links":{"self":[{"href":"https:\/\/doingtransitions.org\/en\/wp-json\/wp\/v2\/pages\/4576","targetHints":{"allow":["GET"]}}],"collection":[{"href":"https:\/\/doingtransitions.org\/en\/wp-json\/wp\/v2\/pages"}],"about":[{"href":"https:\/\/doingtransitions.org\/en\/wp-json\/wp\/v2\/types\/page"}],"author":[{"embeddable":true,"href":"https:\/\/doingtransitions.org\/en\/wp-json\/wp\/v2\/users\/35"}],"replies":[{"embeddable":true,"href":"https:\/\/doingtransitions.org\/en\/wp-json\/wp\/v2\/comments?post=4576"}],"version-history":[{"count":2,"href":"https:\/\/doingtransitions.org\/en\/wp-json\/wp\/v2\/pages\/4576\/revisions"}],"predecessor-version":[{"id":4587,"href":"https:\/\/doingtransitions.org\/en\/wp-json\/wp\/v2\/pages\/4576\/revisions\/4587"}],"wp:attachment":[{"href":"https:\/\/doingtransitions.org\/en\/wp-json\/wp\/v2\/media?parent=4576"}],"wp:term":[{"taxonomy":"wf_page_folders","embeddable":true,"href":"https:\/\/doingtransitions.org\/en\/wp-json\/wp\/v2\/wf_page_folders?post=4576"}],"curies":[{"name":"wp","href":"https:\/\/api.w.org\/{rel}","templated":true}]}}