{"id":503,"date":"2019-11-25T08:20:09","date_gmt":"2019-11-25T08:20:09","guid":{"rendered":"https:\/\/dev.doingtransitions.org\/?page_id=503"},"modified":"2025-12-18T10:46:27","modified_gmt":"2025-12-18T10:46:27","slug":"team","status":"publish","type":"page","link":"https:\/\/doingtransitions.org\/en\/team","title":{"rendered":"Team"},"content":{"rendered":"\n<div class=\"wp-block-atomic-blocks-ab-accordion is-style-gosocial-additional-css_darkred ab-block-accordion\"><details><summary class=\"ab-accordion-title\"><strong>professors<\/strong><\/summary><div class=\"ab-accordion-text\">\n<ul class=\"wp-block-list\">\n<li><strong>Prof. Dr. Sabine Andresen<\/strong><\/li>\n\n\n\n<li><strong>Prof. <\/strong><sup><a href=\"https:\/\/doingtransitions.org\/en\/team\/prof-in-dr-petra-bauer?lang=en\"><\/a><a href=\"https:\/\/dev.doingtransitions.org\/team\/prof-in-dr-petra-bauer\"><\/a><\/sup><strong>Dr. Petra Bauer<\/strong><\/li>\n\n\n\n<li><strong>Prof. Dr. Birgit Becker<\/strong><\/li>\n\n\n\n<li><strong>Prof.<\/strong><sup><a href=\"https:\/\/doingtransitions.org\/team\/prof-in-dr-barbara-friebertshauser?lang=en\"><\/a><a href=\"https:\/\/dev.doingtransitions.org\/team\/prof-in-dr-barbara-friebertshaeuser\"><\/a><\/sup><strong>Dr. Barbara Friebertsh\u00e4user<\/strong><\/li>\n\n\n\n<li><strong>Prof. <\/strong><sup><a href=\"https:\/\/doingtransitions.org\/en\/team\/prof-in-dr-christiane-hof?lang=en\"><\/a><a href=\"https:\/\/doingtransitions.org\/en\/team\/prof-in-dr-christiane-hof\"><\/a><a href=\"https:\/\/dev.doingtransitions.org\/team\/prof-in-dr-christiane-hof\"><\/a><\/sup><strong>Dr. Christiane Hof<\/strong><\/li>\n\n\n\n<li><strong>Jun.-Prof. Dr. Ursula Offenberger<\/strong> (since 2021)<\/li>\n\n\n\n<li><strong>Prof. Dr. Frank Oswald<\/strong><\/li>\n\n\n\n<li><strong>Prof. Dr. Markus Rieger-Ladich<\/strong><\/li>\n\n\n\n<li><strong>Prof. Dr. Bernhard Schmidt-Hertha<\/strong> (2017\u20132021)<\/li>\n\n\n\n<li><strong>Prof. Dr. Pia Schober<\/strong> (since 2021)<\/li>\n\n\n\n<li><strong>Prof. Dr. Sarah Speck<\/strong> (since 2021)<\/li>\n\n\n\n<li><strong>Prof. <\/strong><sup><a href=\"https:\/\/doingtransitions.org\/en\/team\/prof-in-dr-barbara-stauber?lang=en\"><\/a><a href=\"https:\/\/dev.doingtransitions.org\/team\/prof-in-dr-barbara-stauber\"><\/a><\/sup><strong>Dr. Barbara Stauber (deputy speaker)<\/strong><\/li>\n\n\n\n<li><strong>Prof. Dr. Andreas Walther (speaker)<\/strong><\/li>\n\n\n\n<li><strong>Dr. Anna Wanka<\/strong><\/li>\n<\/ul>\n<\/div><\/details><\/div>\n\n\n\n<div class=\"wp-block-atomic-blocks-ab-accordion is-style-gosocial-additional-css_darkred ab-block-accordion\"><details><summary class=\"ab-accordion-title\"><strong>post-doctoral fellows<\/strong><\/summary><div class=\"ab-accordion-text\">\n<ul class=\"wp-block-list\">\n<li><strong>Dr. Maria Keil<\/strong><\/li>\n\n\n\n<li><strong>Dr. Kevin St\u00fctzel<\/strong><\/li>\n<\/ul>\n<\/div><\/details><\/div>\n\n\n\n<div class=\"wp-block-atomic-blocks-ab-accordion is-style-gosocial-additional-css_darkblue ab-block-accordion\"><details><summary class=\"ab-accordion-title\"><strong>coordination<\/strong><\/summary><div class=\"ab-accordion-text\">\n<ul class=\"wp-block-list\">\n<li><strong>Juliane Kirchner, M.A.<\/strong><\/li>\n\n\n\n<li><strong>Dr. Sibylle Walter<\/strong><\/li>\n<\/ul>\n\n\n\n<p><\/p>\n<\/div><\/details><\/div>\n\n\n\n<div class=\"wp-block-atomic-blocks-ab-accordion is-style-gosocial-additional-css_lightblue ab-block-accordion\"><details><summary class=\"ab-accordion-title\"><strong>doctoral fellows<\/strong><\/summary><div class=\"ab-accordion-text\">\n<ul class=\"wp-block-list\">\n<li><strong>Hans Goerdten, M.A.<\/strong><\/li>\n\n\n\n<li><strong>Kritika Gosain, M.A.<\/strong><\/li>\n\n\n\n<li><strong>Clara Gutleben, M.A.<\/strong><\/li>\n\n\n\n<li><strong>Lena Mazurkiewicz, M.A.<\/strong><\/li>\n\n\n\n<li><strong>Simone Niedoba, M.Sc.<\/strong><\/li>\n\n\n\n<li><strong>Lio Okroi, M.A.<\/strong><\/li>\n\n\n\n<li><strong>Katharina Pontius, M.A.<\/strong><\/li>\n\n\n\n<li><strong>Marie-Theres Pooch, M.A.<\/strong><\/li>\n\n\n\n<li><strong>Marie Reich, M.A.<\/strong><\/li>\n\n\n\n<li><strong>Jonas Richter, M.A.<\/strong><\/li>\n\n\n\n<li><strong>Carolin Schiller, M.A.<\/strong><\/li>\n\n\n\n<li><strong>Frederika Schulte, M.A.<\/strong><\/li>\n\n\n\n<li><strong>Lisa Vatter, M.A.<\/strong><\/li>\n<\/ul>\n\n\n\n<h3 class=\"wp-block-heading\"><strong>associated fellows:<\/strong><\/h3>\n\n\n\n<ul class=\"wp-block-list\">\n<li><strong>Elio Clemenz, M.A.<\/strong><\/li>\n\n\n\n<li><strong>Milena Feldmann, M.A.<\/strong><\/li>\n\n\n\n<li><strong>Stella Sch\u00e4fer, M.A.<\/strong><\/li>\n\n\n\n<li><strong>Rahat Shah, M.A.<\/strong><\/li>\n\n\n\n<li><strong>Karla Wazinski, M.A.<\/strong><\/li>\n\n\n\n<li><strong>D\u00e9sir\u00e9e W\u00e4gerle, M.A.<\/strong><\/li>\n\n\n\n<li><strong>Tauheed Zahra, M.A.<\/strong><\/li>\n<\/ul>\n<\/div><\/details><\/div>\n\n\n\n<div class=\"wp-block-atomic-blocks-ab-accordion is-style-gosocial-additional-css_lightblue ab-block-accordion\"><details><summary class=\"ab-accordion-title\"><strong>former doctoral fellows<\/strong><\/summary><div class=\"ab-accordion-text\">\n<h4 class=\"wp-block-heading\">Fellows of the 1rst cohort (2017-2019):<\/h4>\n\n\n\n<ul class=\"wp-block-list\">\n<li><strong>Noreen Eberle, M.A.<\/strong><\/li>\n\n\n\n<li><strong>Dr. Kathrin Henrich<\/strong><\/li>\n\n\n\n<li><strong>Dr. Nils Klevermann<\/strong><\/li>\n\n\n\n<li><strong>Dipl.-Soz. Janne Krumb\u00fcgel<\/strong><\/li>\n\n\n\n<li><strong>Miriam Lehnert, M.A.<\/strong><\/li>\n\n\n\n<li><strong>Dipl.-Sozialwiss. Bianca Lenz<\/strong><\/li>\n\n\n\n<li><strong>Dr. Helena M\u00fcller<\/strong><\/li>\n\n\n\n<li><strong>Dr. Deborah N\u00e4gler<\/strong><\/li>\n\n\n\n<li><strong>Dr. Andrea Pohling<\/strong><\/li>\n\n\n\n<li><strong>Dr. Julia Prescher<\/strong><\/li>\n\n\n\n<li><strong>Dr. Anna Reinhardt<\/strong><\/li>\n\n\n\n<li><strong>Tabea Freutel-Funke, M.A.<\/strong><\/li>\n<\/ul>\n\n\n\n<h4 class=\"wp-block-heading\">Associated fellows of the 1rst cohort (2017-2019):<\/h4>\n\n\n\n<ul class=\"wp-block-list\">\n<li><strong>Dr. Simone Anton<\/strong><\/li>\n\n\n\n<li><strong>Dr. Eva Heinrich<\/strong><\/li>\n\n\n\n<li><strong>Dr. Heidi Hirschfeld<\/strong><\/li>\n\n\n\n<li><strong>Dr. Jessica L\u00fctgens<\/strong><\/li>\n\n\n\n<li><strong>Dr. Kerstin Rinnert<\/strong><\/li>\n<\/ul>\n\n\n\n<h4 class=\"wp-block-heading\">Fellows of the 2nd cohort (2020-2023):<\/h4>\n\n\n\n<ul class=\"wp-block-list\">\n<li><strong>Luisa Bischoff, M.A.<\/strong><\/li>\n\n\n\n<li><strong>Lilian Coates, M.A.<\/strong><\/li>\n\n\n\n<li><strong>Julian Fricke, M.A.<\/strong><\/li>\n\n\n\n<li><strong>Louka Maju Goetzke, M.A.<\/strong><\/li>\n\n\n\n<li><strong>Jana Heer, M.A.<\/strong><\/li>\n\n\n\n<li><strong>Dr.in<\/strong> <strong>Victoria Heuschele<\/strong> <\/li>\n\n\n\n<li><strong>Marius Hilkert, M.A.<\/strong><\/li>\n\n\n\n<li><strong>Lukas Kammerlander, M.A.<\/strong><\/li>\n\n\n\n<li><strong>Natascha Shalutkevich, M.A.<\/strong><\/li>\n\n\n\n<li><strong>Miaojun She, M.A.<\/strong><\/li>\n\n\n\n<li><strong>Elisa Thevenot, MBA<\/strong><\/li>\n<\/ul>\n\n\n\n<h4 class=\"wp-block-heading\">Associated fellows of the 2nd cohort (2020-2023):<\/h4>\n\n\n\n<ul class=\"wp-block-list\">\n<li><strong>Dr. Michael Bernhard<\/strong><\/li>\n\n\n\n<li><strong>Flora Petrik, M.A.<\/strong><\/li>\n\n\n\n<li><strong>Tamara Schwertel, M.A.<\/strong><\/li>\n\n\n\n<li><strong>Khira Sippli, M.A.<\/strong><\/li>\n<\/ul>\n<\/div><\/details><\/div>\n\n\n\n<div class=\"wp-block-atomic-blocks-ab-accordion is-style-gosocial-additional-css_lightred ab-block-accordion\"><details><summary class=\"ab-accordion-title\"><strong>research students<\/strong><\/summary><div class=\"ab-accordion-text\">\n<ul class=\"wp-block-list\">\n<li><strong>Cory Elbrechter<\/strong><\/li>\n\n\n\n<li><strong>Sophie Fecht<\/strong><\/li>\n\n\n\n<li><strong>Leona Krause<\/strong><\/li>\n\n\n\n<li><strong>Lina-Camille Petry<\/strong><\/li>\n\n\n\n<li><strong>Jenny Spies<\/strong><\/li>\n<\/ul>\n\n\n\n<h4 class=\"wp-block-heading\">former research students:<\/h4>\n\n\n\n<ul class=\"wp-block-list\">\n<li><strong>Vincent A\u00dfheuer<\/strong><\/li>\n\n\n\n<li><strong>Julia Bauer<\/strong><\/li>\n\n\n\n<li><strong>Melanie Binder<\/strong><\/li>\n\n\n\n<li><strong>Saba Bolaghi<\/strong><\/li>\n\n\n\n<li><strong>Claudia Bommersheim<\/strong><\/li>\n\n\n\n<li><strong>Emily Brater<\/strong><\/li>\n\n\n\n<li><strong>Silvia B\u00fcrth<\/strong><\/li>\n\n\n\n<li><strong>Johanna Christ<\/strong><\/li>\n\n\n\n<li><strong>Roderick Dietrich<\/strong><\/li>\n\n\n\n<li><strong>Jana Dreesbach<\/strong><\/li>\n\n\n\n<li><strong>Christina D\u00fclfer<\/strong><\/li>\n\n\n\n<li><strong>Dorothee Engbers<\/strong><\/li>\n\n\n\n<li><strong>Verena Folusewytsch<\/strong><\/li>\n\n\n\n<li><strong>Anna Galliker<\/strong><\/li>\n\n\n\n<li><strong>David Heu\u00df<\/strong><\/li>\n\n\n\n<li><strong>Marius Hilkert<\/strong><\/li>\n\n\n\n<li><strong>Verena Hofheinz<\/strong><\/li>\n\n\n\n<li><strong>Leonie Holdik<\/strong><\/li>\n\n\n\n<li><strong>Daphni-Mascha Manousaridou<\/strong><\/li>\n\n\n\n<li><strong>Michael M\u00fcller<\/strong><\/li>\n\n\n\n<li><strong>Valeria Picozzi<\/strong><\/li>\n\n\n\n<li><strong>Amelie Rapp<\/strong><\/li>\n\n\n\n<li><strong>Julia R\u00f6mmelt<\/strong><\/li>\n\n\n\n<li><strong>Clara Sartingen<\/strong><\/li>\n\n\n\n<li><strong>Barbara Scheche<\/strong>r<\/li>\n\n\n\n<li><strong>Lukas Schellenberger<\/strong><\/li>\n\n\n\n<li><strong>Victoria Schmidt-Heuschele<\/strong><\/li>\n\n\n\n<li><strong>Frederika Schult<\/strong>e<\/li>\n\n\n\n<li><strong>Mirjam Seits<\/strong><\/li>\n\n\n\n<li><strong>Niels Unverdorben<\/strong><\/li>\n\n\n\n<li><strong>Meike Vogt<\/strong><\/li>\n\n\n\n<li><strong>Karla Wazinski<\/strong><\/li>\n\n\n\n<li><strong>Christoph Wilhelm<\/strong><\/li>\n<\/ul>\n\n\n\n<p><\/p>\n<\/div><\/details><\/div>\n","protected":false},"excerpt":{"rendered":"","protected":false},"author":1,"featured_media":0,"parent":0,"menu_order":0,"comment_status":"closed","ping_status":"closed","template":"","meta":{"_genesis_hide_title":false,"_genesis_hide_breadcrumbs":false,"_genesis_hide_singular_image":false,"_genesis_hide_footer_widgets":false,"_genesis_custom_body_class":"","_genesis_custom_post_class":"","_genesis_layout":"","footnotes":""},"wf_page_folders":[19],"class_list":["post-503","page","type-page","status-publish","entry"],"featured_image_src":null,"featured_image_src_square":null,"_links":{"self":[{"href":"https:\/\/doingtransitions.org\/en\/wp-json\/wp\/v2\/pages\/503","targetHints":{"allow":["GET"]}}],"collection":[{"href":"https:\/\/doingtransitions.org\/en\/wp-json\/wp\/v2\/pages"}],"about":[{"href":"https:\/\/doingtransitions.org\/en\/wp-json\/wp\/v2\/types\/page"}],"author":[{"embeddable":true,"href":"https:\/\/doingtransitions.org\/en\/wp-json\/wp\/v2\/users\/1"}],"replies":[{"embeddable":true,"href":"https:\/\/doingtransitions.org\/en\/wp-json\/wp\/v2\/comments?post=503"}],"version-history":[{"count":86,"href":"https:\/\/doingtransitions.org\/en\/wp-json\/wp\/v2\/pages\/503\/revisions"}],"predecessor-version":[{"id":6482,"href":"https:\/\/doingtransitions.org\/en\/wp-json\/wp\/v2\/pages\/503\/revisions\/6482"}],"wp:attachment":[{"href":"https:\/\/doingtransitions.org\/en\/wp-json\/wp\/v2\/media?parent=503"}],"wp:term":[{"taxonomy":"wf_page_folders","embeddable":true,"href":"https:\/\/doingtransitions.org\/en\/wp-json\/wp\/v2\/wf_page_folders?post=503"}],"curies":[{"name":"wp","href":"https:\/\/api.w.org\/{rel}","templated":true}]}}