{"id":755,"date":"2020-02-03T09:01:05","date_gmt":"2020-02-03T09:01:05","guid":{"rendered":"https:\/\/dev.doingtransitions.org\/?page_id=755"},"modified":"2020-05-19T11:46:42","modified_gmt":"2020-05-19T11:46:42","slug":"dipl-soz-janne-krumbugel","status":"publish","type":"page","link":"https:\/\/doingtransitions.org\/en\/team\/dipl-soz-janne-krumbugel","title":{"rendered":"Dipl.-Soz. Janne Krumb\u00fcgel"},"content":{"rendered":"\n<div class=\"wp-block-columns has-2-columns is-layout-flex wp-container-core-columns-is-layout-9d6595d7 wp-block-columns-is-layout-flex\">\n<div class=\"wp-block-column is-layout-flow wp-block-column-is-layout-flow\">\n<figure class=\"wp-block-image size-large is-style-default\"><img decoding=\"async\" width=\"900\" height=\"682\" data-src=\"https:\/\/doingtransitions.org\/wp-content\/uploads\/2019\/10\/Janne-900x682.jpg\" alt=\"\" class=\"wp-image-357 lazyload\" data-srcset=\"https:\/\/doingtransitions.org\/wp-content\/uploads\/2019\/10\/Janne-900x682.jpg 900w, https:\/\/doingtransitions.org\/wp-content\/uploads\/2019\/10\/Janne-900x682-300x227.jpg 300w, https:\/\/doingtransitions.org\/wp-content\/uploads\/2019\/10\/Janne-900x682-768x582.jpg 768w\" data-sizes=\"(max-width: 900px) 100vw, 900px\" src=\"data:image\/svg+xml;base64,PHN2ZyB3aWR0aD0iMSIgaGVpZ2h0PSIxIiB4bWxucz0iaHR0cDovL3d3dy53My5vcmcvMjAwMC9zdmciPjwvc3ZnPg==\" style=\"--smush-placeholder-width: 900px; --smush-placeholder-aspect-ratio: 900\/682;\" \/><\/figure>\n<\/div>\n\n\n\n<div class=\"wp-block-column is-layout-flow wp-block-column-is-layout-flow\">\n<h2 class=\"wp-block-heading\">contact<\/h2>\n\n\n\n<p>Goethe-University Frankfurt<br>GRK Doing Transitions<\/p>\n\n\n\n<p>address:<br>IKB-building, 4<sup>th<\/sup> floor<br>Eschersheimer Landstra\u00dfe 121<br>60322 Frankfurt am Main<\/p>\n\n\n\n<p>postal address:<br>Theodor-W.-Adorno-Platz 1<br>IKB-Geb\u00e4ude, Postfach 3<br>60323 Frankfurt am Main<\/p>\n\n\n\n<p>+49 (0)69 798-22483<br>j.krumbuegel(at)em.uni-frankfurt.de<\/p>\n<\/div>\n<\/div>\n\n\n\n<p>Janne Krumb\u00fcgel studied sociology with a focus on gender studies in Frankfurt and Pamplona. She was student assistant for Prof.\u2019in Dr. Eva S\u00e4nger in her research projects \u201cEnacting Pregnancy: The Role of the Sonogram in Prenatal Diagnosis\u201d and \u201cIs Prenatal Diagnosis Changing? The Implementation of Non-Invasive Prenatal Diagnosis of Down Syndrome in Germany\u201d. Furthermore, she worked as a freelance scientific editor and translator and as author of medical advice articles.<\/p>\n\n\n\n<p>Her research interests surround the topics pregnancy, the transition to parenthood, consulting and advice literature, and medicine. She is expecially interested in gender relations at the transition to parenthood, as well as medical diagnostics and reproduction technologies in relation with ideas of family and gender. She uses qualitative research methodologies, primarily discourse analysis. In her dissertation project, she analyses interpellations directed to parents to be in pregnancy advice literature.<\/p>\n\n\n\n<p>research project<br><strong>The transition to parenthood in pregnancy advice literature<\/strong><\/p>\n\n\n\n<p>Pregnancy advice literature promises orientation and aid to decision-making during pregnancy, birth and the first weeks with the newborn to their readership. Encompassing health and medical questions, work-related and relationship matters, they address and problematize a broad spectrum of topics concerning changes during the transition to parenthood. The advice books thus present themselves as encompassing \u2018transition companions\u2019, which transport ideas about \u2018good\u2019 and \u2018proper\u2019 life. In the dissertation project, advice books are considered as sites of (re)production of those historically changing ideas of transitions.<\/p>\n\n\n\n<p>In this context I follow the question of how parents-to-be are addressed and discursively interpellated through german pregnancy advice literature. Which expectations and norms are directed towards them, and which image of parents-to-be is transported? As societal concepts of family and gender have considerably changed in the past decades, the analysis focuses on ideas of gender relations in current pregnancy books. A further focal point lies in medical risk discourses and the connected responsibilization of parents-to-be. Methodologically, the project applies a discourse analytical approach.<\/p>\n\n\n\n<p><\/p>\n\n\n\n<p><strong><strong>Presentations and publications<\/strong><\/strong><\/p>\n\n\n\n<p>\u201cPerfectly relaxed and prepared \u2013 the ambivalence of self-optimization discourses in pregnancy advice literature.\u201d Presentation at the 27. DGfE-Congress, March 2020<\/p>\n\n\n\n<p>\u201eIdeas and images of the pregnant body in advice literature\u201d. Presentation at the international conference \u201eDoing transitions in the life course. Discourses, practices, institutions, subjects, University of T\u00fcbingen, February 2020<\/p>\n\n\n\n<p>\u201cAdvice literature as a material of reflexive transition research.\u201d Presentation at the 26. DGfE-Congress, March 2018<\/p>\n\n\n\n<p>Krumb\u00fcgel, Janne (2015): Der \u00dcbergang zur Elternschaft in \u00e4rztlichen Schwangerschaftsratgebern. Eine diskursanalytische Untersuchung von Mutter- und Vaterbildern. In: Marga G\u00fcnther et al. (Hg.): Mutter, Vater, Kind &#8211; Geschlechterpraxen in der Elternschaft. Berlin: Budrich Verlag, S. 141-156.&nbsp;[<em>The transition to parenthood in medical advice brochures. A discourse-analytical exploration of ideas of mother- and fatherhood.<\/em>]<\/p>\n\n\n\n<p><\/p>\n","protected":false},"excerpt":{"rendered":"<p>contact Goethe-University FrankfurtGRK Doing Transitions address:IKB-building, 4th floorEschersheimer Landstra\u00dfe 12160322 Frankfurt am Main postal address:Theodor-W.-Adorno-Platz 1IKB-Geb\u00e4ude, Postfach 360323 Frankfurt am Main +49 (0)69 798-22483j.krumbuegel(at)em.uni-frankfurt.de Janne Krumb\u00fcgel studied sociology with a [&hellip;]<\/p>\n","protected":false},"author":1,"featured_media":0,"parent":503,"menu_order":0,"comment_status":"closed","ping_status":"closed","template":"","meta":{"_genesis_hide_title":false,"_genesis_hide_breadcrumbs":false,"_genesis_hide_singular_image":false,"_genesis_hide_footer_widgets":false,"_genesis_custom_body_class":"","_genesis_custom_post_class":"","_genesis_layout":"","footnotes":""},"wf_page_folders":[21],"class_list":["post-755","page","type-page","status-publish","entry"],"featured_image_src":null,"featured_image_src_square":null,"_links":{"self":[{"href":"https:\/\/doingtransitions.org\/en\/wp-json\/wp\/v2\/pages\/755","targetHints":{"allow":["GET"]}}],"collection":[{"href":"https:\/\/doingtransitions.org\/en\/wp-json\/wp\/v2\/pages"}],"about":[{"href":"https:\/\/doingtransitions.org\/en\/wp-json\/wp\/v2\/types\/page"}],"author":[{"embeddable":true,"href":"https:\/\/doingtransitions.org\/en\/wp-json\/wp\/v2\/users\/1"}],"replies":[{"embeddable":true,"href":"https:\/\/doingtransitions.org\/en\/wp-json\/wp\/v2\/comments?post=755"}],"version-history":[{"count":3,"href":"https:\/\/doingtransitions.org\/en\/wp-json\/wp\/v2\/pages\/755\/revisions"}],"predecessor-version":[{"id":1638,"href":"https:\/\/doingtransitions.org\/en\/wp-json\/wp\/v2\/pages\/755\/revisions\/1638"}],"up":[{"embeddable":true,"href":"https:\/\/doingtransitions.org\/en\/wp-json\/wp\/v2\/pages\/503"}],"wp:attachment":[{"href":"https:\/\/doingtransitions.org\/en\/wp-json\/wp\/v2\/media?parent=755"}],"wp:term":[{"taxonomy":"wf_page_folders","embeddable":true,"href":"https:\/\/doingtransitions.org\/en\/wp-json\/wp\/v2\/wf_page_folders?post=755"}],"curies":[{"name":"wp","href":"https:\/\/api.w.org\/{rel}","templated":true}]}}