{"id":763,"date":"2020-02-03T09:20:17","date_gmt":"2020-02-03T09:20:17","guid":{"rendered":"https:\/\/dev.doingtransitions.org\/?page_id=763"},"modified":"2021-01-14T14:38:58","modified_gmt":"2021-01-14T14:38:58","slug":"heidi-hirschfeld-m-a","status":"publish","type":"page","link":"https:\/\/doingtransitions.org\/en\/team\/heidi-hirschfeld-m-a","title":{"rendered":"Dr. Heidi Hirschfeld"},"content":{"rendered":"\n<div class=\"wp-block-columns has-2-columns is-layout-flex wp-container-core-columns-is-layout-9d6595d7 wp-block-columns-is-layout-flex\">\n<div class=\"wp-block-column is-layout-flow wp-block-column-is-layout-flow\">\n<figure class=\"wp-block-image size-large is-style-default\"><img decoding=\"async\" width=\"900\" height=\"601\" data-src=\"https:\/\/doingtransitions.org\/wp-content\/uploads\/2019\/10\/Heidi-900x601.jpg\" alt=\"\" class=\"wp-image-387 lazyload\" data-srcset=\"https:\/\/doingtransitions.org\/wp-content\/uploads\/2019\/10\/Heidi-900x601.jpg 900w, https:\/\/doingtransitions.org\/wp-content\/uploads\/2019\/10\/Heidi-900x601-300x200.jpg 300w, https:\/\/doingtransitions.org\/wp-content\/uploads\/2019\/10\/Heidi-900x601-768x513.jpg 768w, https:\/\/doingtransitions.org\/wp-content\/uploads\/2019\/10\/Heidi-900x601-600x400.jpg 600w\" data-sizes=\"(max-width: 900px) 100vw, 900px\" src=\"data:image\/svg+xml;base64,PHN2ZyB3aWR0aD0iMSIgaGVpZ2h0PSIxIiB4bWxucz0iaHR0cDovL3d3dy53My5vcmcvMjAwMC9zdmciPjwvc3ZnPg==\" style=\"--smush-placeholder-width: 900px; --smush-placeholder-aspect-ratio: 900\/601;\" \/><\/figure>\n<\/div>\n\n\n\n<div class=\"wp-block-column is-layout-flow wp-block-column-is-layout-flow\">\n<h2 class=\"wp-block-heading\">contact<\/h2>\n\n\n\n<p>Eberhard Karls Universit\u00e4t T\u00fcbingen<\/p>\n\n\n\n<p>Institut f\u00fcr Erziehungswissenschaft |Abteilung Sozialp\u00e4dagogik |<br>GRK Doing Transitions<\/p>\n\n\n\n<p>M\u00fcnzgasse 22<br>72070 T\u00fcbingen<\/p>\n\n\n\n<p>heidi.hirschfeld(at)gmx.de<\/p>\n<\/div>\n<\/div>\n\n\n\n<hr class=\"wp-block-separator\"\/>\n","protected":false},"excerpt":{"rendered":"<p>contact Eberhard Karls Universit\u00e4t T\u00fcbingen Institut f\u00fcr Erziehungswissenschaft |Abteilung Sozialp\u00e4dagogik |GRK Doing Transitions M\u00fcnzgasse 2272070 T\u00fcbingen heidi.hirschfeld(at)gmx.de<\/p>\n","protected":false},"author":1,"featured_media":0,"parent":503,"menu_order":0,"comment_status":"closed","ping_status":"closed","template":"","meta":{"_genesis_hide_title":false,"_genesis_hide_breadcrumbs":false,"_genesis_hide_singular_image":false,"_genesis_hide_footer_widgets":false,"_genesis_custom_body_class":"","_genesis_custom_post_class":"","_genesis_layout":"","footnotes":""},"wf_page_folders":[22],"class_list":["post-763","page","type-page","status-publish","entry"],"featured_image_src":null,"featured_image_src_square":null,"_links":{"self":[{"href":"https:\/\/doingtransitions.org\/en\/wp-json\/wp\/v2\/pages\/763","targetHints":{"allow":["GET"]}}],"collection":[{"href":"https:\/\/doingtransitions.org\/en\/wp-json\/wp\/v2\/pages"}],"about":[{"href":"https:\/\/doingtransitions.org\/en\/wp-json\/wp\/v2\/types\/page"}],"author":[{"embeddable":true,"href":"https:\/\/doingtransitions.org\/en\/wp-json\/wp\/v2\/users\/1"}],"replies":[{"embeddable":true,"href":"https:\/\/doingtransitions.org\/en\/wp-json\/wp\/v2\/comments?post=763"}],"version-history":[{"count":4,"href":"https:\/\/doingtransitions.org\/en\/wp-json\/wp\/v2\/pages\/763\/revisions"}],"predecessor-version":[{"id":1913,"href":"https:\/\/doingtransitions.org\/en\/wp-json\/wp\/v2\/pages\/763\/revisions\/1913"}],"up":[{"embeddable":true,"href":"https:\/\/doingtransitions.org\/en\/wp-json\/wp\/v2\/pages\/503"}],"wp:attachment":[{"href":"https:\/\/doingtransitions.org\/en\/wp-json\/wp\/v2\/media?parent=763"}],"wp:term":[{"taxonomy":"wf_page_folders","embeddable":true,"href":"https:\/\/doingtransitions.org\/en\/wp-json\/wp\/v2\/wf_page_folders?post=763"}],"curies":[{"name":"wp","href":"https:\/\/api.w.org\/{rel}","templated":true}]}}