{"id":787,"date":"2020-02-03T09:53:48","date_gmt":"2020-02-03T09:53:48","guid":{"rendered":"https:\/\/dev.doingtransitions.org\/?page_id=787"},"modified":"2022-09-22T11:28:46","modified_gmt":"2022-09-22T11:28:46","slug":"luisa-bischoff","status":"publish","type":"page","link":"https:\/\/doingtransitions.org\/en\/team\/luisa-bischoff","title":{"rendered":"Luisa Bischoff"},"content":{"rendered":"\n<div class=\"wp-block-group\"><div class=\"wp-block-group__inner-container is-layout-flow wp-block-group-is-layout-flow\">\n<div class=\"wp-block-columns has-2-columns is-layout-flex wp-container-core-columns-is-layout-9d6595d7 wp-block-columns-is-layout-flex\">\n<div class=\"wp-block-column is-layout-flow wp-block-column-is-layout-flow\">\n<figure class=\"wp-block-image size-large is-style-default\"><img decoding=\"async\" width=\"1024\" height=\"684\" data-src=\"https:\/\/doingtransitions.org\/wp-content\/uploads\/2020\/03\/DSC_0187-sw-2-1024x684.jpg\" alt=\"\" class=\"wp-image-1285 lazyload\" data-srcset=\"https:\/\/doingtransitions.org\/wp-content\/uploads\/2020\/03\/DSC_0187-sw-2-1024x684.jpg 1024w, https:\/\/doingtransitions.org\/wp-content\/uploads\/2020\/03\/DSC_0187-sw-2-300x200.jpg 300w, https:\/\/doingtransitions.org\/wp-content\/uploads\/2020\/03\/DSC_0187-sw-2-768x513.jpg 768w, https:\/\/doingtransitions.org\/wp-content\/uploads\/2020\/03\/DSC_0187-sw-2-1536x1025.jpg 1536w, https:\/\/doingtransitions.org\/wp-content\/uploads\/2020\/03\/DSC_0187-sw-2-2048x1367.jpg 2048w, https:\/\/doingtransitions.org\/wp-content\/uploads\/2020\/03\/DSC_0187-sw-2-600x400.jpg 600w\" data-sizes=\"(max-width: 1024px) 100vw, 1024px\" src=\"data:image\/svg+xml;base64,PHN2ZyB3aWR0aD0iMSIgaGVpZ2h0PSIxIiB4bWxucz0iaHR0cDovL3d3dy53My5vcmcvMjAwMC9zdmciPjwvc3ZnPg==\" style=\"--smush-placeholder-width: 1024px; --smush-placeholder-aspect-ratio: 1024\/684;\" \/><\/figure>\n<\/div>\n\n\n\n<div class=\"wp-block-column is-layout-flow wp-block-column-is-layout-flow\">\n<h2 class=\"wp-block-heading\">Contact<\/h2>\n\n\n\n<p>Goethe-University Frankfurt<br>GRK Doing Transitions<\/p>\n\n\n\n<p>address:<br>IKB-building, 4<sup>th<\/sup> floor, <br>room 4750\/4790<br>Eschersheimer Landstra\u00dfe 121<br>60322 Frankfurt am Main<\/p>\n\n\n\n<p>postal address:<br>Theodor-W.-Adorno-Platz 1<br>IKB-Geb\u00e4ude, Postfach 3<br>60323 Frankfurt am Main<\/p>\n\n\n\n<p>+49 (0)69 798-36781<br>bischoff(at)soz.uni-frankfurt.de<\/p>\n<\/div>\n<\/div>\n<\/div><\/div>\n\n\n\n<p>Luisa Bischoff studied Sociology at Goethe-University in Frankfurt and terminated with a master\u2019s degree. For her&nbsp;doctoral project she will examine the \u201ctransition into being single in older age\u201d. She is especially interested in the influence of interdependent social inequalities on this transition as well as individual coping strategies, ergo the doing of the transition. Regarding how this familial transition in old age is shaped individually and mediated through social structure the project contributes to the research training group on the individual level.<\/p>\n\n\n\n<h2 class=\"wp-block-heading\"><strong>Becoming Single in Older Age.&nbsp;Doing Transitions into Singlehood from an Intersectional Perspective.&nbsp;<\/strong>&nbsp;<\/h2>\n\n\n\n<p>Developments summarized under the term demographic change depict old age as being a mostly negative life stage. Empirically observed developments, like the pluralisation of living arrangements among the elderly and no significant increase in the proportion of loneliness, even a decrease in social isolation in old age, draw a more positive image of ageing in Germany. These ambiguous developments raise questions on how the transition into becoming single in old age is being done within an increasingly ageing society.&nbsp;<\/p>\n\n\n\n<p>Understanding the transition from an intersectional life course perspective, the project examines how the transition into singlehood is being done on an individual level and framed on a structural level. It specifically focusses on the process of transiting into singlehood in older age (1), the influence and development of interdependent social inequalities (2), the individual attributions of meaning in non-institutionalized transitions (3) and the (re-)arrangement of basal every-day life and practices (4).&nbsp;&nbsp;<\/p>\n\n\n\n<p>Methodologically, a mixed methods approach will be applied. Based on the German Ageing Survey (1996-2017) longitudinal analysis \u2013 namely sequence analysis and panel regressions \u2013 is being conducted, while qualitative in-depth interviews will be analysed using qualitative content analysis.&nbsp;<\/p>\n\n\n\n<p>The project aims to shed light on the transition of becoming single in older age in Germany on a descriptive level, to attempt using the mixed-methods approach for transitional research on a methodological level and to contribute to how late familial transitions can be conceptualized with a combination of the life course and the intersectional perspective on a theoretical level.&nbsp;<\/p>\n\n\n\n<h2 class=\"wp-block-heading\">Talks<\/h2>\n\n\n\n<p>Bischoff, L. (2021). Reflexive Perspektiven auf \u00dcberg\u00e4nge in die Partner:innenlosigkeit im h\u00f6heren Alter \u2013 Was ger\u00e4t mit einem Mixed-Methods-Design in den Blick? \u2013 at DGGG-Conference &#8220;(Neue) Lebensformen im Alter&#8221;, 16<sup>th<\/sup> September, Siegen.<\/p>\n\n\n\n<p>Bischoff, L. (2021). Finding love in older age, The Gendered And Age-Specific Dimensions Of The Transition Into Couplehood In Later Life (peer-reviewed) \u2013 at ESA Conference, Research Session &#8220;Quantitative Analysis in Ageing Research (I)&#8221;, 2<sup>nd<\/sup> September, Barcelona.<\/p>\n\n\n\n<p>Wanka, A., L. Bischoff und A. Franke (2021). Transformations of \u2018Resonance\u2019: Affective Choreographies Throughout Life Course Transitions (peer-reviewed) \u2013 co-author at ESA Conference, Research Session &#8220;Life course, family and intergenerational relationships&#8221;, 1<sup>st<\/sup> September, Barcelona.<\/p>\n\n\n\n<p>Bischoff, L. (2021). Becoming Single in Older Age. The Socially Structured Doing of the Transition into Singlehood Examined from an Intersectional Perspective. \u2013 Poster presentation at Nordic Gerontology Congress &#8220;The Age of Ageing&#8221;, 2<sup>nd<\/sup>-4<sup>th<\/sup> June, Reykjavik.<\/p>\n\n\n\n<p>Bischoff, L. (2020). Becoming Single in Older Age. Doing Transitions into Singlehood from an Intersectional Perspective \u2013 Poster presentation at international conference \u201eDoing Transition sin the Life Course\u201c, 17<sup>th<\/sup>-19<sup>th<\/sup> February, T\u00fcbingen.<\/p>\n\n\n\n<h2 class=\"wp-block-heading\"><strong>Teaching<\/strong><\/h2>\n\n\n\n<p>Bischoff, L. (2021). Mixed-Methods und \u00dcbergangsforschung. Am Beispiel von \u00dcberg\u00e4ngen in die Partner:innenlosigkeit im h\u00f6heren Lebensalter \u2013 Guest lecture in the seminar &#8220;Zu \u00dcberg\u00e4ngen forschen: Perspektiven und Methoden zur Erforschung von \u00dcberg\u00e4ngen im Lebenslauf&#8221; Dr. Jessica L\u00fctgens and Dr.&nbsp;Anna Wanka, 17<sup>th<\/sup> May.<\/p>\n\n\n\n<p>Wanka A. and L. Bischoff (2021). Resonanz. Transformationen des Selbst- und Weltverh\u00e4ltnisses an \u00dcberg\u00e4ngen im Alter \u2013 Guest lecture in the seminar &#8220;Einf\u00fchrung in die P\u00e4dagogik des Erwachsenenalters: Das h\u00f6here Alter als (p\u00e4dagogische) Herausforderung&#8221; Prof. Dr. Frank Oswald, 10<sup>th<\/sup> May.<\/p>\n\n\n\n<p>Schwertel, T., S. Niedoba and L. Bischoff (2020). \u00dcberg\u00e4nge und Bew\u00e4ltigung \u2013 Guest lecture in the seminar &#8220;Zu \u00dcberg\u00e4ngen forschen&#8221; Dr. Jessica L\u00fctgens and Dr.&nbsp;Anna Wanka, Summer term 20.<\/p>\n\n\n\n<h2 class=\"wp-block-heading\"><strong>Memberships<\/strong><\/h2>\n\n\n\n<p>Deutsche Gesellschaft f\u00fcr Soziologie (DGS), Sektion Alter(n) und Gesellschaft<\/p>\n\n\n\n<p>Deutsche Gesellschaft f\u00fcr Gerontologie und Geriatrie e.V.<\/p>\n\n\n\n<p>European Sociological Association<\/p>\n\n\n\n<p>Arbeitskreis Mixed-Methods der Deutschen Gesellschaft f\u00fcr Soziologie<\/p>\n\n\n\n<p><\/p>\n","protected":false},"excerpt":{"rendered":"<p>Contact Goethe-University FrankfurtGRK Doing Transitions address:IKB-building, 4th floor, room 4750\/4790Eschersheimer Landstra\u00dfe 12160322 Frankfurt am Main postal address:Theodor-W.-Adorno-Platz 1IKB-Geb\u00e4ude, Postfach 360323 Frankfurt am Main +49 (0)69 798-36781bischoff(at)soz.uni-frankfurt.de Luisa Bischoff studied Sociology [&hellip;]<\/p>\n","protected":false},"author":10,"featured_media":0,"parent":503,"menu_order":0,"comment_status":"closed","ping_status":"closed","template":"","meta":{"_genesis_hide_title":false,"_genesis_hide_breadcrumbs":false,"_genesis_hide_singular_image":false,"_genesis_hide_footer_widgets":false,"_genesis_custom_body_class":"","_genesis_custom_post_class":"","_genesis_layout":"","footnotes":""},"wf_page_folders":[16],"class_list":["post-787","page","type-page","status-publish","entry"],"featured_image_src":null,"featured_image_src_square":null,"_links":{"self":[{"href":"https:\/\/doingtransitions.org\/en\/wp-json\/wp\/v2\/pages\/787","targetHints":{"allow":["GET"]}}],"collection":[{"href":"https:\/\/doingtransitions.org\/en\/wp-json\/wp\/v2\/pages"}],"about":[{"href":"https:\/\/doingtransitions.org\/en\/wp-json\/wp\/v2\/types\/page"}],"author":[{"embeddable":true,"href":"https:\/\/doingtransitions.org\/en\/wp-json\/wp\/v2\/users\/10"}],"replies":[{"embeddable":true,"href":"https:\/\/doingtransitions.org\/en\/wp-json\/wp\/v2\/comments?post=787"}],"version-history":[{"count":9,"href":"https:\/\/doingtransitions.org\/en\/wp-json\/wp\/v2\/pages\/787\/revisions"}],"predecessor-version":[{"id":3389,"href":"https:\/\/doingtransitions.org\/en\/wp-json\/wp\/v2\/pages\/787\/revisions\/3389"}],"up":[{"embeddable":true,"href":"https:\/\/doingtransitions.org\/en\/wp-json\/wp\/v2\/pages\/503"}],"wp:attachment":[{"href":"https:\/\/doingtransitions.org\/en\/wp-json\/wp\/v2\/media?parent=787"}],"wp:term":[{"taxonomy":"wf_page_folders","embeddable":true,"href":"https:\/\/doingtransitions.org\/en\/wp-json\/wp\/v2\/wf_page_folders?post=787"}],"curies":[{"name":"wp","href":"https:\/\/api.w.org\/{rel}","templated":true}]}}