{"id":790,"date":"2020-02-03T09:58:10","date_gmt":"2020-02-03T09:58:10","guid":{"rendered":"https:\/\/dev.doingtransitions.org\/?page_id=790"},"modified":"2020-05-19T10:54:21","modified_gmt":"2020-05-19T10:54:21","slug":"julian-fricke","status":"publish","type":"page","link":"https:\/\/doingtransitions.org\/en\/team\/julian-fricke","title":{"rendered":"Julian Fricke"},"content":{"rendered":"\n<div class=\"wp-block-columns has-2-columns is-layout-flex wp-container-core-columns-is-layout-9d6595d7 wp-block-columns-is-layout-flex\">\n<div class=\"wp-block-column is-layout-flow wp-block-column-is-layout-flow\">\n<figure class=\"wp-block-image size-large is-style-default\"><img decoding=\"async\" width=\"1024\" height=\"684\" data-src=\"https:\/\/doingtransitions.org\/wp-content\/uploads\/2020\/04\/Julian-1-1024x684.jpg\" alt=\"\" class=\"wp-image-1361 lazyload\" data-srcset=\"https:\/\/doingtransitions.org\/wp-content\/uploads\/2020\/04\/Julian-1-1024x684.jpg 1024w, https:\/\/doingtransitions.org\/wp-content\/uploads\/2020\/04\/Julian-1-300x200.jpg 300w, https:\/\/doingtransitions.org\/wp-content\/uploads\/2020\/04\/Julian-1-768x513.jpg 768w, https:\/\/doingtransitions.org\/wp-content\/uploads\/2020\/04\/Julian-1-1536x1025.jpg 1536w, https:\/\/doingtransitions.org\/wp-content\/uploads\/2020\/04\/Julian-1-2048x1367.jpg 2048w, https:\/\/doingtransitions.org\/wp-content\/uploads\/2020\/04\/Julian-1-600x400.jpg 600w\" data-sizes=\"(max-width: 1024px) 100vw, 1024px\" src=\"data:image\/svg+xml;base64,PHN2ZyB3aWR0aD0iMSIgaGVpZ2h0PSIxIiB4bWxucz0iaHR0cDovL3d3dy53My5vcmcvMjAwMC9zdmciPjwvc3ZnPg==\" style=\"--smush-placeholder-width: 1024px; --smush-placeholder-aspect-ratio: 1024\/684;\" \/><\/figure>\n<\/div>\n\n\n\n<div class=\"wp-block-column is-layout-flow wp-block-column-is-layout-flow\">\n<h2 class=\"wp-block-heading\">contact<\/h2>\n\n\n\n<p>Eberhard Karls Universit\u00e4t T\u00fcbingen<\/p>\n\n\n\n<p>Institut f\u00fcr Erziehungswissenschaft |Abteilung Sozialp\u00e4dagogik |<br>GRK Doing Transitions<\/p>\n\n\n\n<p>M\u00fcnzgasse 22<br>72070 T\u00fcbingen<\/p>\n\n\n\n<p>julian.fricke(at)graduiertenkolleg.uni-tuebingen.de<\/p>\n<\/div>\n<\/div>\n\n\n\n<p>Julian Fricke finished his bachelor\u2019s sociology and master\u2019s degree in labour in society at the Georg August University in G\u00f6ttingen. Both&nbsp;thesesfocuses the social relationship between employees and its enterprises or organization. Main focus lies on labour- and organizationsociology as well as a wide range of quantitative and qualitative research or even mixed methods approaches. These interests in labour science especially in the relationship between employees and its organization leads into the doctoral thesis: \u201cThe Transition into a new organization. The social relationship as regulatory practice?\u201d Aim of the study is examinethe mechanisms of making and shaping&nbsp;thetransition in a&nbsp;new business enterprise&nbsp;on institutional level. Thus should obtain a transdiszilinary contribution to&nbsp;linkorganization and transition research. The empirical&nbsp;implementationshould be realize by a case study, which combines quantitative and qualitative research approaches.<\/p>\n\n\n\n<p><strong>research project<\/strong><\/p>\n\n\n\n<p>This interdisciplinary research project aims to reconstruct and analyze the organizational framework and design of the transition into a new company. The case study focuses on the social relationship between employees and the organization such as looking into the regulation and process of this exchange. The main question to be answered is: How is entry into an organization organized, regulated and processed at the institutional level?<\/p>\n\n\n\n<p>The theoretical approximation will be used to resort to the construct of the psychological contract, which describes the social relationship between employees and the organization as a mutual exchange of expectations. Research to date shows that the social relationship has a regulating character on the behavior of the employees. However, the role of the organization has only been marginally examined, because the theory of industrial psychology is confronted with inherent limits. The organization\u2019s role in the regulation and processing of this transition should therefore be examined with the research perspective of the Economy of the Conventions and theoretically founded on the doing-difference approach which is in line with the \u201cDoing Transition\u201d research group. The project is based on an empirical case study. The case study follows a methodology and result triangulation in order to get closer to the studied subject for the matter of a better understanding and ultimately enable a better analysis. The goals of the project are not only to contribute to the research about transition at the institutional level, but also to introduce the perspective of transition within organizational research, because the social practices within a company and the subjective requirements are part of the transitions. It will also contribute to the debate about psychological contract. Finally, it will shed light and open the discussion on the possibilities and limits at an institutional level for organizations to design transitions.<\/p>\n","protected":false},"excerpt":{"rendered":"<p>contact Eberhard Karls Universit\u00e4t T\u00fcbingen Institut f\u00fcr Erziehungswissenschaft |Abteilung Sozialp\u00e4dagogik |GRK Doing Transitions M\u00fcnzgasse 2272070 T\u00fcbingen julian.fricke(at)graduiertenkolleg.uni-tuebingen.de Julian Fricke finished his bachelor\u2019s sociology and master\u2019s degree in labour in society [&hellip;]<\/p>\n","protected":false},"author":22,"featured_media":0,"parent":503,"menu_order":0,"comment_status":"closed","ping_status":"closed","template":"","meta":{"_genesis_hide_title":false,"_genesis_hide_breadcrumbs":false,"_genesis_hide_singular_image":false,"_genesis_hide_footer_widgets":false,"_genesis_custom_body_class":"","_genesis_custom_post_class":"","_genesis_layout":"","footnotes":""},"wf_page_folders":[16],"class_list":["post-790","page","type-page","status-publish","entry"],"featured_image_src":null,"featured_image_src_square":null,"_links":{"self":[{"href":"https:\/\/doingtransitions.org\/en\/wp-json\/wp\/v2\/pages\/790","targetHints":{"allow":["GET"]}}],"collection":[{"href":"https:\/\/doingtransitions.org\/en\/wp-json\/wp\/v2\/pages"}],"about":[{"href":"https:\/\/doingtransitions.org\/en\/wp-json\/wp\/v2\/types\/page"}],"author":[{"embeddable":true,"href":"https:\/\/doingtransitions.org\/en\/wp-json\/wp\/v2\/users\/22"}],"replies":[{"embeddable":true,"href":"https:\/\/doingtransitions.org\/en\/wp-json\/wp\/v2\/comments?post=790"}],"version-history":[{"count":5,"href":"https:\/\/doingtransitions.org\/en\/wp-json\/wp\/v2\/pages\/790\/revisions"}],"predecessor-version":[{"id":1599,"href":"https:\/\/doingtransitions.org\/en\/wp-json\/wp\/v2\/pages\/790\/revisions\/1599"}],"up":[{"embeddable":true,"href":"https:\/\/doingtransitions.org\/en\/wp-json\/wp\/v2\/pages\/503"}],"wp:attachment":[{"href":"https:\/\/doingtransitions.org\/en\/wp-json\/wp\/v2\/media?parent=790"}],"wp:term":[{"taxonomy":"wf_page_folders","embeddable":true,"href":"https:\/\/doingtransitions.org\/en\/wp-json\/wp\/v2\/wf_page_folders?post=790"}],"curies":[{"name":"wp","href":"https:\/\/api.w.org\/{rel}","templated":true}]}}