{"id":793,"date":"2020-02-03T09:59:40","date_gmt":"2020-02-03T09:59:40","guid":{"rendered":"https:\/\/dev.doingtransitions.org\/?page_id=793"},"modified":"2024-08-07T13:10:06","modified_gmt":"2024-08-07T13:10:06","slug":"flora-petrik","status":"publish","type":"page","link":"https:\/\/doingtransitions.org\/en\/team\/flora-petrik","title":{"rendered":"Flora Petrik, MA"},"content":{"rendered":"\n<div class=\"wp-block-columns has-2-columns is-layout-flex wp-container-core-columns-is-layout-9d6595d7 wp-block-columns-is-layout-flex\">\n<div class=\"wp-block-column is-layout-flow wp-block-column-is-layout-flow\">\n<figure class=\"wp-block-image size-large is-style-default\"><img decoding=\"async\" width=\"1024\" height=\"683\" data-src=\"https:\/\/doingtransitions.org\/wp-content\/uploads\/2024\/08\/IMGL1313-2-1024x683.jpg\" alt=\"\" class=\"wp-image-5291 lazyload\" data-srcset=\"https:\/\/doingtransitions.org\/wp-content\/uploads\/2024\/08\/IMGL1313-2-1024x683.jpg 1024w, https:\/\/doingtransitions.org\/wp-content\/uploads\/2024\/08\/IMGL1313-2-300x200.jpg 300w, https:\/\/doingtransitions.org\/wp-content\/uploads\/2024\/08\/IMGL1313-2-768x512.jpg 768w, https:\/\/doingtransitions.org\/wp-content\/uploads\/2024\/08\/IMGL1313-2-1536x1024.jpg 1536w, https:\/\/doingtransitions.org\/wp-content\/uploads\/2024\/08\/IMGL1313-2-2048x1365.jpg 2048w, https:\/\/doingtransitions.org\/wp-content\/uploads\/2024\/08\/IMGL1313-2-600x400.jpg 600w\" data-sizes=\"(max-width: 1024px) 100vw, 1024px\" src=\"data:image\/svg+xml;base64,PHN2ZyB3aWR0aD0iMSIgaGVpZ2h0PSIxIiB4bWxucz0iaHR0cDovL3d3dy53My5vcmcvMjAwMC9zdmciPjwvc3ZnPg==\" style=\"--smush-placeholder-width: 1024px; --smush-placeholder-aspect-ratio: 1024\/683;\" \/><\/figure>\n<\/div>\n\n\n\n<div class=\"wp-block-column is-layout-flow wp-block-column-is-layout-flow\">\n<h2 class=\"wp-block-heading\">contact<\/h2>\n\n\n\n<p>Eberhard Karls Universit\u00e4t T\u00fcbingen<br>GRK Doing Transitions<\/p>\n\n\n\n<p>Institut f\u00fcr Erziehungswissenschaft<br>Abteilung Allgemeine P\u00e4dagogik<br>M\u00fcnzgasse 26, R 202<br>D &#8211; 72070 T\u00fcbingen<\/p>\n\n\n\n<p>0049 7071\/29-76752<br>flora.petrik(at)uni-tuebingen.de<\/p>\n<\/div>\n<\/div>\n\n\n\n<p>Flora Petrik works as a research associate and lecturer at the Department of Foundations of Education at the Institute for Education, University of T\u00fcbingen. She studied Education Studies, German Studies and Comparative Literature in Vienna and Jyv\u00e4skyl\u00e4 and has been an associate member of the DFG graduate program \u201cDoing Transitions\u201d since January 2020. From September 2024, she will be coordinating the Exploration Fund-funded project \u201cAmbivalent educational advancement \u2013 interdisciplinary approaches\u201d (duration: 2024-2026).<\/p>\n\n\n\n<p>In her PhD-project, she explores the experiences of working-class students in Austrian and German Higher Education and shifts the perspective to the potentially empowering spaces at university. Her areas of focus in research and teaching include social inequality in schools and universities, qualitative methods; social class and Bourdieu\u2019s theory of practice as well as epistemological and methodological issues.<\/p>\n\n\n\n<p>Flora Petrik is currently co-leader of the research collective \u201cEthnographic Collage\u201d and co-convenor of the Bourdieu Study Group of the BSA (British Sociological Association). She is a regular reviewer for academic journals, including BIOS: Journal of Biographical Research and Oral History, Critical Studies in Education and Sociology of Education.<\/p>\n\n\n\n<h3 class=\"wp-block-heading\"><strong>Research Project<\/strong><\/h3>\n\n\n\n<p><strong>Becoming Academic <\/strong><br><strong><em>First-Generation Students in Austrian and German Higher Education<\/em><\/strong><\/p>\n\n\n\n<p>In recent years, educational research has illustrated how persistent social structures are: Social background has a decisive influence on study experiences, life trajectories and regulates transitions within the education system. Especially studies on higher education have shown that one&#8217;s social class is not neutralised by entering university but rather stays persistent throughout students&#8217; educational careers. The equal distribution of opportunities remains an \u00bbillusion\u00ab, as Pierre Bourdieu and Jean-Claude Passeron have already noted in the 1960s.<\/p>\n\n\n\n<p>In my dissertation project, I explore a subject matter that has been gaining increasing attention during the past years: Upward mobility. I place the experiences of those who escape their supposedly predetermined fate and transgress the persistent class barriers at the centre of attention. The aim of my PhD project is to examine biographical transformations of first-generation students at university. Thus, the research project is interested in linked transitions, in particular how biographical and class transitions relate to one another. How are transitions to and in higher education shaped, produced and experienced? How is a sense of belonging constructed in the field of university? Which arrangements of time, space, actors, and practices frame and navigate upward mobility in education? Which spaces of possibility for habitual transformation open up in the process?&nbsp;<\/p>\n\n\n\n<p>Drawing on case studies of 24 first-generation students across higher education institutions in Austria and Germany, the project attempts to understand the complexity of climbing up the educational ladder and examines both the normalising and empowering dimensions of upward mobility. Collecting different biographical data (biographical-narrative interviews, diary entries, autobiographical documents of one&#8217;s educational path), allows to explore the powerful interrelatedness of discourses, institutions, and individuals. Transitioning to university hence appears as a non-linear, conflicting process of <em>becoming<\/em>.<\/p>\n\n\n\n<h3 class=\"wp-block-heading\">Key Publications<\/h3>\n\n\n\n<ul class=\"wp-block-list\">\n<li>L\u00fctgens, J. &amp; <strong>Petrik, F. <\/strong>(2024). Left-wing educational climbers: On the interplay of political socialisation, educational aspirations and emotions. In: Society &#8211; Individual &#8211; Socialisation. Journal for Socialisation Research, 5(1) (published in German)<br><\/li>\n\n\n\n<li>L\u00fctgens, J., <strong>Petrik, F.<\/strong> &amp; Brehm, A. (Ed.) (2024). &#8220;Once more, with feeling&#8221;: (Anti-)emancipatory transformation potential of feelings. Special Issue. In: Society &#8211; Individual &#8211; Socialisation. Journal for Socialisation Research, 5(1) (published in German)<br><\/li>\n\n\n\n<li>Ruff, M.-B. &amp; <strong>Petrik, F.<\/strong> (2024). The Quiet Power of Shame: Racism, Social Class and the (Re-)Production of Social Inequality. Journal of Psychology, 32(1):10-30 (published in German)<br><\/li>\n\n\n\n<li>Buchner, T. &amp; <strong>Petrik, F. <\/strong>(2023). Evaluating education policies through a spatial lens. Uncovering the ability-space-regimes of Austrian new middle schools. In: Ri\u00dfler, G.\/K\u00f6pfer, A.\/Buchner, T. (Hrsg.): Space, Education, and Inclusion. Interdisciplinary Approaches. London: Routledge, pp. 38-56.<br><\/li>\n\n\n\n<li>Rieger-Ladich, M., Feldmann, M. &amp; <strong>Petrik, F. <\/strong>(2022). Contested Remembrance: The \u201cOld\u201d Federal Republic and \u201cNew\u201d Right Politics in Germany. In Goto, M.\/Wigger, L. (Eds.), Remembrance \u2013 Responsibility \u2013 Reconciliation. Challenges for Education in Germany and Japan. Metzler, pp. 31-44.<\/li>\n<\/ul>\n\n\n\n<h3 class=\"wp-block-heading\">Conference Presentations (selection)<\/h3>\n\n\n\n<ul class=\"wp-block-list\">\n<li>06\/2024: <em>No Way Home? The experience of homecoming between social and spatial mobility.<\/em> Third International Conference of the journal \u201cScuola Democratica\u201d, University of Cagliari (with Alessandra Polidori and Giulia Salzano)<br><\/li>\n\n\n\n<li>06\/2024: <em>Promising Young Academics: Social Magic In Academic Mentoring And The Role Of Social Class.<\/em> Third International Conference of the journal \u201cScuola Democratica\u201d, University of Cagliari (with Maria Keil)<br><\/li>\n\n\n\n<li>03\/2024: <em>Broken Promises? Biographical perspectives on Social Mobility and Education.<\/em> Presentation for the research group \u201cCultura c\u00edvica y pol\u00edticas educativas\u201d, 15th of March 2024, Universidad Complutense de Madrid (invitation)<br><\/li>\n\n\n\n<li>02\/2024: <em>Between resistance and belonging: class experiences in Higher Education. <\/em>Presentation within the seminar series of GEPS, 23th of February 2024, Universitat Aut\u00f2noma de Barcelona (invitation)<br><\/li>\n\n\n\n<li>01\/2024: <em>Shattered Promises \u2013 Exploring Social Mobility and Inequality in the Educational Journeys of Contemporary Youth.<\/em> Workshop Study Day \u201cYouth between strategies and crises\u201d, 11.-12.01.2024, EHESS, Paris.<br><\/li>\n\n\n\n<li>12\/2023:<em> Boundary-making Practices in Scientific Fields \u2013 the Case of Linking Ages<\/em>. Workshop \u201cParadigms, Networks, and Careers \u2013 Comparative Analysis of Scientific Fields\u201d, 7.-8.12.2023, Universit\u00e4t Magdeburg (with Milena Feldmann and Anna Wanka).<\/li>\n<\/ul>\n\n\n\n<h3 class=\"wp-block-heading\">Memberships<\/h3>\n\n\n\n<ul class=\"wp-block-list\">\n<li>German Educational Research Association (GERA), research networks \u00bbPhilosophy of Education\u00ab, \u00bbBiographical Research in Education\u00ab and \u00bbGender Studies and Education\u00ab<\/li>\n\n\n\n<li>PhD network \u00bbQualitative Educational and Biographical Research\u00ab of GERA<\/li>\n\n\n\n<li>German Association for Sociology (DGS), research networks \u00bbEducation\u00ab and \u00bbBiography\u00ab<\/li>\n\n\n\n<li>Goethe Research Academy for Early Career Researchers (GRADE)<\/li>\n\n\n\n<li>British Sociological Association (BSA), Bourdieu Study Group (Co-Convenor since 11\/2022)<\/li>\n<\/ul>\n","protected":false},"excerpt":{"rendered":"<p>contact Eberhard Karls Universit\u00e4t T\u00fcbingenGRK Doing Transitions Institut f\u00fcr ErziehungswissenschaftAbteilung Allgemeine P\u00e4dagogikM\u00fcnzgasse 26, R 202D &#8211; 72070 T\u00fcbingen 0049 7071\/29-76752flora.petrik(at)uni-tuebingen.de Flora Petrik works as a research associate and lecturer at [&hellip;]<\/p>\n","protected":false},"author":6,"featured_media":0,"parent":503,"menu_order":0,"comment_status":"closed","ping_status":"closed","template":"","meta":{"_genesis_hide_title":false,"_genesis_hide_breadcrumbs":false,"_genesis_hide_singular_image":false,"_genesis_hide_footer_widgets":false,"_genesis_custom_body_class":"","_genesis_custom_post_class":"","_genesis_layout":"","footnotes":""},"wf_page_folders":[17],"class_list":["post-793","page","type-page","status-publish","entry"],"featured_image_src":null,"featured_image_src_square":null,"_links":{"self":[{"href":"https:\/\/doingtransitions.org\/en\/wp-json\/wp\/v2\/pages\/793","targetHints":{"allow":["GET"]}}],"collection":[{"href":"https:\/\/doingtransitions.org\/en\/wp-json\/wp\/v2\/pages"}],"about":[{"href":"https:\/\/doingtransitions.org\/en\/wp-json\/wp\/v2\/types\/page"}],"author":[{"embeddable":true,"href":"https:\/\/doingtransitions.org\/en\/wp-json\/wp\/v2\/users\/6"}],"replies":[{"embeddable":true,"href":"https:\/\/doingtransitions.org\/en\/wp-json\/wp\/v2\/comments?post=793"}],"version-history":[{"count":11,"href":"https:\/\/doingtransitions.org\/en\/wp-json\/wp\/v2\/pages\/793\/revisions"}],"predecessor-version":[{"id":5294,"href":"https:\/\/doingtransitions.org\/en\/wp-json\/wp\/v2\/pages\/793\/revisions\/5294"}],"up":[{"embeddable":true,"href":"https:\/\/doingtransitions.org\/en\/wp-json\/wp\/v2\/pages\/503"}],"wp:attachment":[{"href":"https:\/\/doingtransitions.org\/en\/wp-json\/wp\/v2\/media?parent=793"}],"wp:term":[{"taxonomy":"wf_page_folders","embeddable":true,"href":"https:\/\/doingtransitions.org\/en\/wp-json\/wp\/v2\/wf_page_folders?post=793"}],"curies":[{"name":"wp","href":"https:\/\/api.w.org\/{rel}","templated":true}]}}