{"id":811,"date":"2020-02-03T10:17:50","date_gmt":"2020-02-03T10:17:50","guid":{"rendered":"https:\/\/dev.doingtransitions.org\/?page_id=811"},"modified":"2023-08-15T12:10:02","modified_gmt":"2023-08-15T12:10:02","slug":"lilian-coates","status":"publish","type":"page","link":"https:\/\/doingtransitions.org\/en\/team\/lilian-coates","title":{"rendered":"Lilian Coates"},"content":{"rendered":"\n<div class=\"wp-block-columns has-2-columns is-layout-flex wp-container-core-columns-is-layout-9d6595d7 wp-block-columns-is-layout-flex\">\n<div class=\"wp-block-column is-layout-flow wp-block-column-is-layout-flow\">\n<figure class=\"wp-block-image size-large is-style-default\"><img decoding=\"async\" width=\"1024\" height=\"684\" data-src=\"https:\/\/doingtransitions.org\/wp-content\/uploads\/2020\/03\/DSC_0058-sw-1024x684.jpg\" alt=\"\" class=\"wp-image-1226 lazyload\" data-srcset=\"https:\/\/doingtransitions.org\/wp-content\/uploads\/2020\/03\/DSC_0058-sw-1024x684.jpg 1024w, https:\/\/doingtransitions.org\/wp-content\/uploads\/2020\/03\/DSC_0058-sw-300x200.jpg 300w, https:\/\/doingtransitions.org\/wp-content\/uploads\/2020\/03\/DSC_0058-sw-768x513.jpg 768w, https:\/\/doingtransitions.org\/wp-content\/uploads\/2020\/03\/DSC_0058-sw-1536x1025.jpg 1536w, https:\/\/doingtransitions.org\/wp-content\/uploads\/2020\/03\/DSC_0058-sw-2048x1367.jpg 2048w, https:\/\/doingtransitions.org\/wp-content\/uploads\/2020\/03\/DSC_0058-sw-600x400.jpg 600w\" data-sizes=\"(max-width: 1024px) 100vw, 1024px\" src=\"data:image\/svg+xml;base64,PHN2ZyB3aWR0aD0iMSIgaGVpZ2h0PSIxIiB4bWxucz0iaHR0cDovL3d3dy53My5vcmcvMjAwMC9zdmciPjwvc3ZnPg==\" style=\"--smush-placeholder-width: 1024px; --smush-placeholder-aspect-ratio: 1024\/684;\" \/><\/figure>\n<\/div>\n\n\n\n<div class=\"wp-block-column is-layout-flow wp-block-column-is-layout-flow\">\n<h2 class=\"wp-block-heading\">contact<\/h2>\n\n\n\n<p>Goethe-University Frankfurt<br>GRK Doing Transitions<\/p>\n\n\n\n<p>address:<br>IKB-Geb\u00e4ude, 4<sup>th<\/sup> floor<br>Eschersheimer Landstra\u00dfe 121<br>60322 Frankfurt am Main<\/p>\n\n\n\n<p>postal address:<br>Theodor-W.-Adorno-Platz 1<br>IKB-Geb\u00e4ude, Postfach 3<br>60323 Frankfurt am Main<\/p>\n\n\n\n<p>coates(at)em.uni-frankfurt.de<\/p>\n<\/div>\n<\/div>\n\n\n\n<p>Lilian Coates studied Sociology, Philosophy and Political Science at Johannes Gutenberg University Mainz from 2007\u20132014 and at \u00c9cole des hautes \u00e9tudes en sciences sociales Paris for one year in 2010\/11.&nbsp;Her master\u2019s thesis was dedicated to a critical reading of the works of Harold Garfinkel, the central founding figure of Ethnomethodology, especially focussing on his later \u201cstudies of work and science\u201d and their phenomenological roots. From 2015\u20132020, she worked as a lecturer and researcher&nbsp;at the Department for Sociological Theory and Gender Studies at the Institute for Sociology of&nbsp;Johannes Gutenberg University Mainz. Her research interests cover topics such as practice theories, ethnography, science studies and the sociology of death, dying and bereavement. In her dissertation project, she ethnographically examines the shaping and construction of the end of life and dying processes through end of life care in inpatient hospices.&nbsp;<strong><br><br>Life worlds at the End of Life: An Ethnography of Inpatient Hospice Care<\/strong><\/p>\n\n\n\n<p>Lilian\u2019s dissertation project explores inpatient hospices as institutions in which the transition between life and death is professionally managed and shaped in specific ways. The project is interested in the practical accomplishment and construction of the \u201cend of life\u201d as a life phase in its own right and of dying processes, equally taking into consideration the perspectives of the various participants involved, i.e., end of life patients, professional hospice carers and relatives. Conceptually inspired by heuristics of practice theories, her project benefits from a range of ethnographic methods such as different forms of participant observation, ethnographic interviews and document analyses. The primary focus lies on the \u2018local\u2019 organization and situational unfolding of hospice work and palliative care, methodically calling for a deep immersion and sensitive participation of the ethnographer in various situations of the daily life in hospice settings. To this end, i.a., Lilian trained and worked as a hospice volunteer for over two years and participated in a three-month nursing apprenticeship in the hospice. &nbsp;<\/p>\n\n\n\n<p><a href=\"https:\/\/doingtransitions.org\/wp-content\/uploads\/2023\/06\/Publications-by-Lilian-Coates.pdf\" target=\"_blank\" rel=\"noreferrer noopener\">Publications by Lilian Coates<\/a><\/p>\n\n\n\n<p><\/p>\n","protected":false},"excerpt":{"rendered":"<p>contact Goethe-University FrankfurtGRK Doing Transitions address:IKB-Geb\u00e4ude, 4th floorEschersheimer Landstra\u00dfe 12160322 Frankfurt am Main postal address:Theodor-W.-Adorno-Platz 1IKB-Geb\u00e4ude, Postfach 360323 Frankfurt am Main coates(at)em.uni-frankfurt.de Lilian Coates studied Sociology, Philosophy and Political Science [&hellip;]<\/p>\n","protected":false},"author":12,"featured_media":0,"parent":503,"menu_order":0,"comment_status":"closed","ping_status":"closed","template":"","meta":{"_genesis_hide_title":false,"_genesis_hide_breadcrumbs":false,"_genesis_hide_singular_image":false,"_genesis_hide_footer_widgets":false,"_genesis_custom_body_class":"","_genesis_custom_post_class":"","_genesis_layout":"","footnotes":""},"wf_page_folders":[16],"class_list":["post-811","page","type-page","status-publish","entry"],"featured_image_src":null,"featured_image_src_square":null,"_links":{"self":[{"href":"https:\/\/doingtransitions.org\/en\/wp-json\/wp\/v2\/pages\/811","targetHints":{"allow":["GET"]}}],"collection":[{"href":"https:\/\/doingtransitions.org\/en\/wp-json\/wp\/v2\/pages"}],"about":[{"href":"https:\/\/doingtransitions.org\/en\/wp-json\/wp\/v2\/types\/page"}],"author":[{"embeddable":true,"href":"https:\/\/doingtransitions.org\/en\/wp-json\/wp\/v2\/users\/12"}],"replies":[{"embeddable":true,"href":"https:\/\/doingtransitions.org\/en\/wp-json\/wp\/v2\/comments?post=811"}],"version-history":[{"count":13,"href":"https:\/\/doingtransitions.org\/en\/wp-json\/wp\/v2\/pages\/811\/revisions"}],"predecessor-version":[{"id":4716,"href":"https:\/\/doingtransitions.org\/en\/wp-json\/wp\/v2\/pages\/811\/revisions\/4716"}],"up":[{"embeddable":true,"href":"https:\/\/doingtransitions.org\/en\/wp-json\/wp\/v2\/pages\/503"}],"wp:attachment":[{"href":"https:\/\/doingtransitions.org\/en\/wp-json\/wp\/v2\/media?parent=811"}],"wp:term":[{"taxonomy":"wf_page_folders","embeddable":true,"href":"https:\/\/doingtransitions.org\/en\/wp-json\/wp\/v2\/wf_page_folders?post=811"}],"curies":[{"name":"wp","href":"https:\/\/api.w.org\/{rel}","templated":true}]}}