{"id":814,"date":"2020-02-03T10:20:28","date_gmt":"2020-02-03T10:20:28","guid":{"rendered":"https:\/\/dev.doingtransitions.org\/?page_id=814"},"modified":"2021-07-26T15:00:27","modified_gmt":"2021-07-26T15:00:27","slug":"lukas-kammerlander","status":"publish","type":"page","link":"https:\/\/doingtransitions.org\/en\/team\/lukas-kammerlander","title":{"rendered":"Lukas Kammerlander, M.A."},"content":{"rendered":"\n<div class=\"wp-block-columns has-2-columns is-layout-flex wp-container-core-columns-is-layout-9d6595d7 wp-block-columns-is-layout-flex\">\n<div class=\"wp-block-column is-layout-flow wp-block-column-is-layout-flow\">\n<figure class=\"wp-block-image size-large is-style-default\"><img decoding=\"async\" width=\"1024\" height=\"684\" data-src=\"https:\/\/doingtransitions.org\/wp-content\/uploads\/2020\/04\/Lukas-4-1-1024x684.jpg\" alt=\"\" class=\"wp-image-1389 lazyload\" data-srcset=\"https:\/\/doingtransitions.org\/wp-content\/uploads\/2020\/04\/Lukas-4-1-1024x684.jpg 1024w, https:\/\/doingtransitions.org\/wp-content\/uploads\/2020\/04\/Lukas-4-1-300x200.jpg 300w, https:\/\/doingtransitions.org\/wp-content\/uploads\/2020\/04\/Lukas-4-1-768x513.jpg 768w, https:\/\/doingtransitions.org\/wp-content\/uploads\/2020\/04\/Lukas-4-1-1536x1025.jpg 1536w, https:\/\/doingtransitions.org\/wp-content\/uploads\/2020\/04\/Lukas-4-1-2048x1367.jpg 2048w, https:\/\/doingtransitions.org\/wp-content\/uploads\/2020\/04\/Lukas-4-1-600x400.jpg 600w\" data-sizes=\"(max-width: 1024px) 100vw, 1024px\" src=\"data:image\/svg+xml;base64,PHN2ZyB3aWR0aD0iMSIgaGVpZ2h0PSIxIiB4bWxucz0iaHR0cDovL3d3dy53My5vcmcvMjAwMC9zdmciPjwvc3ZnPg==\" style=\"--smush-placeholder-width: 1024px; --smush-placeholder-aspect-ratio: 1024\/684;\" \/><\/figure>\n<\/div>\n\n\n\n<div class=\"wp-block-column is-layout-flow wp-block-column-is-layout-flow\">\n<h2 class=\"wp-block-heading\">contact<\/h2>\n\n\n\n<p>Eberhard Karls Universit\u00e4t T\u00fcbingen<\/p>\n\n\n\n<p>Institut f\u00fcr Erziehungswissenschaft |Abteilung Sozialp\u00e4dagogik |<br>GRK Doing Transitions<\/p>\n\n\n\n<p>M\u00fcnzgasse 22<br>72070 T\u00fcbingen<\/p>\n\n\n\n<p>lukas.kammerlander(at)graduiertenkolleg.uni-tuebingen.de<\/p>\n<\/div>\n<\/div>\n\n\n\n<p>Lukas Kammerlander studied \u2018Social Work\u2019 (B.A.) at the University of Applied Sciences Esslingen and \u2018Research and development in social pedagogy\/social work\u2019 (M.A.) at the Eberhard-Karls-Universit\u00e4t T\u00fcbingen. During his studies he worked as a social worker offering pedagogical guidance to volunteers in their voluntary service and as managing director (parental leave representation) of the environmental youth organisation BUNDjugend Baden-W\u00fcrttemberg. Also, he volunteered and was member of the board of the environmental NGOs BUND Baden-W\u00fcrttemberg and BUNDjugend Baden-W\u00fcrttemberg. In his dissertation project, Lukas Kammerlander focusses self-chosen downshifting or complete abandonment of paid work performed by men* using autobiographical narrative interviews and the interpretation method of biographical case reconstruction. As part of the research program of Doing Transitions his project aims to explore the described transition and masculinity constructions on an individual level but also its interrelatedness with discourses on masculinity on a societal level.<\/p>\n\n\n\n<p><strong>Research Project<\/strong><\/p>\n\n\n\n<p>The dissertation project aims to explore\u00a0self-chosen downshifting or complete abandonment of paid work performed by men*. Therefore, data from autobiographical narrative interviews are approached with the means of the method of biographical case reconstruction by Gabriele Rosenthal, focussing biographical geneses and effects of this transition as well as constructions of masculinity performed by the biographers. Thus, the project is linked to the fields of transition studies and critical masculinity studies. The problematisation of yet persisting gendered inequalities underlines the relevance of the subject as well as recent discourses linking masculinities to current global social and ecological crises. At the same time, notions of masculinity got in motion in the post-fordist transformations of work society. Although paid \u2018productive\u2019 work is still key to masculinity ideals, this strong connection remains no longer unquestioned. New masculinity discourses (e.g. active fatherhood, caring masculinities) evolve, hitherto contributing only little changes to hegemonic masculinity constructions. Thus, the performance of downshifting or abandonment of paid work is potentially subversive and certainly colliding with common notions of masculinity. By focussing this transition through biographical case reconstruction, new forms of \u2018alternative masculinities\u2019 might become visible.\u00a0In the research program of Doing Transitions the project aims to explore the described transition on an individual level but also its interrelatedness with discourses on masculinity on a societal level.<\/p>\n\n\n\n<h2 class=\"wp-block-heading\">Publications<\/h2>\n\n\n\n<ul class=\"wp-block-list\"><li>Kammerlander, L.\/ Bliemetsrieder, S. (2020): Menschenrechts- und gerechtigkeitsambitionierte Soziale Arbeit angesichts dr\u00e4ngender \u00f6kologischer und sozialethischer globaler Krisen. In: Sachs, S. (ed.): Krise als Chance zur Bildungswende. In Zeiten der Klimakrise und Coronapandemie. M\u00fcnchen: Utz Verlag, pp. 125-153.<\/li><\/ul>\n\n\n\n<h2 class=\"wp-block-heading\">Lectures and presentations<\/h2>\n\n\n\n<ul class=\"wp-block-list\"><li><em>&#8220;Da will ich ums Verrecken nicht wieder<\/em> <em>zur\u00fcck!\u201c Wie sich Erwerbsarbeit ver\u00e4ndert und<\/em> <em>welche neuen \u00dcberg\u00e4nge das zur Folge hat<\/em>. Lecture in the context of the Studium Generale lecture series &#8220;Doing Transitions &#8211; wie sich \u00dcberg\u00e4nge im Lebenslauf herstellen&#8221;, Eberhard Karls University T\u00fcbingen, 22 July 2021, together with Elisa Thevenot<\/li><li><em>Men in Germany opting out of full-time-jobs &#8211; an illustration of positionings vis-\u00e0-vis age on the basis of an empirical example<\/em>. Presentation as part of the panel &#8220;Linking Ages&#8221; at the World Education Research Association (WERA) conference, 07-09 July 2021, Santiago de Compostela.<\/li><li><em>Has Breadwinning.exe stopped working?<\/em> Presentation at the conference &#8220;M\u00e4nnlichkeiten aufbrechen&#8221;, Friedrich Schiller University Jena 12 March 2021<\/li><li>Exit Breadwinning. Poster presentation at the international conference &#8220;Doing Transitions in the Life Course&#8221;: 17-19  February 2020, Eberhard Karls University T\u00fcbingen.<\/li><\/ul>\n\n\n\n<h2 class=\"wp-block-heading\">Teaching<\/h2>\n\n\n\n<ul class=\"wp-block-list\"><li>\u00dcberg\u00e4nge im Lebenslauf, Esslingen University of Applied Science, winter term 2020\/21, together with Victoria Heuschele<\/li><\/ul>\n\n\n\n<h2 class=\"wp-block-heading\">Memberships<\/h2>\n\n\n\n<ul class=\"wp-block-list\"><li><a href=\"https:\/\/www.dgfe.de\/en\/about-dgfe-gera\" target=\"_blank\" rel=\"noreferrer noopener\">German Educational Research Association (GERA\/DGfE)<\/a>, Division 8 &#8211; Social Pedagogy and Early Childhood Education and Division 11 &#8211; Gender Studies and Education<\/li><\/ul>\n\n\n\n<p><\/p>\n","protected":false},"excerpt":{"rendered":"<p>contact Eberhard Karls Universit\u00e4t T\u00fcbingen Institut f\u00fcr Erziehungswissenschaft |Abteilung Sozialp\u00e4dagogik |GRK Doing Transitions M\u00fcnzgasse 2272070 T\u00fcbingen lukas.kammerlander(at)graduiertenkolleg.uni-tuebingen.de Lukas Kammerlander studied \u2018Social Work\u2019 (B.A.) at the University of Applied Sciences Esslingen [&hellip;]<\/p>\n","protected":false},"author":20,"featured_media":0,"parent":503,"menu_order":0,"comment_status":"closed","ping_status":"closed","template":"","meta":{"_genesis_hide_title":false,"_genesis_hide_breadcrumbs":false,"_genesis_hide_singular_image":false,"_genesis_hide_footer_widgets":false,"_genesis_custom_body_class":"","_genesis_custom_post_class":"","_genesis_layout":"","footnotes":""},"wf_page_folders":[16],"class_list":["post-814","page","type-page","status-publish","entry"],"featured_image_src":null,"featured_image_src_square":null,"_links":{"self":[{"href":"https:\/\/doingtransitions.org\/en\/wp-json\/wp\/v2\/pages\/814","targetHints":{"allow":["GET"]}}],"collection":[{"href":"https:\/\/doingtransitions.org\/en\/wp-json\/wp\/v2\/pages"}],"about":[{"href":"https:\/\/doingtransitions.org\/en\/wp-json\/wp\/v2\/types\/page"}],"author":[{"embeddable":true,"href":"https:\/\/doingtransitions.org\/en\/wp-json\/wp\/v2\/users\/20"}],"replies":[{"embeddable":true,"href":"https:\/\/doingtransitions.org\/en\/wp-json\/wp\/v2\/comments?post=814"}],"version-history":[{"count":4,"href":"https:\/\/doingtransitions.org\/en\/wp-json\/wp\/v2\/pages\/814\/revisions"}],"predecessor-version":[{"id":2461,"href":"https:\/\/doingtransitions.org\/en\/wp-json\/wp\/v2\/pages\/814\/revisions\/2461"}],"up":[{"embeddable":true,"href":"https:\/\/doingtransitions.org\/en\/wp-json\/wp\/v2\/pages\/503"}],"wp:attachment":[{"href":"https:\/\/doingtransitions.org\/en\/wp-json\/wp\/v2\/media?parent=814"}],"wp:term":[{"taxonomy":"wf_page_folders","embeddable":true,"href":"https:\/\/doingtransitions.org\/en\/wp-json\/wp\/v2\/wf_page_folders?post=814"}],"curies":[{"name":"wp","href":"https:\/\/api.w.org\/{rel}","templated":true}]}}