{"id":820,"date":"2020-02-03T10:27:27","date_gmt":"2020-02-03T10:27:27","guid":{"rendered":"https:\/\/dev.doingtransitions.org\/?page_id=820"},"modified":"2025-08-26T12:35:50","modified_gmt":"2025-08-26T12:35:50","slug":"elisa-thevenot","status":"publish","type":"page","link":"https:\/\/doingtransitions.org\/en\/team\/elisa-thevenot","title":{"rendered":"Elisa Thevenot"},"content":{"rendered":"\n<div class=\"wp-block-columns has-2-columns is-layout-flex wp-container-core-columns-is-layout-9d6595d7 wp-block-columns-is-layout-flex\">\n<div class=\"wp-block-column is-layout-flow wp-block-column-is-layout-flow\">\n<figure class=\"wp-block-image size-large is-style-default\"><img decoding=\"async\" width=\"1024\" height=\"684\" data-src=\"https:\/\/doingtransitions.org\/wp-content\/uploads\/2020\/04\/Elisa-Thevenot-1-1024x684.jpg\" alt=\"\" class=\"wp-image-1398 lazyload\" data-srcset=\"https:\/\/doingtransitions.org\/wp-content\/uploads\/2020\/04\/Elisa-Thevenot-1-1024x684.jpg 1024w, https:\/\/doingtransitions.org\/wp-content\/uploads\/2020\/04\/Elisa-Thevenot-1-300x200.jpg 300w, https:\/\/doingtransitions.org\/wp-content\/uploads\/2020\/04\/Elisa-Thevenot-1-768x513.jpg 768w, https:\/\/doingtransitions.org\/wp-content\/uploads\/2020\/04\/Elisa-Thevenot-1-1536x1026.jpg 1536w, https:\/\/doingtransitions.org\/wp-content\/uploads\/2020\/04\/Elisa-Thevenot-1-2048x1368.jpg 2048w, https:\/\/doingtransitions.org\/wp-content\/uploads\/2020\/04\/Elisa-Thevenot-1-600x400.jpg 600w\" data-sizes=\"(max-width: 1024px) 100vw, 1024px\" src=\"data:image\/svg+xml;base64,PHN2ZyB3aWR0aD0iMSIgaGVpZ2h0PSIxIiB4bWxucz0iaHR0cDovL3d3dy53My5vcmcvMjAwMC9zdmciPjwvc3ZnPg==\" style=\"--smush-placeholder-width: 1024px; --smush-placeholder-aspect-ratio: 1024\/684;\" \/><\/figure>\n<\/div>\n\n\n\n<div class=\"wp-block-column is-layout-flow wp-block-column-is-layout-flow\">\n<h2 class=\"wp-block-heading\">Contact<\/h2>\n\n\n\n<p>Eberhard Karls Universit\u00e4t T\u00fcbingen<\/p>\n\n\n\n<p>Institute of Education\nGRK Doing Transitions<\/p>\n\n\n\n<p>M\u00fcnzgasse 30<\/p>\n\n\n\n<p>72070 T\u00fcbingen<\/p>\n\n\n\n<p>elisa.thevenot(at)graduiertenkolleg.uni-tuebingen.de<\/p>\n\n\n\n<p>+49 (0)176 99792499<\/p>\n\n\n\n<p><a href=\"https:\/\/doingtransitions.org\/wp-content\/uploads\/2025\/08\/Elisa_CV_Aug.2025.pdf\" data-type=\"attachment\" data-id=\"5789\">CV Elisa Thevenot<\/a><\/p>\n<\/div>\n<\/div>\n\n\n\n<p>Elisa Thevenot is a postdoctoral researcher in the Department of Social Pedagogy at the Institute of Education, University of T\u00fcbingen. Since September 2025 she is postdoc fellow of the Margarete-von-Wrangell Programme and conducting a research project <em>\u201c<\/em>Doing Youth by Making (Commons) Space<em>\u201d<\/em> under the supervision of Jun.-Prof. Ya\u011fmur Mengilli. The project investigates youth cultural practices and informal learning processes in socio-ecological experimental settings also known as commons spaces.<\/p>\n\n\n\n<p>From 2020 to 2024, she was a research associate at the Institute of Education at the University of T\u00fcbingen and a fellow of the second cohort of the DFG Research Training Group <em>\u201cDoing Transitions\u201d<\/em><\/p>\n\n\n\n<p>PhD Topic<strong> Working Out Sustainability in Transition<\/strong> <strong>\u2013 Empirical reconstruction of work life trajectories within the sustainability context<\/strong><\/p>\n\n\n\n<p>How do individuals make sense of sustainability transitions through work? How through biographical narratives are sustainability transitions related to life courses, embedded in personal stories and used to explain life course transitions? Exploring the concept of sustainability from a subject level perspective opens up many questions about: subjectivation processes, learning processes and micro social practices in the context of rapid social change related to the sustainability context.<\/p>\n\n\n\n<p>For this qualitative research project, biographical work-life narratives were conducted with individuals contemplating a reorientation of their professional activities in accordance with their understanding of sustainability transitions. The analysis using a Documentary Method approach consisted in reconstructing implicit meaning given to career transition experiences and how it informs contemporary approaches to doing sustainability through work.&nbsp;<\/p>\n\n\n\n<p>The findings highlight the importance of personal narratives in shaping sustainability transitions and underscore the biographical learning processes embedded in contemporary work transitions. The research contributes to the development of a new field at the intersection of adult education and sustainability transitions, focusing on individual meaning-making and coping strategies in response to sustainability challenges \u2013 offering a complementary perspective to the established emphasis on education for sustainable development.<\/p>\n\n\n\n<h2 class=\"wp-block-heading\">PUBLICATIONS<\/h2>\n\n\n\n<p class=\"is-style-default\">Thevenot, E. (2025). Learning from Rhythms: Navigating Personal Life Transitions at the Intersection of Work and Sustainability. In M. Bernhard, S. Billett, C. Hof, K. Kraus, V. J. Marsick, &amp; P. H. Sawchuk (Eds.), Adult Education in Changing Times: Learning at the Nexus of Life, Work, and Transitions. Routledge. (forthcoming)<br>Thevenot, E. (2025). Biographical learning in the context of sustainability transitions: Conceptual reflections and Methodological insights. Studies in Adult Education and Learning. (forthcoming)<br>Schmeiduch, L., &amp; Thevenot, E. (2025). Lifelong learning in sustainability-led initiatives: Exploring their learning potential along the reworked four pillars of education. International Review of Education \u2013 Journal of Lifelong Learning. https:\/\/doi.org\/10.1007\/s11159-024-10122-<br>Thevenot, E., &amp; Hof, C. (2024). Den Widerspr\u00fcchen einen Sinn geben: Biografisches Lernen berufst\u00e4tiger Erwachsener im Kontext der Anforderung von Nachhaltigkeit. [Meaning-Making Amid Contradictions: Biographical Learning of Working Adults in the Context of Sustainability Imperatives] Zeitschrift f\u00fcr Weiterbildungsforschung, 47(3), 533-549. https:\/\/doi.org\/10.1007\/s40955-024-00295-9<br>Thevenot, E. (2022). Quand le d\u00e9veloppement durable devient un projet professionnel : reconstruction des pratiques d\u2019acteurs abordant la transition \u00e9cologique par le travail [When Sustainable Development Becomes a Professional Project: Reconstructing the Practices of Actors Approaching Ecological Transition Through Work]., Le Monde du travail face aux d\u00e9fis de la transition \u00e9cologique, Chroniques du Travail, 12, 175-197.<\/p>\n\n\n\n<h2 class=\"wp-block-heading\">CONFERENCE PRESENTATIONS (LATEST)<\/h2>\n\n\n\n<p class=\"is-style-default\">09\/2025 \u2013 \u201cUsing rhythmanalysis to understand the temporal disharmony of environmental transitions issues faced by adult learners\u201d presentation for the Symposium Temporalities in dialogue: a stake for education in environmental transitions, in ESREA Triennial Conference, Prague.<br>03\/2024 \u201cLife Course and Transitions\u201d in the ESREA STREAM Network research Symposium \u201cSpaces and Times of Transitions\u201d. Online. Recording: www.youtube.com\/channel\/UCXAsOkeInX4OQdzWhOjoTcA<br>09\/2023 \u201cTime to combine work and sustainability: learning to accommodate rhythms.\u201d presentation for the event \u2018Adult Learning at the Nexus of Life Course, Work &amp; Transitions\u2019, Goethe University Frankfurt (https:\/\/adult-learning.de\/)<br>08\/2023 \u201cWhen sustainability becomes something professional: Diverse ways of learning between Work &amp; Sustainable Development\u201d in symposium \u2018Understanding Transitions to and Through Working Life: Concepts, Methods and Procedural Imperatives\u2019 at the ECER (European Conference on Educational Research) Glasgow<\/p>\n\n\n\n<h2 class=\"wp-block-heading\">TEACHING (CURRENT)<\/h2>\n\n\n\n<p class=\"is-style-default\">WS 25\/26 \u2013 BA-Seminar: \u201eEnvironmental Justice from the perspective of Social Work\u201d. Institut f\u00fcr Erziehungswissenschaft, Universit\u00e4t T\u00fcbingen.<br>WS 25\/26 \u2013 BA-Seminar: \u201eKindheit als Gemeinschaftsaufgabe \u2013 Institut f\u00fcr Erziehungswissenschaft, Universit\u00e4t T\u00fcbingen.<br>WS 25\/26 \u2013 Blockseminar: \u201ePolykrise: ein neues Schlagwort und seine Bedeutung f\u00fcr die Nachhaltigkeit\u201d. Seminar. Studium Oecologicum Programme. University of T\u00fcbingen<br>SS 25 &#8211; BA-Blockseminar: \u201eNachhaltigkeit als Herausforderung professionellen erwachsenenp\u00e4dagogischen Handelns\u201d. Institut f\u00fcr Sozialp\u00e4dagogik und Erwachsenenbildung. Goethe University Frankfurt<br>SS 25 \u2013 BA-Blockseminar: \u201eHands-on qualitative Forschung: Selber ausprobieren und Verstehen\u201d. Institut f\u00fcr Sozialp\u00e4dagogik und Erwachsenenbildung. Goethe University Frankfurt<br>WS 24 &#8211; Lehrauftrag: \u201cWie lassen sich Schule und Nachhaltigkeit zusammendenken?\u201c Lehramt Studium (Teachers College). Blockseminar. Goethe University Frankfurt<\/p>\n\n\n\n<h2 class=\"wp-block-heading\">NETWORKS<\/h2>\n\n\n\n<p class=\"is-style-default\">European Society for Research on the Education of Adults (ESREA)<br>Network: Spaces, Times, and the Rhythms of the Education of Adults and its Movements (S.T.R.E.A.M)<br>Association Francaise de Sociologie (AFS)<br>Working Group (active participation): RT22 Parcours de Vie et Dynamiques Sociales (monthly meetings)<br>Deutsche Gesellschaft f\u00fcr Erziehungswissenschaft (DGfE)<br>Working Group: Erwachsenenbildung<br>TepLab (Laboratory for Teaching Practices)<\/p>\n\n\n\n<p><br><\/p>\n","protected":false},"excerpt":{"rendered":"<p>Contact Eberhard Karls Universit\u00e4t T\u00fcbingen Institute of Education GRK Doing Transitions M\u00fcnzgasse 30 72070 T\u00fcbingen elisa.thevenot(at)graduiertenkolleg.uni-tuebingen.de +49 (0)176 99792499 CV Elisa Thevenot Elisa Thevenot is a postdoctoral researcher in the [&hellip;]<\/p>\n","protected":false},"author":21,"featured_media":0,"parent":503,"menu_order":0,"comment_status":"closed","ping_status":"closed","template":"","meta":{"_genesis_hide_title":false,"_genesis_hide_breadcrumbs":false,"_genesis_hide_singular_image":false,"_genesis_hide_footer_widgets":false,"_genesis_custom_body_class":"","_genesis_custom_post_class":"","_genesis_layout":"","footnotes":""},"wf_page_folders":[16],"class_list":["post-820","page","type-page","status-publish","entry"],"featured_image_src":null,"featured_image_src_square":null,"_links":{"self":[{"href":"https:\/\/doingtransitions.org\/en\/wp-json\/wp\/v2\/pages\/820","targetHints":{"allow":["GET"]}}],"collection":[{"href":"https:\/\/doingtransitions.org\/en\/wp-json\/wp\/v2\/pages"}],"about":[{"href":"https:\/\/doingtransitions.org\/en\/wp-json\/wp\/v2\/types\/page"}],"author":[{"embeddable":true,"href":"https:\/\/doingtransitions.org\/en\/wp-json\/wp\/v2\/users\/21"}],"replies":[{"embeddable":true,"href":"https:\/\/doingtransitions.org\/en\/wp-json\/wp\/v2\/comments?post=820"}],"version-history":[{"count":29,"href":"https:\/\/doingtransitions.org\/en\/wp-json\/wp\/v2\/pages\/820\/revisions"}],"predecessor-version":[{"id":6330,"href":"https:\/\/doingtransitions.org\/en\/wp-json\/wp\/v2\/pages\/820\/revisions\/6330"}],"up":[{"embeddable":true,"href":"https:\/\/doingtransitions.org\/en\/wp-json\/wp\/v2\/pages\/503"}],"wp:attachment":[{"href":"https:\/\/doingtransitions.org\/en\/wp-json\/wp\/v2\/media?parent=820"}],"wp:term":[{"taxonomy":"wf_page_folders","embeddable":true,"href":"https:\/\/doingtransitions.org\/en\/wp-json\/wp\/v2\/wf_page_folders?post=820"}],"curies":[{"name":"wp","href":"https:\/\/api.w.org\/{rel}","templated":true}]}}