{"id":90,"date":"2019-08-19T13:00:39","date_gmt":"2019-08-19T13:00:39","guid":{"rendered":"https:\/\/dev.doingtransitions.org\/?page_id=90"},"modified":"2019-10-13T15:49:41","modified_gmt":"2019-10-13T15:49:41","slug":"contact","status":"publish","type":"page","link":"https:\/\/doingtransitions.org\/en\/contact","title":{"rendered":"Contact"},"content":{"rendered":"\n<p><strong>Goethe-Universit\u00e4t Frankfurt<\/strong><br>Institut f\u00fcr Sozialp\u00e4dagogik und Erwachsenenbildung<br>Theodor-W.-Adorno-Platz 6<br>60629 Frankfurt am Main<\/p>\n\n\n\n<p><strong>Eberhard Karls Universit\u00e4t T\u00fcbingen<\/strong><br>Institut f\u00fcr Erziehungswissenschaft<br>M\u00fcnzgasse 22-30<br>72070 T\u00fcbingen<\/p>\n","protected":false},"excerpt":{"rendered":"<p>Goethe-Universit\u00e4t FrankfurtInstitut f\u00fcr Sozialp\u00e4dagogik und ErwachsenenbildungTheodor-W.-Adorno-Platz 660629 Frankfurt am Main Eberhard Karls Universit\u00e4t T\u00fcbingenInstitut f\u00fcr ErziehungswissenschaftM\u00fcnzgasse 22-3072070 T\u00fcbingen<\/p>\n","protected":false},"author":1,"featured_media":0,"parent":0,"menu_order":0,"comment_status":"closed","ping_status":"closed","template":"","meta":{"_genesis_hide_title":false,"_genesis_hide_breadcrumbs":false,"_genesis_hide_singular_image":false,"_genesis_hide_footer_widgets":false,"_genesis_custom_body_class":"","_genesis_custom_post_class":"","_genesis_layout":"","footnotes":""},"wf_page_folders":[19],"class_list":["post-90","page","type-page","status-publish","entry"],"featured_image_src":null,"featured_image_src_square":null,"_links":{"self":[{"href":"https:\/\/doingtransitions.org\/en\/wp-json\/wp\/v2\/pages\/90","targetHints":{"allow":["GET"]}}],"collection":[{"href":"https:\/\/doingtransitions.org\/en\/wp-json\/wp\/v2\/pages"}],"about":[{"href":"https:\/\/doingtransitions.org\/en\/wp-json\/wp\/v2\/types\/page"}],"author":[{"embeddable":true,"href":"https:\/\/doingtransitions.org\/en\/wp-json\/wp\/v2\/users\/1"}],"replies":[{"embeddable":true,"href":"https:\/\/doingtransitions.org\/en\/wp-json\/wp\/v2\/comments?post=90"}],"version-history":[{"count":1,"href":"https:\/\/doingtransitions.org\/en\/wp-json\/wp\/v2\/pages\/90\/revisions"}],"predecessor-version":[{"id":91,"href":"https:\/\/doingtransitions.org\/en\/wp-json\/wp\/v2\/pages\/90\/revisions\/91"}],"wp:attachment":[{"href":"https:\/\/doingtransitions.org\/en\/wp-json\/wp\/v2\/media?parent=90"}],"wp:term":[{"taxonomy":"wf_page_folders","embeddable":true,"href":"https:\/\/doingtransitions.org\/en\/wp-json\/wp\/v2\/wf_page_folders?post=90"}],"curies":[{"name":"wp","href":"https:\/\/api.w.org\/{rel}","templated":true}]}}